{"id":78921,"date":"2026-05-14T09:36:00","date_gmt":"2026-05-14T09:36:00","guid":{"rendered":"https:\/\/elektrons.lv\/Prece\/memory-card-sandisk-extreme-pro-sdxc-128gb-200-90-mb-s-uhs-i-u3-sdsdxxd-128g-gn4in\/"},"modified":"2026-05-15T16:19:05","modified_gmt":"2026-05-15T14:19:05","slug":"memory-card-sandisk-extreme-pro-sdxc-128gb-200-90-mb-s-uhs-i-u3-sdsdxxd-128g-gn4in","status":"publish","type":"product","link":"https:\/\/elektrons.lv\/lv\/Prece\/memory-card-sandisk-extreme-pro-sdxc-128gb-200-90-mb-s-uhs-i-u3-sdsdxxd-128g-gn4in\/","title":{"rendered":"Memory card SANDISK EXTREME PRO SDXC 128GB 200\/90 MB\/s UHS-I U3  (SDSDXXD-128G-GN4IN)"},"content":{"rendered":"<h3>SANDISK EXTREME PRO SDXC 128GB 200\/90 MB\/s UHS-I U3 memory card (SDSDXXD-128G-GN4IN)<\/h3>\n<p>Take your creativity to the next level with the SD\u2122 UHS-I card, this advanced card will give you the performance you dream of. Record smooth 4K UHD videos, thanks to a write speed of up to 90 MB\/s and UHS 3 (U3) recording speed class. It&#8217;s also not going to delay your work in post-production &#8211; it guarantees data transfer speeds of up to 200 MB\/s. That&#8217;s not all! The card is prepared for different weather conditions &#8211; waterproof or shockproof allows you to work in different circumstances.<\/p>\n<p><img decoding=\"async\" src=\"https:\/\/b2b.innpro.pl\/data\/include\/cms\/Sandisk\/SDSDXXY-128G-GN4IN\/3.jpg\"><\/p>\n<h3>Fast transfer<\/h3>\n<p>Taking photos is not everything, efficient transfer and seamless post-production are also important, and this is possible, thanks to the transfer speed of up to 200 MB\/s. The ability to work faster will take your work to the next level!<\/p>\n<p><img decoding=\"async\" src=\"https:\/\/b2b.innpro.pl\/data\/include\/cms\/Sandisk\/SDSDXXY-128G-GN4IN\/4.jpg\"><\/p>\n<h3>Ideal for recording and continuous shooting<\/h3>\n<p>With the SanDisk Extreme PRO\u00ae SD\u2122 UHS-I card, you&#8217;ll get the performance you&#8217;ve been dreaming of &#8211; allowing you to smoothly record superb 4K UHD video. UHS Speed Class 3 (U3) and Video Speed Class 30 (V30) allow you to record continuous shooting instantly, without unnecessary or annoying jams.<\/p>\n<p><img decoding=\"async\" src=\"https:\/\/b2b.innpro.pl\/data\/include\/cms\/Sandisk\/SDSDXXY-128G-GN4IN\/2.jpg\"><\/p>\n<h3>The durability you want<\/h3>\n<p>The card is designed to find its way even in tough conditions. SanDisk Extreme PRO\u00ae SD\u2122 UHS-I is temperature, shock, water and X-ray resistant. And that&#8217;s not all! If you accidentally lose all your materials, don&#8217;t fret! SanDisk offers data recovery software &#8211; RescuePRO\u00ae Deluxe (software must be downloaded separately).<\/p>\n<p><img decoding=\"async\" src=\"https:\/\/b2b.innpro.pl\/data\/include\/cms\/Sandisk\/SDSDXXY-128G-GN4IN\/1.jpg\"><\/p>\n<div class=\"table-wrapper\">\n<table>\n<tbody>\n<tr>\n<th>Z\u012bmols<\/th>\n<td>Sandisk<\/td>\n<\/tr>\n<tr>\n<th>Modelis<\/th>\n<td>SDSDXXD-128G-GN4IN<\/td>\n<\/tr>\n<tr>\n<th>Produkta svars<\/th>\n<td>0.002 kg<\/td>\n<\/tr>\n<tr>\n<th>Svars ar iepakojumu<\/th>\n<td>0.013 kg<\/td>\n<\/tr>\n<tr>\n<th>Kapacit\u0101te<\/th>\n<td>128 GB<\/td>\n<\/tr>\n<tr>\n<th>Read speed<\/th>\n<td>200 MB\/s<\/td>\n<\/tr>\n<tr>\n<th>Recording speed<\/th>\n<td>90 MB\/s<\/td>\n<\/tr>\n<\/tbody>\n<\/table>\n<\/div>","protected":false},"excerpt":{"rendered":"<p>SANDISK EXTREME PRO SDXC 128GB 200\/90 MB\/s UHS-I U3 memory card (SDSDXXD-128G-GN4IN) Take your creativity to the next level with the SD\u2122 UHS-I card, this advanced card will give you the performance you dream of. Record smooth 4K UHD videos, thanks to a write speed of up to 90 MB\/s and UHS 3 (U3) recording [&#8230;]\n","protected":false},"featured_media":103418,"comment_status":"open","ping_status":"closed","template":"","meta":[],"location":[19557,19558],"product_brand":[],"product_cat":[13169],"product_tag":[],"class_list":{"0":"post-78921","1":"product","2":"type-product","3":"status-publish","4":"has-post-thumbnail","6":"location-innpro_stock_location","7":"location-local_stock_location","8":"product_cat-memory-cards","10":"first","11":"outofstock","12":"taxable","13":"shipping-taxable","14":"purchasable","15":"product-type-simple"},"aioseo_notices":[],"locations":[{"id":19557,"name":"Pieg\u0101d\u0101ja noliktav\u0101 (5-7dd.d)","slug":"innpro_stock_location","quantity":"0"},{"id":19558,"name":"R\u012bgas veikals (0-2dd.d)","slug":"local_stock_location","quantity":"0"}],"_links":{"self":[{"href":"https:\/\/elektrons.lv\/lv\/wp-json\/wp\/v2\/product\/78921","targetHints":{"allow":["GET"]}}],"collection":[{"href":"https:\/\/elektrons.lv\/lv\/wp-json\/wp\/v2\/product"}],"about":[{"href":"https:\/\/elektrons.lv\/lv\/wp-json\/wp\/v2\/types\/product"}],"replies":[{"embeddable":true,"href":"https:\/\/elektrons.lv\/lv\/wp-json\/wp\/v2\/comments?post=78921"}],"wp:featuredmedia":[{"embeddable":true,"href":"https:\/\/elektrons.lv\/lv\/wp-json\/wp\/v2\/media\/103418"}],"wp:attachment":[{"href":"https:\/\/elektrons.lv\/lv\/wp-json\/wp\/v2\/media?parent=78921"}],"wp:term":[{"taxonomy":"location","embeddable":true,"href":"https:\/\/elektrons.lv\/lv\/wp-json\/wp\/v2\/location?post=78921"},{"taxonomy":"product_brand","embeddable":true,"href":"https:\/\/elektrons.lv\/lv\/wp-json\/wp\/v2\/product_brand?post=78921"},{"taxonomy":"product_cat","embeddable":true,"href":"https:\/\/elektrons.lv\/lv\/wp-json\/wp\/v2\/product_cat?post=78921"},{"taxonomy":"product_tag","embeddable":true,"href":"https:\/\/elektrons.lv\/lv\/wp-json\/wp\/v2\/product_tag?post=78921"}],"curies":[{"name":"wp","href":"https:\/\/api.w.org\/{rel}","templated":true}]}}