{"id":78938,"date":"2026-05-14T09:36:02","date_gmt":"2026-05-14T09:36:02","guid":{"rendered":"https:\/\/elektrons.lv\/Prece\/ultrasonic-humidifier-deerma-f600-black\/"},"modified":"2026-05-14T12:05:51","modified_gmt":"2026-05-14T12:05:51","slug":"ultrasonic-humidifier-deerma-f600-black","status":"publish","type":"product","link":"https:\/\/elektrons.lv\/lv\/Prece\/ultrasonic-humidifier-deerma-f600-black\/","title":{"rendered":"Ultraska\u0146as mitrin\u0101t\u0101js Deerma F600 black"},"content":{"rendered":"<h3>Deerma F600 ultrasonic air humidifier<\/h3>\n<p>With the F600 you will get the optimal level of air humidification in your home and take care of the health of yourself and your loved ones. The device has a capacious water tank (5l) and allows you to adjust the degree of air humidification according to your needs. A touch panel with a display will provide you with information on the operation of the device, and a schedule function will allow you to personalize the operation of the F600. In addition, the stylish, modern design of the device will blend into almost any interior and will be a unique decoration of the room.<\/p>\n<p><img decoding=\"async\" src=\"https:\/\/b2b.innpro.pl\/data\/include\/cms\/12Deerma\/F600-black\/6.jpg\"><\/p>\n<h3>Uzticama pal\u012bdz\u012bba, r\u016bp\u0113joties par savu labsaj\u016btu<\/h3>\n<p>Very many factors affect your health &#8211; these include temperature and air humidity. It is worth being aware of this and taking care of optimal conditions in the places where you stay most often. A Deerma humidifier will enable you to do this &#8211; with its help you will ensure a healthy, properly humidified environment in which you will spend your time pleasantly and safely.<\/p>\n<p><img decoding=\"async\" src=\"https:\/\/b2b.innpro.pl\/data\/include\/cms\/12Deerma\/F600-black\/5.jpg\"><\/p>\n<h3>Izstr\u0101d\u0101ts \u012bpa\u0161i jums<\/h3>\n<p>P\u0101rdom\u0101ts mitrin\u0101t\u0101ja dizains padara to \u0101rk\u0101rt\u012bgi efekt\u012bvu un dro\u0161u vienlaikus \u012apa\u0161s p\u0101rkl\u0101jums efekt\u012bvi nov\u0113r\u0161 pies\u0101r\u0146ojumu un bakt\u0113riju aug\u0161anu T\u0101tad j\u016bs varat b\u016bt p\u0101rliecin\u0101ti, ka atbr\u012bvot\u0101 \u016bdens migla ir lieliski att\u012br\u012bta un dro\u0161a vesel\u012bbai.<\/p>\n<p><img decoding=\"async\" src=\"https:\/\/b2b.innpro.pl\/data\/include\/cms\/12Deerma\/F600-black\/1.jpg\"><\/p>\n<h3>P\u0101rsteidzo\u0161i vienk\u0101r\u0161a darb\u012bba<\/h3>\n<p>Mitrin\u0101t\u0101ja darbin\u0101\u0161ana ir \u0101rk\u0101rt\u012bgi vienk\u0101r\u0161a Viss, kas Jums j\u0101dara, ir ielej \u016bdeni speci\u0101laj\u0101 tvertn\u0113, uzskr\u016bv\u0113jiet v\u0101ci\u0146u un nospiediet iesl\u0113g\u0161anas pogu Tas ir viss, kas nepiecie\u0161ams, lai baud\u012btu mitrin\u0101tu gaisu! Jums ar\u012b nav j\u0101uztraucas par nepiecie\u0161am\u012bbu p\u0113c bie\u017e\u0101m \u016bdens mai\u0146\u0101m \u2013 tvertnes ietilp\u012bba ir pat 5 l, kas \u013cauj veikt vair\u0101kas stundas intens\u012bvu darbu Jums tikai reizi dien\u0101 j\u0101uzpilda \u016bdens!<\/p>\n<p><img decoding=\"async\" src=\"https:\/\/b2b.innpro.pl\/data\/include\/cms\/12Deerma\/F600-black\/7.jpg\"><\/p>\n<h3>\u0100tri p\u0101rbaudiet interes\u0113jo\u0161o inform\u0101ciju<\/h3>\n<p>Ier\u012bces darb\u012bbu atvieglo viedais sk\u0101rienpanelis ar digit\u0101lu, ac\u012bm draudz\u012bgu displeju Ar to var p\u0101rbaud\u012bt telpas temperat\u016bru re\u0101llaik\u0101 Var izv\u0113l\u0113ties ar\u012b interes\u0113jo\u0161o mitrin\u0101t\u0101ja re\u017e\u012bmu Sk\u0101rienpanelis priec\u0113s ar pogu jut\u012bgumu \u2013 to reakcijas laiks tie\u0161\u0101m ir ziben\u012bgi \u0101trs.<\/p>\n<p><img decoding=\"async\" src=\"https:\/\/b2b.innpro.pl\/data\/include\/cms\/12Deerma\/F600-black\/8.jpg\"><\/p>\n<h3>Mitrin\u0101t\u0101js piel\u0101gots no jums<\/h3>\n<p>J\u016bs varat viegli piel\u0101got mitrin\u0101t\u0101ju Deerma F600 sav\u0101m vajadz\u012bb\u0101m, Ejot gul\u0113t, varat iesl\u0113gt nakts re\u017e\u012bmu, kas izsl\u0113gs displeju \u2013 nevajadz\u012bga gaisma netrauc\u0113s j\u016bsu miegu Jums ir ar\u012b iesp\u0113ja iestat\u012bt grafiku, lai ier\u012bce darbotos l\u012bdz 12 stund\u0101m \u2013 mitrin\u0101t\u0101js autom\u0101tiski izsl\u0113gsies p\u0113c iestat\u012bt\u0101 laika J\u016bs varat ar\u012b izlemt par izsmidzin\u0101t\u0101s miglas jaudu Br\u012bvi p\u0101rsl\u0113gties starp trim pieejamajiem l\u012bme\u0146iem un piel\u0101got izdal\u012bt\u0101 \u016bdens daudzumu atbilsto\u0161i sav\u0101m v\u0113lm\u0113m Deerma F600 sniedz Jums daudz iesp\u0113ju \u2013 izm\u0113\u0123iniet t\u0101s visas!<\/p>\n<p><img decoding=\"async\" src=\"https:\/\/b2b.innpro.pl\/data\/include\/cms\/12Deerma\/F600-black\/4.jpg\"><\/p>\n<h3>Atp\u016bties<\/h3>\n<p>This is not the end of the Deerma humidifier&#8217;s advantages. The device is equipped with a special drawer, to which you can add a few drops of your favorite fragrance oil. Thanks to this you will fill the room with a pleasant aroma and take care of your well-being.<\/p>\n<p><img decoding=\"async\" src=\"https:\/\/b2b.innpro.pl\/data\/include\/cms\/12Deerma\/F600-black\/3.jpg\"><\/p>\n<h3>Univers\u0101ls dizains<\/h3>\n<p>What else characterizes the Deerma F600 humidifier is its minimalist, stylish design. The device is made of durable ABS plastic, and its smooth surface makes cleaning no problem. Hidden under the lid of the humidifier, a convenient handle allows you to carry the water tank freely &#8211; for example, to wash it. A transparent water level indicator allows you to quickly see how much water is left and whether you need to refill it soon. With its black and gold finish, the Deerma F600 can become an elegant and practical addition to any interior. It will certainly find its way perfectly into your home as well!<\/p>\n<p><img decoding=\"async\" src=\"https:\/\/b2b.innpro.pl\/data\/include\/cms\/12Deerma\/F600-black\/13.jpg\"><\/p>\n<div class=\"table-wrapper\">\n<table>\n<tbody>\n<tr>\n<th>Ra\u017eot\u0101js<\/th>\n<td>Deerma<\/td>\n<\/tr>\n<tr>\n<th>Modelis<\/th>\n<td>F600<\/td>\n<\/tr>\n<tr>\n<th>Nomin\u0101lais spriegums<\/th>\n<td>220-240V~50\/60Hz<\/td>\n<\/tr>\n<tr>\n<th>Nomin\u0101l\u0101 jauda<\/th>\n<td>25 W<\/td>\n<\/tr>\n<tr>\n<th>Izm\u0113ri<\/th>\n<td>210 \u00d7 210 \u00d7 330 mm<\/td>\n<\/tr>\n<tr>\n<th>Tvertnes ietilp\u012bba<\/th>\n<td>5 l<\/td>\n<\/tr>\n<tr>\n<th>Kr\u0101sa<\/th>\n<td>melns<\/td>\n<\/tr>\n<tr>\n<th>Aromterapija<\/th>\n<td>J\u0101<\/td>\n<\/tr>\n<\/tbody>\n<\/table>\n<\/div>","protected":false},"excerpt":{"rendered":"<p>Deerma F600 ultrasonic air humidifier With the F600 you will get the optimal level of air humidification in your home and take care of the health of yourself and your loved ones. The device has a capacious water tank (5l) and allows you to adjust the degree of air humidification according to your needs. A [&#8230;]\n","protected":false},"featured_media":103338,"comment_status":"open","ping_status":"closed","template":"","meta":[],"location":[19557,19558],"product_brand":[],"product_cat":[12402],"product_tag":[],"class_list":{"0":"post-78938","1":"product","2":"type-product","3":"status-publish","4":"has-post-thumbnail","6":"location-innpro_stock_location","7":"location-local_stock_location","8":"product_cat-humidifiers","10":"first","11":"outofstock","12":"taxable","13":"shipping-taxable","14":"purchasable","15":"product-type-simple"},"aioseo_notices":[],"locations":[{"id":19557,"name":"Pieg\u0101d\u0101ja noliktav\u0101 (5-7dd.d)","slug":"innpro_stock_location","quantity":"0"},{"id":19558,"name":"R\u012bgas veikals (0-2dd.d)","slug":"local_stock_location","quantity":"0"}],"_links":{"self":[{"href":"https:\/\/elektrons.lv\/lv\/wp-json\/wp\/v2\/product\/78938","targetHints":{"allow":["GET"]}}],"collection":[{"href":"https:\/\/elektrons.lv\/lv\/wp-json\/wp\/v2\/product"}],"about":[{"href":"https:\/\/elektrons.lv\/lv\/wp-json\/wp\/v2\/types\/product"}],"replies":[{"embeddable":true,"href":"https:\/\/elektrons.lv\/lv\/wp-json\/wp\/v2\/comments?post=78938"}],"wp:featuredmedia":[{"embeddable":true,"href":"https:\/\/elektrons.lv\/lv\/wp-json\/wp\/v2\/media\/103338"}],"wp:attachment":[{"href":"https:\/\/elektrons.lv\/lv\/wp-json\/wp\/v2\/media?parent=78938"}],"wp:term":[{"taxonomy":"location","embeddable":true,"href":"https:\/\/elektrons.lv\/lv\/wp-json\/wp\/v2\/location?post=78938"},{"taxonomy":"product_brand","embeddable":true,"href":"https:\/\/elektrons.lv\/lv\/wp-json\/wp\/v2\/product_brand?post=78938"},{"taxonomy":"product_cat","embeddable":true,"href":"https:\/\/elektrons.lv\/lv\/wp-json\/wp\/v2\/product_cat?post=78938"},{"taxonomy":"product_tag","embeddable":true,"href":"https:\/\/elektrons.lv\/lv\/wp-json\/wp\/v2\/product_tag?post=78938"}],"curies":[{"name":"wp","href":"https:\/\/api.w.org\/{rel}","templated":true}]}}