{"id":78945,"date":"2026-05-14T09:36:03","date_gmt":"2026-05-14T09:36:03","guid":{"rendered":"https:\/\/elektrons.lv\/Prece\/ambient-lamp-yeelight-candela\/"},"modified":"2026-05-15T07:48:20","modified_gmt":"2026-05-15T07:48:20","slug":"ambient-lamp-yeelight-candela","status":"publish","type":"product","link":"https:\/\/elektrons.lv\/lv\/Prece\/ambient-lamp-yeelight-candela\/","title":{"rendered":"Ambient Lamp Yeelight Candela"},"content":{"rendered":"<h3 style=\"text-align: center;\">Ambient lamp Yeelight Candela YLFWD-0019.<\/h3>\n<p>Want to create a unique atmosphere in your room? Take advantage of the ambient lamp Yeelight Candela YLFWD-0019. The device charms with its elegant and minimalist design, and provides warm light with a color temperature of 1800K, which is similar to a candle flame. The 2,500 mAh rechargeable battery guarantees long runtime. There is also an option to adjust the brightness.<\/p>\n<p><img loading=\"lazy\" decoding=\"async\" src=\"https:\/\/b2b.innpro.pl\/data\/include\/cms\/12Yeelight\/YLFWD-0019-New-Candela\/2.jpg\" border=\"0\" alt=\"\" width=\"1100\" height=\"700\" \/><\/p>\n<p>\u00a0<\/p>\n<h3 style=\"text-align: center;\">Unique atmosphere<\/h3>\n<p>Do you want to organize a romantic evening with a glass of wine? Or maybe you want to build the mood at a formal dinner party? For these and other occasions, the Yeelight Candela YLFWD-0019 will work. It guarantees natural, soft light with a color temperature of 1800K, what&#8217;s more, it allows you to adjust the brightness and offers 2 modes &#8211; the lamp can imitate a candle flame, as well as generate constant light.<\/p>\n<p><img loading=\"lazy\" decoding=\"async\" src=\"https:\/\/b2b.innpro.pl\/data\/include\/cms\/12Yeelight\/YLFWD-0019-New-Candela\/4.jpg\" border=\"0\" alt=\"\" width=\"1100\" height=\"700\" \/><\/p>\n<p>\u00a0<\/p>\n<h3 style=\"text-align: center;\">Functionality<\/h3>\n<p>Operating the\u00a0lamp from Yeelight ie should cause you no problems. Twist the top to adjust its brightness level. To quickly switch between modes &#8211; use the switch on the base. The lamp not only serves its purpose, but is also extremely aesthetically pleasing &#8211; its sleek and modern design will delight almost any user.<\/p>\n<p><img loading=\"lazy\" decoding=\"async\" src=\"https:\/\/b2b.innpro.pl\/data\/include\/cms\/12Yeelight\/YLFWD-0019-New-Candela\/17.jpg\" border=\"0\" alt=\"\" width=\"1100\" height=\"700\" \/><\/p>\n<p>\u00a0<\/p>\n<h3 style=\"text-align: center;\">Powerful battery<\/h3>\n<p>The Yeelight Candela ambient lamp YLFWD-0019 guarantees a long working time &#8211; its powerful 2500 mAh battery allows up to 100 h of continuous operation (at the lowest brightness level). And if you set its brightness to the highest level, it will serve you for 9.5h. To replenish the energy you need, use the USB-C port.<\/p>\n<p><img loading=\"lazy\" decoding=\"async\" src=\"https:\/\/b2b.innpro.pl\/data\/include\/cms\/12Yeelight\/YLFWD-0019-New-Candela\/8.jpg\" border=\"0\" alt=\"\" width=\"1100\" height=\"700\" \/><\/p>\n<p>\u00a0<\/p>\n<h3>Iek\u013cauts<\/h3>\n<ul>\n<li>Lietot\u0101ja rokasgr\u0101mata<\/li>\n<li>USB cable<\/li>\n<\/ul>\n<h3>Specification:<\/h3>\n<div class=\"table-wrapper\">\n<table>\n<tbody>\n<tr>\n<th>Ra\u017eot\u0101js<\/th>\n<td>Yeelight<\/td>\n<\/tr>\n<tr>\n<th>V\u0101rds<\/th>\n<td>Ambient light Yeelight Candela YLFWD-0019<\/td>\n<\/tr>\n<tr>\n<th>Modelis<\/th>\n<td>YLFWD-0019<\/td>\n<\/tr>\n<tr>\n<th>Izm\u0113ri<\/th>\n<td>Approximately 72 \u00d7 195 mm<\/td>\n<\/tr>\n<tr>\n<th>Svars<\/th>\n<td>Approx. 410 g<\/td>\n<\/tr>\n<tr>\n<th>Brightness adjustment<\/th>\n<td>1% &#8211; 100%<\/td>\n<\/tr>\n<tr>\n<th>Jauda<\/th>\n<td>5W<\/td>\n<\/tr>\n<tr>\n<th>Uzl\u0101d\u0113jams akumulators<\/th>\n<td>2500 mAh<\/td>\n<\/tr>\n<tr>\n<th>Darba temperat\u016bra<\/th>\n<td>-10\u00b0C &#8211; 40\u00b0C<\/td>\n<\/tr>\n<\/tbody>\n<\/table>\n<\/div>\n<style type=\"text\/css\"><!--\n.table-wrapper{width:100%;overflow-x:auto}.table-wrapper>table{border-spacing:0}.table-wrapper>table>tbody>tr>td,.table-wrapper>table>tbody>tr>th{padding:10px 35px;text-align:left}.table-wrapper>table>tbody>tr>th{vertical-align:top}.table-wrapper>table>tbody>tr:nth-child(even){background-color:#f7f7f7}\n--><\/style>","protected":false},"excerpt":{"rendered":"<p>Ambient lamp Yeelight Candela YLFWD-0019. Want to create a unique atmosphere in your room? Take advantage of the ambient lamp Yeelight Candela YLFWD-0019. The device charms with its elegant and minimalist design, and provides warm light with a color temperature of 1800K, which is similar to a candle flame. The 2,500 mAh rechargeable battery guarantees [&#8230;]\n","protected":false},"featured_media":103307,"comment_status":"open","ping_status":"closed","template":"","meta":[],"location":[19557,19558],"product_brand":[],"product_cat":[12262],"product_tag":[],"class_list":{"0":"post-78945","1":"product","2":"type-product","3":"status-publish","4":"has-post-thumbnail","6":"location-innpro_stock_location","7":"location-local_stock_location","8":"product_cat-desk-and-night-lamps","10":"first","11":"instock","12":"sale","13":"taxable","14":"shipping-taxable","15":"purchasable","16":"product-type-simple"},"aioseo_notices":[],"locations":[{"id":19557,"name":"Pieg\u0101d\u0101ja noliktav\u0101 (5-7dd.d)","slug":"innpro_stock_location","quantity":"120"},{"id":19558,"name":"R\u012bgas veikals (0-2dd.d)","slug":"local_stock_location","quantity":"0"}],"_links":{"self":[{"href":"https:\/\/elektrons.lv\/lv\/wp-json\/wp\/v2\/product\/78945","targetHints":{"allow":["GET"]}}],"collection":[{"href":"https:\/\/elektrons.lv\/lv\/wp-json\/wp\/v2\/product"}],"about":[{"href":"https:\/\/elektrons.lv\/lv\/wp-json\/wp\/v2\/types\/product"}],"replies":[{"embeddable":true,"href":"https:\/\/elektrons.lv\/lv\/wp-json\/wp\/v2\/comments?post=78945"}],"wp:featuredmedia":[{"embeddable":true,"href":"https:\/\/elektrons.lv\/lv\/wp-json\/wp\/v2\/media\/103307"}],"wp:attachment":[{"href":"https:\/\/elektrons.lv\/lv\/wp-json\/wp\/v2\/media?parent=78945"}],"wp:term":[{"taxonomy":"location","embeddable":true,"href":"https:\/\/elektrons.lv\/lv\/wp-json\/wp\/v2\/location?post=78945"},{"taxonomy":"product_brand","embeddable":true,"href":"https:\/\/elektrons.lv\/lv\/wp-json\/wp\/v2\/product_brand?post=78945"},{"taxonomy":"product_cat","embeddable":true,"href":"https:\/\/elektrons.lv\/lv\/wp-json\/wp\/v2\/product_cat?post=78945"},{"taxonomy":"product_tag","embeddable":true,"href":"https:\/\/elektrons.lv\/lv\/wp-json\/wp\/v2\/product_tag?post=78945"}],"curies":[{"name":"wp","href":"https:\/\/api.w.org\/{rel}","templated":true}]}}