{"id":78956,"date":"2026-05-14T09:36:04","date_gmt":"2026-05-14T09:36:04","guid":{"rendered":"https:\/\/elektrons.lv\/Prece\/uv-flashlight-superfire-z01-365nm-usb\/"},"modified":"2026-05-15T07:48:20","modified_gmt":"2026-05-15T07:48:20","slug":"uv-flashlight-superfire-z01-365nm-usb","status":"publish","type":"product","link":"https:\/\/elektrons.lv\/lv\/Prece\/uv-flashlight-superfire-z01-365nm-usb\/","title":{"rendered":"UV Flashlight Superfire Z01, 365NM, USB"},"content":{"rendered":"<h3>Superfire Z01 UV Flashlight<\/h3>\n<p>The handy Superfire Z01 UV flashlight allows you to verify the authenticity of documents and detect stains that are invisible on a daily basis. The flashlight uses a 365 nm laser wavelength, and the 1400 mAh battery provides 3 h of operation. The IP44 water resistance and robust design are also a plus. <\/p>\n<p><img decoding=\"async\" src=\"https:\/\/b2b.innpro.pl\/data\/include\/cms\/\/01Superfire\/Z01\/5.jpg\"><\/p>\n<h3>Vair\u0101ki lietojumi<\/h3>\n<p>The Superfire Z01 UV flashlight will work well in many different situations. It can be used at home to detect, among other things, invisible to the eye animal tracks, in addition, it allows to verify the authenticity of documents, and also helps when searching for organic substances in the dark (such as amber). <\/p>\n<p><img decoding=\"async\" src=\"https:\/\/b2b.innpro.pl\/data\/include\/cms\/\/01Superfire\/Z01\/4.jpg\"><\/p>\n<h3>Reliable<\/h3>\n<p>The flashlight is equipped with a high-quality UV-365 LED and emits a wavelength of 365 nm. It is distinguished by its wide range of illumination and high detection efficiency. Another advantage is the 1400 mAh lithium-ion battery, which provides about 3 h of operation on a single charge. <\/p>\n<p><img decoding=\"async\" src=\"https:\/\/b2b.innpro.pl\/data\/include\/cms\/\/01Superfire\/Z01\/1.jpg\"><\/p>\n<h3>Lightweight, handy, durable<\/h3>\n<p>The Superfire Z01 is made of aluminum alloy, is IP44 waterproof and isn&#8217;t intimidated by a drop from a height of 1 meter. So you can use it outdoors without worrying about sudden rain or mechanical damage from a fall. <\/p>\n<p><img decoding=\"async\" src=\"https:\/\/b2b.innpro.pl\/data\/include\/cms\/\/01Superfire\/Z01\/7.jpg\"><\/p>\n<h3>Iek\u013cauts<\/h3>\n<ul>\n<li>Superfire Z01 UV flashlight x1<\/li>\n<li>Rechargeable battery x1<\/li>\n<li>Charger x1<\/li>\n<li>Lanyard x1<\/li>\n<li>Lietot\u0101ja rokasgr\u0101mata x1<\/li>\n<\/ul>\n<div class=\"table-wrapper\">\n<table>\n<tbody>\n<tr>\n<th>Ra\u017eot\u0101js <\/th>\n<td>Superuguns<\/td>\n<\/tr>\n<tr>\n<th>Modelis <\/th>\n<td>Z01<\/td>\n<\/tr>\n<tr>\n<th>Diapazons <\/th>\n<td>8 m<\/td>\n<\/tr>\n<tr>\n<th>Diode type<\/th>\n<td>UV-365<\/td>\n<\/tr>\n<tr>\n<th>UV wavelength<\/th>\n<td>365 nm<\/td>\n<\/tr>\n<tr>\n<th>Working time <\/th>\n<td>Approx. 3 h<\/td>\n<\/tr>\n<tr>\n<th>Uzl\u0101des laiks<\/th>\n<td>2,5 h<\/td>\n<\/tr>\n<tr>\n<th>Baro\u0161anas avots <\/th>\n<td>18650 lithium-ion rechargeable battery<\/td>\n<\/tr>\n<tr>\n<th>Akumulatora ietilp\u012bba <\/th>\n<td>1400 mAh<\/td>\n<\/tr>\n<tr>\n<th>Spriegums<\/th>\n<td>3,7 V<\/td>\n<\/tr>\n<tr>\n<th>Jauda<\/th>\n<td>3 W<\/td>\n<\/tr>\n<tr>\n<th>\u016adensiztur\u012bba <\/th>\n<td>IP44<\/td>\n<\/tr>\n<tr>\n<th>Pilienu pretest\u012bba <\/th>\n<td>1 m <\/td>\n<\/tr>\n<tr>\n<th>Izm\u0113ri <\/th>\n<td>24 x 24 x 124 mm<\/td>\n<\/tr>\n<tr>\n<th>Svars <\/th>\n<td>56 g<\/td>\n<\/tr>\n<\/tbody>\n<\/table>\n<\/div>","protected":false},"excerpt":{"rendered":"<p>Superfire Z01 UV Flashlight The handy Superfire Z01 UV flashlight allows you to verify the authenticity of documents and detect stains that are invisible on a daily basis. The flashlight uses a 365 nm laser wavelength, and the 1400 mAh battery provides 3 h of operation. The IP44 water resistance and robust design are also [&#8230;]\n","protected":false},"featured_media":103301,"comment_status":"open","ping_status":"closed","template":"","meta":[],"location":[19557,19558],"product_brand":[],"product_cat":[12475],"product_tag":[],"class_list":{"0":"post-78956","1":"product","2":"type-product","3":"status-publish","4":"has-post-thumbnail","6":"location-innpro_stock_location","7":"location-local_stock_location","8":"product_cat-uv-flashlights","10":"first","11":"instock","12":"sale","13":"taxable","14":"shipping-taxable","15":"purchasable","16":"product-type-simple"},"aioseo_notices":[],"locations":[{"id":19557,"name":"Pieg\u0101d\u0101ja noliktav\u0101 (5-7dd.d)","slug":"innpro_stock_location","quantity":"189"},{"id":19558,"name":"R\u012bgas veikals (0-2dd.d)","slug":"local_stock_location","quantity":"0"}],"_links":{"self":[{"href":"https:\/\/elektrons.lv\/lv\/wp-json\/wp\/v2\/product\/78956","targetHints":{"allow":["GET"]}}],"collection":[{"href":"https:\/\/elektrons.lv\/lv\/wp-json\/wp\/v2\/product"}],"about":[{"href":"https:\/\/elektrons.lv\/lv\/wp-json\/wp\/v2\/types\/product"}],"replies":[{"embeddable":true,"href":"https:\/\/elektrons.lv\/lv\/wp-json\/wp\/v2\/comments?post=78956"}],"wp:featuredmedia":[{"embeddable":true,"href":"https:\/\/elektrons.lv\/lv\/wp-json\/wp\/v2\/media\/103301"}],"wp:attachment":[{"href":"https:\/\/elektrons.lv\/lv\/wp-json\/wp\/v2\/media?parent=78956"}],"wp:term":[{"taxonomy":"location","embeddable":true,"href":"https:\/\/elektrons.lv\/lv\/wp-json\/wp\/v2\/location?post=78956"},{"taxonomy":"product_brand","embeddable":true,"href":"https:\/\/elektrons.lv\/lv\/wp-json\/wp\/v2\/product_brand?post=78956"},{"taxonomy":"product_cat","embeddable":true,"href":"https:\/\/elektrons.lv\/lv\/wp-json\/wp\/v2\/product_cat?post=78956"},{"taxonomy":"product_tag","embeddable":true,"href":"https:\/\/elektrons.lv\/lv\/wp-json\/wp\/v2\/product_tag?post=78956"}],"curies":[{"name":"wp","href":"https:\/\/api.w.org\/{rel}","templated":true}]}}