{"id":78965,"date":"2026-05-14T09:36:05","date_gmt":"2026-05-14T09:36:05","guid":{"rendered":"https:\/\/elektrons.lv\/Prece\/bowls-for-dogs-and-cats-petkit-fresh-nano\/"},"modified":"2026-05-15T07:48:21","modified_gmt":"2026-05-15T07:48:21","slug":"bowls-for-dogs-and-cats-petkit-fresh-nano","status":"publish","type":"product","link":"https:\/\/elektrons.lv\/lv\/Prece\/bowls-for-dogs-and-cats-petkit-fresh-nano\/","title":{"rendered":"Bowls for dogs and cats Petkit Fresh Nano"},"content":{"rendered":"<h3>Petkit Fresh Nano dog and cat bowls<\/h3>\n<p>Ensure your pet&#8217;s comfort and health with Petkit brand dog and cat bowls. They are made of high-quality stainless steel, which is food-safe, heat-resistant and easy to clean. Thanks to their thoughtful design, you can adjust their angle, so your pet will gain maximum comfort and maintain the correct position while eating.<\/p>\n<p><img decoding=\"async\" src=\"https:\/\/b2b.innpro.pl\/data\/include\/cms\/03PetKit\/Fresh-Nano-Metal\/1.jpg?v=1662027270823\"><\/p>\n<h3>For the care of your pet<\/h3>\n<p>The Petkit brand has analyzed hundreds of dog and cat breeds to create a design that suits the needs of all pets. So you can adjust the height of the bowls up to 7 cm, as well as adjust their angle from 0-15\u00b0. In this way, you will adjust the positioning of the product to your pet&#8217;s individual needs. The dimensions of the two bowls including the base are 330 x 160 x 88 mm.<\/p>\n<p><img decoding=\"async\" src=\"https:\/\/b2b.innpro.pl\/data\/include\/cms\/03PetKit\/Fresh-Nano-Metal\/5.jpg?v=1662027270823\"><\/p>\n<h3>Solid materials<\/h3>\n<p>The stylish base is made of ABS plastic, while the bowls were created from high-quality 304 stainless steel, making them completely safe, heat-resistant and extremely durable. An advantage is also the ease of cleaning &#8211; you can wash them under running water without any worries. The whole look is extremely elegant, so the product will certainly blend in with your interiors.<\/p>\n<p><img decoding=\"async\" src=\"https:\/\/b2b.innpro.pl\/data\/include\/cms\/03PetKit\/Fresh-Nano-Metal\/9.jpg?v=1662027270823\"><\/p>\n<div class=\"table-wrapper\">\n<table>\n<tbody>\n<tr>\n<th>Ra\u017eot\u0101js<\/th>\n<td>Petkit<\/td>\n<\/tr>\n<tr>\n<th>V\u0101rds<\/th>\n<td>Petkit Fresh Nano bowls for dogs and cats<\/td>\n<\/tr>\n<tr>\n<th>Modelis<\/th>\n<td>Fresh Nano Metal<\/td>\n<\/tr>\n<tr>\n<th>Materi\u0101ls<\/th>\n<td>304 stainless steel + ABS<\/td>\n<\/tr>\n<tr>\n<th>Izm\u0113ri<\/th>\n<td>330 x 160 x 88 mm<\/td>\n<\/tr>\n<tr>\n<th>Purpose<\/th>\n<td>Dogs and cats<\/td>\n<\/tr>\n<\/tbody>\n<\/table>\n<\/div>","protected":false},"excerpt":{"rendered":"<p>Petkit Fresh Nano dog and cat bowls Ensure your pet&#8217;s comfort and health with Petkit brand dog and cat bowls. They are made of high-quality stainless steel, which is food-safe, heat-resistant and easy to clean. Thanks to their thoughtful design, you can adjust their angle, so your pet will gain maximum comfort and maintain the [&#8230;]\n","protected":false},"featured_media":103287,"comment_status":"open","ping_status":"closed","template":"","meta":[],"location":[19557,19558],"product_brand":[],"product_cat":[12650],"product_tag":[],"class_list":{"0":"post-78965","1":"product","2":"type-product","3":"status-publish","4":"has-post-thumbnail","6":"location-innpro_stock_location","7":"location-local_stock_location","8":"product_cat-bowls","10":"first","11":"instock","12":"sale","13":"taxable","14":"shipping-taxable","15":"purchasable","16":"product-type-simple"},"aioseo_notices":[],"locations":[{"id":19557,"name":"Pieg\u0101d\u0101ja noliktav\u0101 (5-7dd.d)","slug":"innpro_stock_location","quantity":"215"},{"id":19558,"name":"R\u012bgas veikals (0-2dd.d)","slug":"local_stock_location","quantity":"0"}],"_links":{"self":[{"href":"https:\/\/elektrons.lv\/lv\/wp-json\/wp\/v2\/product\/78965","targetHints":{"allow":["GET"]}}],"collection":[{"href":"https:\/\/elektrons.lv\/lv\/wp-json\/wp\/v2\/product"}],"about":[{"href":"https:\/\/elektrons.lv\/lv\/wp-json\/wp\/v2\/types\/product"}],"replies":[{"embeddable":true,"href":"https:\/\/elektrons.lv\/lv\/wp-json\/wp\/v2\/comments?post=78965"}],"wp:featuredmedia":[{"embeddable":true,"href":"https:\/\/elektrons.lv\/lv\/wp-json\/wp\/v2\/media\/103287"}],"wp:attachment":[{"href":"https:\/\/elektrons.lv\/lv\/wp-json\/wp\/v2\/media?parent=78965"}],"wp:term":[{"taxonomy":"location","embeddable":true,"href":"https:\/\/elektrons.lv\/lv\/wp-json\/wp\/v2\/location?post=78965"},{"taxonomy":"product_brand","embeddable":true,"href":"https:\/\/elektrons.lv\/lv\/wp-json\/wp\/v2\/product_brand?post=78965"},{"taxonomy":"product_cat","embeddable":true,"href":"https:\/\/elektrons.lv\/lv\/wp-json\/wp\/v2\/product_cat?post=78965"},{"taxonomy":"product_tag","embeddable":true,"href":"https:\/\/elektrons.lv\/lv\/wp-json\/wp\/v2\/product_tag?post=78965"}],"curies":[{"name":"wp","href":"https:\/\/api.w.org\/{rel}","templated":true}]}}