{"id":79018,"date":"2026-05-14T09:36:14","date_gmt":"2026-05-14T09:36:14","guid":{"rendered":"https:\/\/elektrons.lv\/Prece\/temperature-and-humidity-sensor-sonoff-ths01-rj9\/"},"modified":"2026-05-15T16:01:54","modified_gmt":"2026-05-15T14:01:54","slug":"temperature-and-humidity-sensor-sonoff-ths01-rj9","status":"publish","type":"product","link":"https:\/\/elektrons.lv\/lv\/Prece\/temperature-and-humidity-sensor-sonoff-ths01-rj9\/","title":{"rendered":"Temperat\u016bras un mitruma sensors Sonoff THS01, RJ9"},"content":{"rendered":"<h3>Temperature and humidity sensor Sonoff THS01, RJ11<\/h3>\n<p>Sonoff SI7021 can be used with TH Elite and TH Origin to detect and measure temperature and humidity. It is distinguished by its high build quality, ultra-fast response, and the humidity measurement range is 0 to 100% RH. The device also guarantees immunity to interference. The cable length is 50 cm, and the operating temperature is -40\u00b0C~ +85\u00b0C. In addition, the sensor connector has been upgraded to RJ11, supporting hot plug, making the connection more stable and reliable.<\/p>\n<p><img decoding=\"async\" src=\"https:\/\/b2b.innpro.pl\/data\/include\/cms\/01Sonoff\/THS01\/1.jpg\"><\/p>\n<div class=\"table-wrapper\">\n<table>\n<tbody>\n<tr>\n<th>Ra\u017eot\u0101js<\/th>\n<td>Sonoff<\/td>\n<\/tr>\n<tr>\n<th>Modelis<\/th>\n<td>THS01<\/td>\n<\/tr>\n<tr>\n<th>Kr\u0101sa<\/th>\n<td>melns<\/td>\n<\/tr>\n<tr>\n<th>Kabe\u013ca garums<\/th>\n<td>50 cm<\/td>\n<\/tr>\n<tr>\n<th>Connector type<\/th>\n<td>RJ11 4P4C<\/td>\n<\/tr>\n<tr>\n<th>Darba temperat\u016bra<\/th>\n<td>-40\u00b0C~ +85\u00b0C<\/td>\n<\/tr>\n<tr>\n<th>Humidity measurement range<\/th>\n<td><span>0-100% RH<\/span><\/td>\n<\/tr>\n<\/tbody>\n<\/table>\n<\/div>","protected":false},"excerpt":{"rendered":"<p>Temperature and humidity sensor Sonoff THS01, RJ11 Sonoff SI7021 can be used with TH Elite and TH Origin to detect and measure temperature and humidity. It is distinguished by its high build quality, ultra-fast response, and the humidity measurement range is 0 to 100% RH. The device also guarantees immunity to interference. The cable length [&#8230;]\n","protected":false},"featured_media":103122,"comment_status":"open","ping_status":"closed","template":"","meta":[],"location":[19557,19558],"product_brand":[],"product_cat":[12370],"product_tag":[],"class_list":{"0":"post-79018","1":"product","2":"type-product","3":"status-publish","4":"has-post-thumbnail","6":"location-innpro_stock_location","7":"location-local_stock_location","8":"product_cat-sensors","10":"first","11":"instock","12":"sale","13":"taxable","14":"shipping-taxable","15":"purchasable","16":"product-type-simple"},"aioseo_notices":[],"locations":[{"id":19557,"name":"Pieg\u0101d\u0101ja noliktav\u0101 (5-7dd.d)","slug":"innpro_stock_location","quantity":"709"},{"id":19558,"name":"R\u012bgas veikals (0-2dd.d)","slug":"local_stock_location","quantity":"0"}],"_links":{"self":[{"href":"https:\/\/elektrons.lv\/lv\/wp-json\/wp\/v2\/product\/79018","targetHints":{"allow":["GET"]}}],"collection":[{"href":"https:\/\/elektrons.lv\/lv\/wp-json\/wp\/v2\/product"}],"about":[{"href":"https:\/\/elektrons.lv\/lv\/wp-json\/wp\/v2\/types\/product"}],"replies":[{"embeddable":true,"href":"https:\/\/elektrons.lv\/lv\/wp-json\/wp\/v2\/comments?post=79018"}],"wp:featuredmedia":[{"embeddable":true,"href":"https:\/\/elektrons.lv\/lv\/wp-json\/wp\/v2\/media\/103122"}],"wp:attachment":[{"href":"https:\/\/elektrons.lv\/lv\/wp-json\/wp\/v2\/media?parent=79018"}],"wp:term":[{"taxonomy":"location","embeddable":true,"href":"https:\/\/elektrons.lv\/lv\/wp-json\/wp\/v2\/location?post=79018"},{"taxonomy":"product_brand","embeddable":true,"href":"https:\/\/elektrons.lv\/lv\/wp-json\/wp\/v2\/product_brand?post=79018"},{"taxonomy":"product_cat","embeddable":true,"href":"https:\/\/elektrons.lv\/lv\/wp-json\/wp\/v2\/product_cat?post=79018"},{"taxonomy":"product_tag","embeddable":true,"href":"https:\/\/elektrons.lv\/lv\/wp-json\/wp\/v2\/product_tag?post=79018"}],"curies":[{"name":"wp","href":"https:\/\/api.w.org\/{rel}","templated":true}]}}