{"id":79036,"date":"2026-05-14T09:36:17","date_gmt":"2026-05-14T09:36:17","guid":{"rendered":"https:\/\/elektrons.lv\/Prece\/digital-multimeter-jimi-home-jm-g3401\/"},"modified":"2026-05-15T07:48:24","modified_gmt":"2026-05-15T07:48:24","slug":"digital-multimeter-jimi-home-jm-g3401","status":"publish","type":"product","link":"https:\/\/elektrons.lv\/lv\/Prece\/digital-multimeter-jimi-home-jm-g3401\/","title":{"rendered":"Digital Multimeter JIMI Home JM-G3401"},"content":{"rendered":"<h3>JIMI Home JM-G3401 Digital Universal Multimeter.<\/h3>\n<p>JIMI Home JM-G3401 is a multifunctional device that you will use during electrical work. With it you will measure voltage, resistance, capacitance, frequency, true RMS value and much more. It is equipped with a display, large dial and buttons for convenient operation.<\/p>\n<p><img decoding=\"async\" src=\"https:\/\/b2b.innpro.pl\/data\/include\/cms\/JimiHome\/JM-G3401\/2.jpg\"><\/p>\n<h3>Accurate measurements<\/h3>\n<p>The JIMI Home digital universal multimeter stands out for its outstanding precision. Thanks to its clever design, you will accurately measure the true RMS value regardless of the conditions. What&#8217;s more, it automatically changes the measurement range of AC\/DC voltage, current, resistance, etc., making measurements more accurate. In addition, it offers non-contact voltage detection (NCV) and Live Test function.<\/p>\n<p><img decoding=\"async\" src=\"https:\/\/b2b.innpro.pl\/data\/include\/cms\/JimiHome\/JM-G3401\/8.jpg\"><\/p>\n<h3>More capabilities<\/h3>\n<p>The JIMI Home JM-G3401 also allows you to measure battery voltage &#8211; just attach the black (-) and red (+) wires to the battery. In addition, it has self-restoration fuses, which will be renewed in about 3-5 seconds if blown. In addition, the LCD display will provide you with information about the operation of the device. The multimeter also has a backlight function for the screen. To turn it on, hold down the HOLD button for 2 seconds.<\/p>\n<p><img decoding=\"async\" src=\"https:\/\/b2b.innpro.pl\/data\/include\/cms\/JimiHome\/JM-G3401\/3.jpg\"><\/p>\n<h3>P\u0101rdom\u0101ts dizains<\/h3>\n<p>The JIMI Home digital multimeter is designed to make using it convenient. The magnetic design allows you to attach the product to a metal surface, for comfortable use. The device also has a stand, for greater freedom. The wires are made of pure 10A copper and finished with heat-resistant plastic. In addition, the product is distinguished by a 2-piece design, which allows you to simultaneously store the wires and protect the display from scratches.<\/p>\n<p><img decoding=\"async\" src=\"https:\/\/b2b.innpro.pl\/data\/include\/cms\/JimiHome\/JM-G3401\/5.jpg\"><\/p>\n<h3>Automatically shuts off<\/h3>\n<p>This is not the end of the advantages of the JIMI Home JM-G3401. The product has an automatic shut-off function if you don&#8217;t use it for 15 minutes. After this time, it will go into sleep mode to save energy. In addition, you can disable this function at any time &#8211; just press the SELECT button and the APO message will appear on the screen.<\/p>\n<p><img decoding=\"async\" src=\"https:\/\/b2b.innpro.pl\/data\/include\/cms\/JimiHome\/JM-G3401\/9.jpg\"><\/p>\n<h3>Iek\u013cauts<\/h3>\n<ul>\n<li>Digital universal multimeter<\/li>\n<li>Measuring wires<\/li>\n<li>Lietot\u0101ja rokasgr\u0101mata<\/li>\n<\/ul>\n<div class=\"table-wrapper\">\n<table>\n<tbody>\n<tr>\n<th>Ra\u017eot\u0101js<\/th>\n<td>JIMI Home<\/td>\n<\/tr>\n<tr>\n<th>Modelis<\/th>\n<td>JM-G3401<\/td>\n<\/tr>\n<tr>\n<th>DC voltage measurement range<\/th>\n<td>600mV\/6V\/60V\/600V\/1000V (\u00b10.5%+3, 0.8%+10)<\/td>\n<\/tr>\n<tr>\n<th>AC voltage measurement range<\/th>\n<td>500mV\/6V\/60V\/600V750V (\u00b10.8%+3, 1.2%+10)<\/td>\n<\/tr>\n<tr>\n<th>DC current measurement range<\/th>\n<td>60mA\/400mA\/6A\/10A (\u00b11.2%+10, 2.0%+10)<\/td>\n<\/tr>\n<tr>\n<th>AC current measurement range<\/th>\n<td>60mA\/400mA\/6A\/10A (\u00b11.2%+10, 2.0%+10)<\/td>\n<\/tr>\n<tr>\n<th>Resistance measurement range<\/th>\n<td>600\uab65\/6k\uab65\/60k\uab65\/600k\uab65\/6M\uab65\/60M\uab65 (\u00b10.8%+5, 0.8%+3, 2.5%+3)<\/td>\n<\/tr>\n<tr>\n<th>Capacitance measurement range<\/th>\n<td>60nF\/600nF\/6\u00b5F\/60\u00b5F\/600\u00b5F\/6mF\/60mF (\u00b15.5%+20, 5.0%+3)<\/td>\n<\/tr>\n<tr>\n<th>Frequency measurement range<\/th>\n<td>10Hz\/100Hz\/1kHz\/10kHz\/100kHz\/1MHz\/10MHz<\/td>\n<\/tr>\n<tr>\n<th>Temperature (\u00b0C\/\u00b0F)<\/th>\n<td>0\u00b0C ~ 40\u00b0C<\/td>\n<\/tr>\n<tr>\n<th>Diode testing<\/th>\n<td>J\u0101<\/td>\n<\/tr>\n<tr>\n<th>NCV<\/th>\n<td>J\u0101<\/td>\n<\/tr>\n<tr>\n<th>Live test<\/th>\n<td>J\u0101<\/td>\n<\/tr>\n<tr>\n<th>On\/Off test<\/th>\n<td>J\u0101<\/td>\n<\/tr>\n<tr>\n<th>Displejs<\/th>\n<td>LCD<\/td>\n<\/tr>\n<tr>\n<th>True RMS value<\/th>\n<td>J\u0101<\/td>\n<\/tr>\n<tr>\n<th>Self-recovery fuse<\/th>\n<td>J\u0101<\/td>\n<\/tr>\n<tr>\n<th>Paraugu \u0146em\u0161anas bie\u017eums<\/th>\n<td>approx. 3 times per second<\/td>\n<\/tr>\n<tr>\n<th>Automatic power off<\/th>\n<td>Yes,after 15 min<\/td>\n<\/tr>\n<tr>\n<th>Low voltage indicator<\/th>\n<td>J\u0101<\/td>\n<\/tr>\n<tr>\n<th>Illumination<\/th>\n<td>J\u0101<\/td>\n<\/tr>\n<tr>\n<th>Data storage<\/th>\n<td>J\u0101<\/td>\n<\/tr>\n<tr>\n<th>Number of counts<\/th>\n<td>5999<\/td>\n<\/tr>\n<tr>\n<th>Overload indicator<\/th>\n<td>OL<\/td>\n<\/tr>\n<tr>\n<th>Baro\u0161anas avots<\/th>\n<td>2x 1.5V AAA batteries<\/td>\n<\/tr>\n<tr>\n<th>Svars<\/th>\n<td>340g (including batteries)<\/td>\n<\/tr>\n<tr>\n<th>Izm\u0113ri<\/th>\n<td>153 x 70 x 53 mm<\/td>\n<\/tr>\n<\/tbody>\n<\/table>\n<\/div>","protected":false},"excerpt":{"rendered":"<p>JIMI Home JM-G3401 Digital Universal Multimeter. JIMI Home JM-G3401 is a multifunctional device that you will use during electrical work. With it you will measure voltage, resistance, capacitance, frequency, true RMS value and much more. It is equipped with a display, large dial and buttons for convenient operation. Accurate measurements The JIMI Home digital universal [&#8230;]\n","protected":false},"featured_media":103069,"comment_status":"open","ping_status":"closed","template":"","meta":[],"location":[19557,19558],"product_brand":[],"product_cat":[12578],"product_tag":[],"class_list":{"0":"post-79036","1":"product","2":"type-product","3":"status-publish","4":"has-post-thumbnail","6":"location-innpro_stock_location","7":"location-local_stock_location","8":"product_cat-measuring-tools","10":"first","11":"instock","12":"sale","13":"taxable","14":"shipping-taxable","15":"purchasable","16":"product-type-simple"},"aioseo_notices":[],"locations":[{"id":19557,"name":"Pieg\u0101d\u0101ja noliktav\u0101 (5-7dd.d)","slug":"innpro_stock_location","quantity":"5"},{"id":19558,"name":"R\u012bgas veikals (0-2dd.d)","slug":"local_stock_location","quantity":"0"}],"_links":{"self":[{"href":"https:\/\/elektrons.lv\/lv\/wp-json\/wp\/v2\/product\/79036","targetHints":{"allow":["GET"]}}],"collection":[{"href":"https:\/\/elektrons.lv\/lv\/wp-json\/wp\/v2\/product"}],"about":[{"href":"https:\/\/elektrons.lv\/lv\/wp-json\/wp\/v2\/types\/product"}],"replies":[{"embeddable":true,"href":"https:\/\/elektrons.lv\/lv\/wp-json\/wp\/v2\/comments?post=79036"}],"wp:featuredmedia":[{"embeddable":true,"href":"https:\/\/elektrons.lv\/lv\/wp-json\/wp\/v2\/media\/103069"}],"wp:attachment":[{"href":"https:\/\/elektrons.lv\/lv\/wp-json\/wp\/v2\/media?parent=79036"}],"wp:term":[{"taxonomy":"location","embeddable":true,"href":"https:\/\/elektrons.lv\/lv\/wp-json\/wp\/v2\/location?post=79036"},{"taxonomy":"product_brand","embeddable":true,"href":"https:\/\/elektrons.lv\/lv\/wp-json\/wp\/v2\/product_brand?post=79036"},{"taxonomy":"product_cat","embeddable":true,"href":"https:\/\/elektrons.lv\/lv\/wp-json\/wp\/v2\/product_cat?post=79036"},{"taxonomy":"product_tag","embeddable":true,"href":"https:\/\/elektrons.lv\/lv\/wp-json\/wp\/v2\/product_tag?post=79036"}],"curies":[{"name":"wp","href":"https:\/\/api.w.org\/{rel}","templated":true}]}}