{"id":79050,"date":"2026-05-14T09:36:19","date_gmt":"2026-05-14T09:36:19","guid":{"rendered":"https:\/\/elektrons.lv\/Prece\/air-outlet-holder-joyroom-jr-zs259-black\/"},"modified":"2026-05-15T07:48:25","modified_gmt":"2026-05-15T07:48:25","slug":"air-outlet-holder-joyroom-jr-zs259-black","status":"publish","type":"product","link":"https:\/\/elektrons.lv\/lv\/Prece\/air-outlet-holder-joyroom-jr-zs259-black\/","title":{"rendered":"Gaisa izpl\u016bdes tur\u0113t\u0101js Joyroom JR-ZS259 (melns)"},"content":{"rendered":"<h3>Joyroom JR-ZS259 (black) car grille mount<\/h3>\n<p>Take care of your comfort and safety while traveling &#8211; equip yourself with a practical vent card holder that will keep your phone stable even on a bumpy road. The holder is easy to install, and the convenient clamp allows you to easily put down and remove the smartphone. A great advantage is that it can be freely maneuvered, allowing you to arrange the phone in both vertical and horizontal positions. JR-ZS259 is compatible with 4.7&#8243; &#8211; 6.7&#8243; phones.<\/p>\n<p><img decoding=\"async\" src=\"https:\/\/b2b.innpro.pl\/data\/include\/cms\/Joyroom\/JR-ZS259-Air-Vent\/2.jpg\"><\/p>\n<h3>Tailored to your needs<\/h3>\n<p>Thanks to its adjustable design, the mount is suitable for phones of different sizes &#8211; the JR-ZS259 is compatible with smartphones from 4.7&#8243; to 6.7&#8243;. What&#8217;s more, you can conveniently change its position and position your phone vertically or horizontally. Also noteworthy are the silicone inserts, so you don&#8217;t have to worry about scratching your smartphone. The mount is shockproof and maintains a stable position even on a bumpy road.<\/p>\n<p><img decoding=\"async\" src=\"https:\/\/b2b.innpro.pl\/data\/include\/cms\/Joyroom\/JR-ZS259-Air-Vent\/3.jpg\"><\/p>\n<div class=\"table-wrapper\">\n<table>\n<tbody>\n<tr>\n<th>Ra\u017eot\u0101js<\/th>\n<td>Joyroom<\/td>\n<\/tr>\n<tr>\n<th>Modelis<\/th>\n<td>JR-ZS259<\/td>\n<\/tr>\n<tr>\n<th>Holding type<\/th>\n<td>Clamping<\/td>\n<\/tr>\n<tr>\n<th>Mounting location<\/th>\n<td>Ventilation grille<\/td>\n<\/tr>\n<tr>\n<th>Sader\u012bba<\/th>\n<td>Smartphones with a diagonal of 4.7 &#8211; 6.7&#8243;<\/td>\n<\/tr>\n<tr>\n<th>Svars<\/th>\n<td>176,5 g<\/td>\n<\/tr>\n<tr>\n<th>Materi\u0101ls<\/th>\n<td>ABS + PC<\/td>\n<\/tr>\n<tr>\n<th>Kr\u0101sa<\/th>\n<td>Melns<\/td>\n<\/tr>\n<\/tbody>\n<\/table>\n<\/div>","protected":false},"excerpt":{"rendered":"<p>Joyroom JR-ZS259 (black) car grille mount Take care of your comfort and safety while traveling &#8211; equip yourself with a practical vent card holder that will keep your phone stable even on a bumpy road. The holder is easy to install, and the convenient clamp allows you to easily put down and remove the smartphone. [&#8230;]\n","protected":false},"featured_media":103004,"comment_status":"open","ping_status":"closed","template":"","meta":[],"location":[19557,19558],"product_brand":[],"product_cat":[12027],"product_tag":[],"class_list":{"0":"post-79050","1":"product","2":"type-product","3":"status-publish","4":"has-post-thumbnail","6":"location-innpro_stock_location","7":"location-local_stock_location","8":"product_cat-phone-holders","10":"first","11":"instock","12":"sale","13":"taxable","14":"shipping-taxable","15":"purchasable","16":"product-type-simple"},"aioseo_notices":[],"locations":[{"id":19557,"name":"Pieg\u0101d\u0101ja noliktav\u0101 (5-7dd.d)","slug":"innpro_stock_location","quantity":"130"},{"id":19558,"name":"R\u012bgas veikals (0-2dd.d)","slug":"local_stock_location","quantity":"0"}],"_links":{"self":[{"href":"https:\/\/elektrons.lv\/lv\/wp-json\/wp\/v2\/product\/79050","targetHints":{"allow":["GET"]}}],"collection":[{"href":"https:\/\/elektrons.lv\/lv\/wp-json\/wp\/v2\/product"}],"about":[{"href":"https:\/\/elektrons.lv\/lv\/wp-json\/wp\/v2\/types\/product"}],"replies":[{"embeddable":true,"href":"https:\/\/elektrons.lv\/lv\/wp-json\/wp\/v2\/comments?post=79050"}],"wp:featuredmedia":[{"embeddable":true,"href":"https:\/\/elektrons.lv\/lv\/wp-json\/wp\/v2\/media\/103004"}],"wp:attachment":[{"href":"https:\/\/elektrons.lv\/lv\/wp-json\/wp\/v2\/media?parent=79050"}],"wp:term":[{"taxonomy":"location","embeddable":true,"href":"https:\/\/elektrons.lv\/lv\/wp-json\/wp\/v2\/location?post=79050"},{"taxonomy":"product_brand","embeddable":true,"href":"https:\/\/elektrons.lv\/lv\/wp-json\/wp\/v2\/product_brand?post=79050"},{"taxonomy":"product_cat","embeddable":true,"href":"https:\/\/elektrons.lv\/lv\/wp-json\/wp\/v2\/product_cat?post=79050"},{"taxonomy":"product_tag","embeddable":true,"href":"https:\/\/elektrons.lv\/lv\/wp-json\/wp\/v2\/product_tag?post=79050"}],"curies":[{"name":"wp","href":"https:\/\/api.w.org\/{rel}","templated":true}]}}