{"id":79089,"date":"2026-05-14T09:36:24","date_gmt":"2026-05-14T09:36:24","guid":{"rendered":"https:\/\/elektrons.lv\/Prece\/aluminum-gimbal-protection-bar-sunnylife-for-dji-avata-black\/"},"modified":"2026-05-15T07:48:26","modified_gmt":"2026-05-15T07:48:26","slug":"aluminum-gimbal-protection-bar-sunnylife-for-dji-avata-black","status":"publish","type":"product","link":"https:\/\/elektrons.lv\/lv\/Prece\/aluminum-gimbal-protection-bar-sunnylife-for-dji-avata-black\/","title":{"rendered":"Alum\u012bnija kard\u0101na aizsardz\u012bbas b\u0101rs Sunnylife priek\u0161 DJI Avata (melns)"},"content":{"rendered":"<h3>Sunnylife aluminum gimbal cover \/ bumper for DJI Avata<\/h3>\n<p>Make sure your equipment is properly protected. The Sunnylife cover for DJI Avata effectively protects your gimbal when it collides with a tree or wall and takes the force of the impact on itself. It will be great especially for people who are just starting their adventure with drones. What&#8217;s more, its installation as well as removal will not cause you any problem.<\/p>\n<p><img decoding=\"async\" src=\"https:\/\/b2b.innpro.pl\/data\/include\/cms\/Sunnylife\/AT-BX500\/6.jpg\" border=\"0\" \/><\/p>\n<h3>Durable and resistant<\/h3>\n<p>The bumper is made of durable and resistant aluminum alloy, so it will serve you for a long time. In addition, its lightweight design &#8211; only 5g, does not weigh down the drone in any way during flight, and also does not obstruct the lens (Note: the bumper may be visible at the maximum upward tilt of the camera). So you don&#8217;t have to worry that it will negatively affect your videos or photos.<\/p>\n<p><img decoding=\"async\" src=\"https:\/\/b2b.innpro.pl\/data\/include\/cms\/Sunnylife\/AT-BX500\/4.jpg\" border=\"0\" \/><\/p>\n<h3>Iek\u013cauts<\/h3>\n<ul>\n<li>Aluminum cover<\/li>\n<li>Skr\u016bves x2<\/li>\n<\/ul>\n<div class=\"table-wrapper\">\n<table>\n<tbody>\n<tr>\n<th>Ra\u017eot\u0101js<\/th>\n<td>Sunnylife<\/td>\n<\/tr>\n<tr>\n<th>Modelis<\/th>\n<td>AT-BX500<\/td>\n<\/tr>\n<tr>\n<th>Sader\u012bba<\/th>\n<td>DJI Avata<\/td>\n<\/tr>\n<tr>\n<th>Materi\u0101ls<\/th>\n<td>Alum\u012bnija sakaus\u0113jums<\/td>\n<\/tr>\n<tr>\n<th>Svars<\/th>\n<td>5 g<\/td>\n<\/tr>\n<tr>\n<th>Izm\u0113ri<\/th>\n<td>150 x 110 mm<\/td>\n<\/tr>\n<\/tbody>\n<\/table>\n<\/div>","protected":false},"excerpt":{"rendered":"<p>Sunnylife aluminum gimbal cover \/ bumper for DJI Avata Make sure your equipment is properly protected. The Sunnylife cover for DJI Avata effectively protects your gimbal when it collides with a tree or wall and takes the force of the impact on itself. It will be great especially for people who are just starting their [&#8230;]\n","protected":false},"featured_media":102776,"comment_status":"open","ping_status":"closed","template":"","meta":[],"location":[19557,19558],"product_brand":[],"product_cat":[12014],"product_tag":[],"class_list":{"0":"post-79089","1":"product","2":"type-product","3":"status-publish","4":"has-post-thumbnail","6":"location-innpro_stock_location","7":"location-local_stock_location","8":"product_cat-dji","10":"first","11":"instock","12":"sale","13":"taxable","14":"shipping-taxable","15":"purchasable","16":"product-type-simple"},"aioseo_notices":[],"locations":[{"id":19557,"name":"Pieg\u0101d\u0101ja noliktav\u0101 (5-7dd.d)","slug":"innpro_stock_location","quantity":"2"},{"id":19558,"name":"R\u012bgas veikals (0-2dd.d)","slug":"local_stock_location","quantity":"0"}],"_links":{"self":[{"href":"https:\/\/elektrons.lv\/lv\/wp-json\/wp\/v2\/product\/79089","targetHints":{"allow":["GET"]}}],"collection":[{"href":"https:\/\/elektrons.lv\/lv\/wp-json\/wp\/v2\/product"}],"about":[{"href":"https:\/\/elektrons.lv\/lv\/wp-json\/wp\/v2\/types\/product"}],"replies":[{"embeddable":true,"href":"https:\/\/elektrons.lv\/lv\/wp-json\/wp\/v2\/comments?post=79089"}],"wp:featuredmedia":[{"embeddable":true,"href":"https:\/\/elektrons.lv\/lv\/wp-json\/wp\/v2\/media\/102776"}],"wp:attachment":[{"href":"https:\/\/elektrons.lv\/lv\/wp-json\/wp\/v2\/media?parent=79089"}],"wp:term":[{"taxonomy":"location","embeddable":true,"href":"https:\/\/elektrons.lv\/lv\/wp-json\/wp\/v2\/location?post=79089"},{"taxonomy":"product_brand","embeddable":true,"href":"https:\/\/elektrons.lv\/lv\/wp-json\/wp\/v2\/product_brand?post=79089"},{"taxonomy":"product_cat","embeddable":true,"href":"https:\/\/elektrons.lv\/lv\/wp-json\/wp\/v2\/product_cat?post=79089"},{"taxonomy":"product_tag","embeddable":true,"href":"https:\/\/elektrons.lv\/lv\/wp-json\/wp\/v2\/product_tag?post=79089"}],"curies":[{"name":"wp","href":"https:\/\/api.w.org\/{rel}","templated":true}]}}