{"id":79097,"date":"2026-05-14T09:36:24","date_gmt":"2026-05-14T09:36:24","guid":{"rendered":"https:\/\/elektrons.lv\/Prece\/dji-care-refresh-1-year-plan-dji-rs-3-pro-code\/"},"modified":"2026-05-15T07:48:27","modified_gmt":"2026-05-15T07:48:27","slug":"dji-care-refresh-1-year-plan-dji-rs-3-pro-code","status":"publish","type":"product","link":"https:\/\/elektrons.lv\/lv\/Prece\/dji-care-refresh-1-year-plan-dji-rs-3-pro-code\/","title":{"rendered":"DJI Care Refresh 1 gada pl\u0101ns (DJI RS 3 Pro) \u2013 kods"},"content":{"rendered":"<h3 style=\"text-align: center;\">Pakalpojumu aizsardz\u012bba ar DJI Care Refresh<\/h3>\n<p style=\"text-align: justify;\">DJI Care Refresh ir servisa aizsardz\u012bba DJI produktiem, kas par nelielu papildu samaksu viena gada laik\u0101 pied\u0101v\u0101 divus boj\u0101tu iek\u0101rtu nomai\u0146u, cita starp\u0101 sedzot boj\u0101jumus, kas radu\u0161ies trieciena vai produkta saskares ar \u016bdeni d\u0113\u013c Boj\u0101t\u0101 aparat\u016bra p\u0113c tam tiks aizst\u0101ta ar jaunu vai l\u012bdzv\u0113rt\u012bgu jaunu produktu DJI Care Refresh var aktiviz\u0113t vienu reizi l\u012bdz 30 dien\u0101m p\u0113c ier\u012bces aktiviz\u0113\u0161anas (pirm\u0101s palai\u0161anas) Kamer\u0101m, kard\u0101niem un stabilizatoriem 30 dienu pagarin\u0101jums nav pieejams.<\/p>\n<p style=\"text-align: justify;\"><img loading=\"lazy\" decoding=\"async\" src=\"https:\/\/b2b.innpro.pl\/data\/include\/cms\/12DJI\/DJI-Care-Refresh-DJI-RS-3-Pro-kod-elektroniczny\/7.jpg?v=1670416201176\" border=\"0\" width=\"1100\" height=\"700\" \/><\/p>\n<p style=\"text-align: justify;\">\u00a0<\/p>\n<h3 style=\"text-align: center;\">DJI\u00a0RS 3 Pro<\/h3>\n<p style=\"text-align: justify;\">For DJI RS 3 Pro series gimbals, the cost of first replacement under DJI Care Refresh is\u00a0439 PLN. Second replacement cost is\u00a0569 PLN.*<\/p>\n<p style=\"text-align: justify;\">*When reporting directly to the manufacturer, the replacement amount may change depending on the current exchange rate.<\/p>\n<p style=\"text-align: justify;\"><img loading=\"lazy\" decoding=\"async\" src=\"https:\/\/b2b.innpro.pl\/data\/include\/cms\/12DJI\/DJI-Care-Refresh-DJI-RS-3-Pro-kod-elektroniczny\/1.jpg?v=1670416201176\" border=\"0\" width=\"1000\" height=\"637\" \/><\/p>\n<p style=\"text-align: justify;\">\u00a0<\/p>\n<h3 style=\"text-align: center;\">How to activate\u00a0DJI Care Refresh<\/h3>\n<p style=\"text-align: justify;\">1. Aktiviz\u0113jiet kodu:\u00a0<a href=\"https:\/\/support.dji.com\/care\/active\">https:\/\/support.dji.com\/care\/active<\/a>.<br \/>2. During the activation process you need to enter the Care Refresh code, the serial number of your device (located directly on the product) and the data of the person activating the Package (name and e-mail address).<br \/>3. DJI Care Refresh will be activated and automatically assigned to the appropriate region. You will receive confirmation of DJI Care Refresh activation via email. Your equipment is now safe!<\/p>\n<p style=\"text-align: justify;\"><img loading=\"lazy\" decoding=\"async\" src=\"https:\/\/b2b.innpro.pl\/data\/include\/cms\/12DJI\/DJI-Care-Refresh-DJI-RS-3-Pro-kod-elektroniczny\/2.jpg?v=1670416201176\" border=\"0\" width=\"1100\" height=\"700\" \/><\/p>\n<p style=\"text-align: justify;\">\u00a0<\/p>\n<h3 style=\"text-align: center;\">When an accident happens<\/h3>\n<p style=\"text-align: justify;\">1. The user reports the fault and sends the equipment to DJI&#8217;s German service center with a note that it has DJI Care Refresh.<br \/>2. The user receives a repair quote and, based on that, decides whether to have the repair\/replacement done for a fee or through DJI Care Refresh.<br \/>3. When you select DJI Care Refresh, you pay the replacement fee and receive another copy.<br \/>4. Replacement product is shipped to you on priority with free shipping.<\/p>\n<p style=\"text-align: justify;\"><img loading=\"lazy\" decoding=\"async\" src=\"https:\/\/b2b.innpro.pl\/data\/include\/cms\/12DJI\/DJI-Care-Refresh-DJI-RS-3-Pro-kod-elektroniczny\/5.jpg?v=1670416201176\" border=\"0\" width=\"1100\" height=\"700\" \/><\/p>\n<p style=\"text-align: justify;\">\u00a0<\/p>\n<h3 style=\"text-align: center;\">DJI Care Refresh\u00a0does not cover<\/h3>\n<p style=\"text-align: justify;\">1) Missing or partially missing product.<br \/>2) Stolen or abandoned product.<br \/>3) Papildu piederumi.<br \/>4) Intentional loss of product.<br \/>5) Damage to the housing that does not affect the operation of the product.<br \/>6) Direct or indirect damage caused by force majeure.<br \/>7) Defects occurring outside of the DJI Care Refresh validity period. <br \/>8) Additional charges for model upgrades, performance improvements.<br \/>9) Damage resulting from modifications that do not comply with the instructions in the user manual or from the use of incompatible batteries and chargers.<br \/>10) Defects resulting from the use of unauthorized accessories, batteries or software.<\/p>\n<p style=\"text-align: justify;\">\u00a0<\/p>\n<p style=\"text-align: justify;\">\u00a0<\/p>","protected":false},"excerpt":{"rendered":"<p>Service protection with DJI Care Refresh DJI Care Refresh is a service protection for DJI products that, for a small additional fee, offers two replacements of damaged equipment within one year, covering damage caused by impact or product contact with water, among other things. The damaged hardware will then be replaced with a new or [&#8230;]\n","protected":false},"featured_media":102775,"comment_status":"open","ping_status":"closed","template":"","meta":[],"location":[19557,19558],"product_brand":[],"product_cat":[12009],"product_tag":[],"class_list":{"0":"post-79097","1":"product","2":"type-product","3":"status-publish","4":"has-post-thumbnail","6":"location-innpro_stock_location","7":"location-local_stock_location","8":"product_cat-dji-care-refresh","10":"first","11":"instock","12":"taxable","13":"shipping-taxable","14":"purchasable","15":"product-type-simple"},"aioseo_notices":[],"locations":[{"id":19557,"name":"Pieg\u0101d\u0101ja noliktav\u0101 (5-7dd.d)","slug":"innpro_stock_location","quantity":"2"},{"id":19558,"name":"R\u012bgas veikals (0-2dd.d)","slug":"local_stock_location","quantity":"0"}],"_links":{"self":[{"href":"https:\/\/elektrons.lv\/lv\/wp-json\/wp\/v2\/product\/79097","targetHints":{"allow":["GET"]}}],"collection":[{"href":"https:\/\/elektrons.lv\/lv\/wp-json\/wp\/v2\/product"}],"about":[{"href":"https:\/\/elektrons.lv\/lv\/wp-json\/wp\/v2\/types\/product"}],"replies":[{"embeddable":true,"href":"https:\/\/elektrons.lv\/lv\/wp-json\/wp\/v2\/comments?post=79097"}],"wp:featuredmedia":[{"embeddable":true,"href":"https:\/\/elektrons.lv\/lv\/wp-json\/wp\/v2\/media\/102775"}],"wp:attachment":[{"href":"https:\/\/elektrons.lv\/lv\/wp-json\/wp\/v2\/media?parent=79097"}],"wp:term":[{"taxonomy":"location","embeddable":true,"href":"https:\/\/elektrons.lv\/lv\/wp-json\/wp\/v2\/location?post=79097"},{"taxonomy":"product_brand","embeddable":true,"href":"https:\/\/elektrons.lv\/lv\/wp-json\/wp\/v2\/product_brand?post=79097"},{"taxonomy":"product_cat","embeddable":true,"href":"https:\/\/elektrons.lv\/lv\/wp-json\/wp\/v2\/product_cat?post=79097"},{"taxonomy":"product_tag","embeddable":true,"href":"https:\/\/elektrons.lv\/lv\/wp-json\/wp\/v2\/product_tag?post=79097"}],"curies":[{"name":"wp","href":"https:\/\/api.w.org\/{rel}","templated":true}]}}