{"id":79114,"date":"2026-05-14T09:36:26","date_gmt":"2026-05-14T09:36:26","guid":{"rendered":"https:\/\/elektrons.lv\/Prece\/thermometer-and-hygrometer-switchbot-thermometer-and-hygrometer-plus\/"},"modified":"2026-05-14T12:02:24","modified_gmt":"2026-05-14T12:02:24","slug":"thermometer-and-hygrometer-switchbot-thermometer-and-hygrometer-plus","status":"publish","type":"product","link":"https:\/\/elektrons.lv\/lv\/Prece\/thermometer-and-hygrometer-switchbot-thermometer-and-hygrometer-plus\/","title":{"rendered":"Termometrs un higrometrs SwitchBot termometrs un higrometrs Plus"},"content":{"rendered":"<h3>Termometrs un higrometrs SwitchBot termometrs un higrometrs Plus<\/h3>\n<p>Now you can check the temperature and humidity in the room of your choice with just a glance. The Thermometer and Hygrometer from SwitchBot provides highly accurate measurements and features an easy-to-read 3\u2033 display. What&#8217;s more, when you pair it with the SwitchBot Hub Mini, available separately, you can conveniently automate your devices and control them by voice.<\/p>\n<p><img decoding=\"async\" src=\"https:\/\/b2b.innpro.pl\/data\/include\/cms\/SwitchBot\/SwitchBot-Thermometer-and-Hygrometer-Plus-bialy\/6.jpg\"><\/p>\n<h3>Ieb\u016bv\u0113ts displejs<\/h3>\n<p>Keep your hand on the pulse and conveniently check room conditions. SwitchBot Thermometer and Hygrometer Plus has a built-in 3-inch display that will provide you with information regarding the current temperature and humidity. All you need is a glance! Also noteworthy is a special indicator that uses an emoji to easily depict the current conditions and help you determine whether they are favorable or not.<\/p>\n<p><img decoding=\"async\" src=\"https:\/\/b2b.innpro.pl\/data\/include\/cms\/SwitchBot\/SwitchBot-Thermometer-and-Hygrometer-Plus-bialy\/2.jpg\"><\/p>\n<h3>High accuracy of measurements<\/h3>\n<p>The device is equipped with an advanced sensor that allows to measure temperature and humidity with very high accuracy. What&#8217;s more, the data is refreshed every 4 seconds or so, so you&#8217;re always up to date. However, this is not the end of the possibilities. Using the product, you can choose the unit of temperature measurement &#8211; \u00b0C or \u00b0F. All you have to do is press a button!<\/p>\n<p><img decoding=\"async\" src=\"https:\/\/b2b.innpro.pl\/data\/include\/cms\/SwitchBot\/SwitchBot-Thermometer-and-Hygrometer-Plus-bialy\/10.jpg\"><\/p>\n<h3>Many applications<\/h3>\n<p>A high-quality magnet and a sturdy stand make you successfully use the SwitchBot thermometer and hygrometer anywhere in your home. Want to use it in the kitchen? Just attach it to the refrigerator! You can also put it on a table in your bedroom or child&#8217;s room. The device will also come in handy in the greenhouse &#8211; it will help you keep the conditions there at an optimal level.<\/p>\n<p><img decoding=\"async\" src=\"https:\/\/b2b.innpro.pl\/data\/include\/cms\/SwitchBot\/SwitchBot-Thermometer-and-Hygrometer-Plus-bialy\/11.jpg\"><\/p>\n<h3>Smart control<\/h3>\n<p>Pair the thermometer with the SwitchBot Hub Mini smart control panel (sold separately) and get more options. The device is compatible with Amazon Alexa, Google Home, Siri Shortcuts, Line, IFTTT and SmartThings. So you can control it with apps of your choice and even voice commands! Now, with just a few words, for example, your smart assistant can read and transmit the current temperature value to you.<\/p>\n<p><img decoding=\"async\" src=\"https:\/\/b2b.innpro.pl\/data\/include\/cms\/SwitchBot\/SwitchBot-Thermometer-and-Hygrometer-Plus-bialy\/12.jpg\"><\/p>\n<h3>Connect it with other devices<\/h3>\n<p>The SwitchBot Hub Mini gateway offers even more possibilities. With it, you can connect your thermometer and hygrometer to other devices and automate their operation. Make the air conditioner automatically turn on when the room temperature rises to a certain level, and the humidifier run when the humidity drops significantly.<\/p>\n<p><img decoding=\"async\" src=\"https:\/\/b2b.innpro.pl\/data\/include\/cms\/SwitchBot\/SwitchBot-Thermometer-and-Hygrometer-Plus-bialy\/5.jpg\"><\/p>\n<h3>Convenient access to information<\/h3>\n<p>Keep everything under control. Just use the Hub Mini smart control panel and the dedicated SwitchBot app! Add your thermometers and hygrometers to it, and you will gain convenient access to the stored data and the history of measurements presented in the form of clear graphs. You will also receive useful notifications &#8211; for example, if the temperature in your child&#8217;s room drops below a certain level.<\/p>\n<p><img decoding=\"async\" src=\"https:\/\/b2b.innpro.pl\/data\/include\/cms\/SwitchBot\/SwitchBot-Thermometer-and-Hygrometer-Plus-bialy\/9.jpg\"><\/p>\n<h3>Long operating time<\/h3>\n<p>To power the device you will only need 2 AAA batteries, which you will find in the set. Don&#8217;t be afraid that you will need to replace them quickly! The product uses a modern Bluetooth chip, which ensures not only a fast, stable connection, but also low power consumption. Thanks to this, the thermometer will serve you for up to a year before you need to buy new batteries! SwitchBot Thermometer and Hygrometer Plus will save you money and time.<\/p>\n<p><img decoding=\"async\" src=\"https:\/\/b2b.innpro.pl\/data\/include\/cms\/SwitchBot\/SwitchBot-Thermometer-and-Hygrometer-Plus-bialy\/8.jpg\"><\/p>\n<h3>In the box<\/h3>\n<ul>\n<li>Internal thermometer and hygrometer<\/li>\n<li>AAA battery x2<\/li>\n<li>3M adhesive metal plate<\/li>\n<li>Lietot\u0101ja rokasgr\u0101mata<\/li>\n<\/ul>\n<div class=\"table-wrapper\">\n<table>\n<tbody>\n<tr>\n<th>Z\u012bmols<\/th>\n<td>SwitchBot<\/td>\n<\/tr>\n<tr>\n<th>V\u0101rds<\/th>\n<td>SwitchBot Meter Plus<\/td>\n<\/tr>\n<tr>\n<th>Modelis<\/th>\n<td>W2301500<\/td>\n<\/tr>\n<tr>\n<th>Kr\u0101sa<\/th>\n<td>Balts<\/td>\n<\/tr>\n<tr>\n<th>Screen diagonal<\/th>\n<td>3\u2033<\/td>\n<\/tr>\n<tr>\n<th>Savienojam\u012bba<\/th>\n<td>BLE 4.2 or above<\/td>\n<\/tr>\n<tr>\n<th>P\u0101rraides diapazons<\/th>\n<td>Up to 120m (under ideal conditions, without obstructions)<\/td>\n<\/tr>\n<tr>\n<th>Baro\u0161anas avots<\/th>\n<td>2x AAA battery<\/td>\n<\/tr>\n<tr>\n<th>Operation time<\/th>\n<td>Approx. 1 year<\/td>\n<\/tr>\n<tr>\n<th>Resolution<\/th>\n<td>0.1\u00b0C \/ 0.1\u00b0F \/ 1%RH<\/td>\n<\/tr>\n<tr>\n<th>Temperature measurement range<\/th>\n<td>From -20\u00b0C to 80\u00b0C (-4\u00b0F to 176\u00b0F)<\/td>\n<\/tr>\n<tr>\n<th>Humidity measurement range<\/th>\n<td>0-99%RH<\/td>\n<\/tr>\n<tr>\n<th>Temperature measurement accuracy<\/th>\n<td>From -20\u00b0C to 0\u00b0C (-4\u00b0F to 32\u00b0F): \u00b10.4\u00b0C \/ \u00b10.7\u00b0F;<\/td>\n<\/tr>\n<tr>\n<th>From 0\u00b0C to 65\u00b0C (32\u00b0F to 149\u00b0F): \u00b10.2\u00b0C \/ \u00b10.4\u00b0F;<\/th>\n<td>From 65\u00b0C to 80\u00b0C (149\u00b0F to 176\u00b0F): \u00b10.3\u00b0C \/ \u00b10.5\u00b0F;<\/td>\n<\/tr>\n<tr>\n<th>Accuracy of humidity measurement<\/th>\n<td>0-10%RH: \u00b14%RH;<\/td>\n<\/tr>\n<tr>\n<th>10-90%RH: \u00b12%RH;<\/th>\n<td>90-99%RH: \u00b14%RH;<\/td>\n<\/tr>\n<tr>\n<th>Materi\u0101ls<\/th>\n<td>ABS<\/td>\n<\/tr>\n<tr>\n<th>Izm\u0113ri<\/th>\n<td>79 x 65 x 22mm<\/td>\n<\/tr>\n<tr>\n<th>Svars<\/th>\n<td>64g<\/td>\n<\/tr>\n<tr>\n<th>System requirements<\/th>\n<td>iOS 11.0+, Android OS 5.0+<\/td>\n<\/tr>\n<tr>\n<th>App<\/th>\n<td>SwitchBot<\/td>\n<\/tr>\n<tr>\n<th>Compatibility (SwitchBot Hub Plus \/ Mini required).<\/th>\n<td>Amazon Alexa, Google Home, Siri Shortcuts, Line, IFTTT, SmartThings<\/td>\n<\/tr>\n<tr>\n<th>\u00a0<\/th>\n<td>\u00a0<\/td>\n<\/tr>\n<\/tbody>\n<\/table>\n<\/div>","protected":false},"excerpt":{"rendered":"<p>Thermometer and Hygrometer SwitchBot Thermometer and Hygrometer Plus Now you can check the temperature and humidity in the room of your choice with just a glance. The Thermometer and Hygrometer from SwitchBot provides highly accurate measurements and features an easy-to-read 3\u2033 display. What&#8217;s more, when you pair it with the SwitchBot Hub Mini, available separately, [&#8230;]\n","protected":false},"featured_media":102690,"comment_status":"open","ping_status":"closed","template":"","meta":[],"location":[19557,19558],"product_brand":[],"product_cat":[12370],"product_tag":[],"class_list":{"0":"post-79114","1":"product","2":"type-product","3":"status-publish","4":"has-post-thumbnail","6":"location-innpro_stock_location","7":"location-local_stock_location","8":"product_cat-sensors","10":"first","11":"outofstock","12":"taxable","13":"shipping-taxable","14":"purchasable","15":"product-type-simple"},"aioseo_notices":[],"locations":[{"id":19557,"name":"Pieg\u0101d\u0101ja noliktav\u0101 (5-7dd.d)","slug":"innpro_stock_location","quantity":"0"},{"id":19558,"name":"R\u012bgas veikals (0-2dd.d)","slug":"local_stock_location","quantity":"0"}],"_links":{"self":[{"href":"https:\/\/elektrons.lv\/lv\/wp-json\/wp\/v2\/product\/79114","targetHints":{"allow":["GET"]}}],"collection":[{"href":"https:\/\/elektrons.lv\/lv\/wp-json\/wp\/v2\/product"}],"about":[{"href":"https:\/\/elektrons.lv\/lv\/wp-json\/wp\/v2\/types\/product"}],"replies":[{"embeddable":true,"href":"https:\/\/elektrons.lv\/lv\/wp-json\/wp\/v2\/comments?post=79114"}],"wp:featuredmedia":[{"embeddable":true,"href":"https:\/\/elektrons.lv\/lv\/wp-json\/wp\/v2\/media\/102690"}],"wp:attachment":[{"href":"https:\/\/elektrons.lv\/lv\/wp-json\/wp\/v2\/media?parent=79114"}],"wp:term":[{"taxonomy":"location","embeddable":true,"href":"https:\/\/elektrons.lv\/lv\/wp-json\/wp\/v2\/location?post=79114"},{"taxonomy":"product_brand","embeddable":true,"href":"https:\/\/elektrons.lv\/lv\/wp-json\/wp\/v2\/product_brand?post=79114"},{"taxonomy":"product_cat","embeddable":true,"href":"https:\/\/elektrons.lv\/lv\/wp-json\/wp\/v2\/product_cat?post=79114"},{"taxonomy":"product_tag","embeddable":true,"href":"https:\/\/elektrons.lv\/lv\/wp-json\/wp\/v2\/product_tag?post=79114"}],"curies":[{"name":"wp","href":"https:\/\/api.w.org\/{rel}","templated":true}]}}