{"id":79134,"date":"2026-05-14T09:36:29","date_gmt":"2026-05-14T09:36:29","guid":{"rendered":"https:\/\/elektrons.lv\/Prece\/electric-rotating-turntable-display-puluz-30cm-usb-white\/"},"modified":"2026-05-14T12:01:54","modified_gmt":"2026-05-14T12:01:54","slug":"electric-rotating-turntable-display-puluz-30cm-usb-white","status":"publish","type":"product","link":"https:\/\/elektrons.lv\/lv\/Prece\/electric-rotating-turntable-display-puluz-30cm-usb-white\/","title":{"rendered":"Electric Rotating Turntable Display Puluz 30cm USB (white)"},"content":{"rendered":"<h3>Rotating photo stand Puluz (30 cm, white)<\/h3>\n<p>Need a stand that will allow you to professionally present your jewelry, watches, handbags, or figurine collection? The Puluz rotating stand with a diameter of 30 cm will be perfect both at home and in a store or photo studio. The device rotates 360\u00b0 and is equipped with a single button for convenient operation.\u00a0A micro USB cable is included, which will allow you to connect the stand to a compatible device.<\/p>\n<p><img decoding=\"async\" src=\"https:\/\/b2b.innpro.pl\/data\/include\/cms\/02Puluz\/PU3049W\/7.jpg\"><\/p>\n<h3>Little effort, big effect<\/h3>\n<p>If you&#8217;re looking for the best way to display your chosen items, opt for the Puluz rotating stand! Thanks to the built-in button, you can easily turn the device on\/off. The non-slip rubber pad means you can place the product on a smooth surface without worry.<\/p>\n<p><img decoding=\"async\" src=\"https:\/\/b2b.innpro.pl\/data\/include\/cms\/02Puluz\/PU3049W\/6.jpg\"><\/p>\n<h3>Ensure professionalism<\/h3>\n<p>Photograph and record the objects presented on the stand without interference! The device can bear weight up to 10 kg, so you don&#8217;t have to limit yourself. What&#8217;s more, the Puluz product works extremely quietly (50-60 dB), so unwanted noise will not prevent you from recording videos.<\/p>\n<p><img decoding=\"async\" src=\"https:\/\/b2b.innpro.pl\/data\/include\/cms\/02Puluz\/PU3049W\/4.jpg\"><\/p>\n<h3>Additional advantages<\/h3>\n<p>Thanks to the fact that the Puluz swivel stand has a USB port,\u00a0you can easily connect it to your desktop computer, laptop or charger and enjoy the results of its work.<\/p>\n<p><img decoding=\"async\" src=\"https:\/\/b2b.innpro.pl\/data\/include\/cms\/02Puluz\/PU3049W\/1.jpg\"><\/p>\n<h3>Iek\u013cauts:<\/h3>\n<ul>\n<li>Rotating photo stand x1<\/li>\n<li>Micro USB cable x1<\/li>\n<\/ul>\n<div class=\"table-wrapper\">\n<table>\n<tbody>\n<tr>\n<th>Ra\u017eot\u0101js<\/th>\n<td>Puluz<\/td>\n<\/tr>\n<tr>\n<th>Modelis<\/th>\n<td>PU3049W<\/td>\n<\/tr>\n<tr>\n<th>Materi\u0101ls<\/th>\n<td>ABS + PC<\/td>\n<\/tr>\n<tr>\n<th>Spriegums<\/th>\n<td>DC 5V<\/td>\n<\/tr>\n<tr>\n<th>Speed<\/th>\n<td>1 revolution \/ 35 seconds<\/td>\n<\/tr>\n<tr>\n<th>Diametrs<\/th>\n<td>30 cm<\/td>\n<\/tr>\n<tr>\n<th>Augstums<\/th>\n<td>5,8 cm<\/td>\n<\/tr>\n<tr>\n<th>Svars<\/th>\n<td>1232 g<\/td>\n<\/tr>\n<tr>\n<th>Lifting capacity<\/th>\n<td>5-10 kg<\/td>\n<\/tr>\n<tr>\n<th>Kr\u0101sa<\/th>\n<td>Balts<\/td>\n<\/tr>\n<\/tbody>\n<\/table>\n<\/div>","protected":false},"excerpt":{"rendered":"<p>Rotating photo stand Puluz (30 cm, white) Need a stand that will allow you to professionally present your jewelry, watches, handbags, or figurine collection? The Puluz rotating stand with a diameter of 30 cm will be perfect both at home and in a store or photo studio. The device rotates 360\u00b0 and is equipped with [&#8230;]\n","protected":false},"featured_media":102609,"comment_status":"open","ping_status":"closed","template":"","meta":[],"location":[19557,19558],"product_brand":[],"product_cat":[12366],"product_tag":[],"class_list":{"0":"post-79134","1":"product","2":"type-product","3":"status-publish","4":"has-post-thumbnail","6":"location-innpro_stock_location","7":"location-local_stock_location","8":"product_cat-stands","10":"first","11":"outofstock","12":"taxable","13":"shipping-taxable","14":"purchasable","15":"product-type-simple"},"aioseo_notices":[],"locations":[{"id":19557,"name":"Pieg\u0101d\u0101ja noliktav\u0101 (5-7dd.d)","slug":"innpro_stock_location","quantity":"0"},{"id":19558,"name":"R\u012bgas veikals (0-2dd.d)","slug":"local_stock_location","quantity":"0"}],"_links":{"self":[{"href":"https:\/\/elektrons.lv\/lv\/wp-json\/wp\/v2\/product\/79134","targetHints":{"allow":["GET"]}}],"collection":[{"href":"https:\/\/elektrons.lv\/lv\/wp-json\/wp\/v2\/product"}],"about":[{"href":"https:\/\/elektrons.lv\/lv\/wp-json\/wp\/v2\/types\/product"}],"replies":[{"embeddable":true,"href":"https:\/\/elektrons.lv\/lv\/wp-json\/wp\/v2\/comments?post=79134"}],"wp:featuredmedia":[{"embeddable":true,"href":"https:\/\/elektrons.lv\/lv\/wp-json\/wp\/v2\/media\/102609"}],"wp:attachment":[{"href":"https:\/\/elektrons.lv\/lv\/wp-json\/wp\/v2\/media?parent=79134"}],"wp:term":[{"taxonomy":"location","embeddable":true,"href":"https:\/\/elektrons.lv\/lv\/wp-json\/wp\/v2\/location?post=79134"},{"taxonomy":"product_brand","embeddable":true,"href":"https:\/\/elektrons.lv\/lv\/wp-json\/wp\/v2\/product_brand?post=79134"},{"taxonomy":"product_cat","embeddable":true,"href":"https:\/\/elektrons.lv\/lv\/wp-json\/wp\/v2\/product_cat?post=79134"},{"taxonomy":"product_tag","embeddable":true,"href":"https:\/\/elektrons.lv\/lv\/wp-json\/wp\/v2\/product_tag?post=79134"}],"curies":[{"name":"wp","href":"https:\/\/api.w.org\/{rel}","templated":true}]}}