{"id":79200,"date":"2026-05-14T09:36:38","date_gmt":"2026-05-14T09:36:38","guid":{"rendered":"https:\/\/elektrons.lv\/Prece\/sprinkling-can-deli-tools-edl581020\/"},"modified":"2026-05-14T12:00:41","modified_gmt":"2026-05-14T12:00:41","slug":"sprinkling-can-deli-tools-edl581020","status":"publish","type":"product","link":"https:\/\/elektrons.lv\/lv\/Prece\/sprinkling-can-deli-tools-edl581020\/","title":{"rendered":"Sprinkling Can Deli Tools EDL581020"},"content":{"rendered":"<h3>Deli Tools sprinkler bottle EDL581020<\/h3>\n<p>Convenient sprinkling of flowers will provide you with a bottle from Deli Tools with a capacity of 2 l. It is distinguished by an eye-pleasing shape and a specially designed handle, thanks to which the bottle will not slip out of your hands. The product is equipped with two nozzles &#8211; a long and a short one, which will allow you to adjust the type of sprinkling to your needs. What&#8217;s more, the bottle is made of shatterproof PE and is equipped with a valve that prevents overpressure.<\/p>\n<p><img decoding=\"async\" src=\"https:\/\/b2b.innpro.pl\/data\/include\/cms\/005Deli\/EDL581020\/3.jpg\"><\/p>\n<h3>Set contents:<\/h3>\n<ul>\n<li>Spray bottle x 1<\/li>\n<li>Replacement nozzles x 2<\/li>\n<\/ul>\n<div class=\"table-wrapper\">\n<table>\n<tbody>\n<tr>\n<th>Ra\u017eot\u0101js <\/th>\n<td>Deli Tools<\/td>\n<\/tr>\n<tr>\n<th>Modelis<\/th>\n<td>EDL581020<\/td>\n<\/tr>\n<tr>\n<th>Materi\u0101ls<\/th>\n<td>PE<\/td>\n<\/tr>\n<tr>\n<th>Kapacit\u0101te<\/th>\n<td>2 l<\/td>\n<\/tr>\n<tr>\n<th>Kr\u0101sa<\/th>\n<td>Green<\/td>\n<\/tr>\n<\/tbody>\n<\/table>\n<\/div>","protected":false},"excerpt":{"rendered":"<p>Deli Tools sprinkler bottle EDL581020 Convenient sprinkling of flowers will provide you with a bottle from Deli Tools with a capacity of 2 l. It is distinguished by an eye-pleasing shape and a specially designed handle, thanks to which the bottle will not slip out of your hands. The product is equipped with two nozzles [&#8230;]\n","protected":false},"featured_media":102377,"comment_status":"open","ping_status":"closed","template":"","meta":[],"location":[19557,19558],"product_brand":[],"product_cat":[13092],"product_tag":[],"class_list":{"0":"post-79200","1":"product","2":"type-product","3":"status-publish","4":"has-post-thumbnail","6":"location-innpro_stock_location","7":"location-local_stock_location","8":"product_cat-guns-and-squeezers","10":"first","11":"outofstock","12":"taxable","13":"shipping-taxable","14":"purchasable","15":"product-type-simple"},"aioseo_notices":[],"locations":[{"id":19557,"name":"Pieg\u0101d\u0101ja noliktav\u0101 (5-7dd.d)","slug":"innpro_stock_location","quantity":"0"},{"id":19558,"name":"R\u012bgas veikals (0-2dd.d)","slug":"local_stock_location","quantity":"0"}],"_links":{"self":[{"href":"https:\/\/elektrons.lv\/lv\/wp-json\/wp\/v2\/product\/79200","targetHints":{"allow":["GET"]}}],"collection":[{"href":"https:\/\/elektrons.lv\/lv\/wp-json\/wp\/v2\/product"}],"about":[{"href":"https:\/\/elektrons.lv\/lv\/wp-json\/wp\/v2\/types\/product"}],"replies":[{"embeddable":true,"href":"https:\/\/elektrons.lv\/lv\/wp-json\/wp\/v2\/comments?post=79200"}],"wp:featuredmedia":[{"embeddable":true,"href":"https:\/\/elektrons.lv\/lv\/wp-json\/wp\/v2\/media\/102377"}],"wp:attachment":[{"href":"https:\/\/elektrons.lv\/lv\/wp-json\/wp\/v2\/media?parent=79200"}],"wp:term":[{"taxonomy":"location","embeddable":true,"href":"https:\/\/elektrons.lv\/lv\/wp-json\/wp\/v2\/location?post=79200"},{"taxonomy":"product_brand","embeddable":true,"href":"https:\/\/elektrons.lv\/lv\/wp-json\/wp\/v2\/product_brand?post=79200"},{"taxonomy":"product_cat","embeddable":true,"href":"https:\/\/elektrons.lv\/lv\/wp-json\/wp\/v2\/product_cat?post=79200"},{"taxonomy":"product_tag","embeddable":true,"href":"https:\/\/elektrons.lv\/lv\/wp-json\/wp\/v2\/product_tag?post=79200"}],"curies":[{"name":"wp","href":"https:\/\/api.w.org\/{rel}","templated":true}]}}