{"id":79203,"date":"2026-05-14T09:36:38","date_gmt":"2026-05-14T09:36:38","guid":{"rendered":"https:\/\/elektrons.lv\/Prece\/toslink-optical-audio-cable-vention-baebf-1m-black\/"},"modified":"2026-05-15T16:01:53","modified_gmt":"2026-05-15T14:01:53","slug":"toslink-optical-audio-cable-vention-baebf-1m-black","status":"publish","type":"product","link":"https:\/\/elektrons.lv\/lv\/Prece\/toslink-optical-audio-cable-vention-baebf-1m-black\/","title":{"rendered":"Toslink Optical Audio Cable Vention BAEBF 1m (Black)"},"content":{"rendered":"<h3>Toslink Audio Optical Cable Vention 1m (Black)<\/h3>\n<p>The Toslink Audio Vention optical cable is an essential part of any modern audio system. Allowing you to work seamlessly with a variety of devices. It offers an unparalleled audio experience. Protected against dust and oxidation, and what&#8217;s more, it is characterised by exceptional durability and long service life. Made from the highest quality materials, it guarantees excellent sound quality.<\/p>\n<p><img decoding=\"async\" src=\"https:\/\/b2b.innpro.pl\/data\/include\/cms\/Vention\/BAEBF\/1.jpg\" alt=\"Vention\/BAEBF\/1\"><\/p>\n<h3>User comfort <\/h3>\n<p>The Toslink Audio Vention optical cable is a highly compatible audio cable, ideal for anyone who values reliable and robust connectivity. It uses fibre-optic transmission technology to provide clear, undistorted sound of excellent quality. The digital audio signals it transmits are completely immune to electromagnetic interference, meaning that no matter the environment, the sound will always be clear and clean. In addition, the cable is 1 metre long, allowing for flexible positioning of audio devices at home or in the office.<\/p>\n<p><img decoding=\"async\" src=\"https:\/\/b2b.innpro.pl\/data\/include\/cms\/Vention\/BAEBF\/2.jpg\" alt=\"Vention\/BAEBF\/2\"><\/p>\n<h3>P\u0101rdom\u0101ts dizains<\/h3>\n<p>The optical cable is a versatile tool, compatible with various devices such as TVs, games consoles (PS4\/XBOX), DVDs or projectors. Made from the highest quality materials, it is characterised by exceptional durability and long life. In addition, its design protects against dust, ensuring long and trouble-free use. The cable&#8217;s unique properties also include protection against oxidation, which further increases its lifespan.<\/p>\n<p><img decoding=\"async\" src=\"https:\/\/b2b.innpro.pl\/data\/include\/cms\/Vention\/BAEBF\/3.jpg\" alt=\"Vention\/BAEBF\/3\"><\/p>\n<div class=\"table-wrapper\">\n<table>\n<tbody>\n<tr>\n<th>Ra\u017eot\u0101js <\/th>\n<td>Vention<\/td>\n<\/tr>\n<tr>\n<th>Modelis <\/th>\n<td>BAEBF<\/td>\n<\/tr>\n<tr>\n<th>Colour <\/th>\n<td>Melns <\/td>\n<\/tr>\n<tr>\n<th>Materi\u0101ls <\/th>\n<td>PVC<\/td>\n<\/tr>\n<tr>\n<th>Garums<\/th>\n<td>1 m <\/td>\n<\/tr>\n<tr>\n<th>End piece dimensions <\/th>\n<td>10.5 \u00d7 11 \u00d7 25 mm<\/td>\n<\/tr>\n<\/tbody>\n<\/table>\n<\/div>","protected":false},"excerpt":{"rendered":"<p>Toslink Audio Optical Cable Vention 1m (Black) The Toslink Audio Vention optical cable is an essential part of any modern audio system. Allowing you to work seamlessly with a variety of devices. It offers an unparalleled audio experience. Protected against dust and oxidation, and what&#8217;s more, it is characterised by exceptional durability and long service [&#8230;]\n","protected":false},"featured_media":102386,"comment_status":"open","ping_status":"closed","template":"","meta":[],"location":[19557,19558],"product_brand":[],"product_cat":[12070],"product_tag":[],"class_list":{"0":"post-79203","1":"product","2":"type-product","3":"status-publish","4":"has-post-thumbnail","6":"location-innpro_stock_location","7":"location-local_stock_location","8":"product_cat-audio-cables","10":"first","11":"outofstock","12":"taxable","13":"shipping-taxable","14":"purchasable","15":"product-type-simple"},"aioseo_notices":[],"locations":[{"id":19557,"name":"Pieg\u0101d\u0101ja noliktav\u0101 (5-7dd.d)","slug":"innpro_stock_location","quantity":"0"},{"id":19558,"name":"R\u012bgas veikals (0-2dd.d)","slug":"local_stock_location","quantity":"0"}],"_links":{"self":[{"href":"https:\/\/elektrons.lv\/lv\/wp-json\/wp\/v2\/product\/79203","targetHints":{"allow":["GET"]}}],"collection":[{"href":"https:\/\/elektrons.lv\/lv\/wp-json\/wp\/v2\/product"}],"about":[{"href":"https:\/\/elektrons.lv\/lv\/wp-json\/wp\/v2\/types\/product"}],"replies":[{"embeddable":true,"href":"https:\/\/elektrons.lv\/lv\/wp-json\/wp\/v2\/comments?post=79203"}],"wp:featuredmedia":[{"embeddable":true,"href":"https:\/\/elektrons.lv\/lv\/wp-json\/wp\/v2\/media\/102386"}],"wp:attachment":[{"href":"https:\/\/elektrons.lv\/lv\/wp-json\/wp\/v2\/media?parent=79203"}],"wp:term":[{"taxonomy":"location","embeddable":true,"href":"https:\/\/elektrons.lv\/lv\/wp-json\/wp\/v2\/location?post=79203"},{"taxonomy":"product_brand","embeddable":true,"href":"https:\/\/elektrons.lv\/lv\/wp-json\/wp\/v2\/product_brand?post=79203"},{"taxonomy":"product_cat","embeddable":true,"href":"https:\/\/elektrons.lv\/lv\/wp-json\/wp\/v2\/product_cat?post=79203"},{"taxonomy":"product_tag","embeddable":true,"href":"https:\/\/elektrons.lv\/lv\/wp-json\/wp\/v2\/product_tag?post=79203"}],"curies":[{"name":"wp","href":"https:\/\/api.w.org\/{rel}","templated":true}]}}