{"id":79205,"date":"2026-05-14T09:36:39","date_gmt":"2026-05-14T09:36:39","guid":{"rendered":"https:\/\/elektrons.lv\/Prece\/superfire-t26-s-camping-lamp-500-lm-solar-18w-3-modes\/"},"modified":"2026-05-15T07:48:32","modified_gmt":"2026-05-15T07:48:32","slug":"superfire-t26-s-camping-lamp-500-lm-solar-18w-3-modes","status":"publish","type":"product","link":"https:\/\/elektrons.lv\/lv\/Prece\/superfire-t26-s-camping-lamp-500-lm-solar-18w-3-modes\/","title":{"rendered":"Superfire T26-S kempinga lampa, 500 lm, saules, 18W, 3 re\u017e\u012bmi"},"content":{"rendered":"<h3>Superfire T26-S kempinga lampa, 500 lm, saules, 18W, 3 re\u017e\u012bmi<\/h3>\n<p>Going camping or fishing? Provide yourself with a reliable source of light! The Superfire T26-S camping lamp is distinguished by a brightness of up to 500 lm and allows you to choose from 3 light modes. Its working time is about 6.5 hours, and thanks to its lightweight, portable design you can always have it at hand. What&#8217;s more, the device charges in 2 ways &#8211; via a micro USB cable (Universal Serial Bus, an interface standard used for charging likes to power electronic devices, as well as for data transfer) or the built-in solar panel, and a light indicator will inform you about the charging process of the light (blue flickering means charging, solid blue means charging is complete). The ability to use the light while charging is another advantage of the accessory.<\/p>\n<p>\n<img decoding=\"async\" alt=\"Superfire T26-S lamp, in the background is a couple using a laptop.\" border=\"0\" src=\"https:\/\/assets.innpro.pl\/14078\/17568\/7.jpg\"\/>\n<\/p>\n<h3>Reliable light source &#8211; 3 modes to choose from<\/h3>\n<p>The lamp uses up to 36 energy-saving and environmentally friendly LEDs, so it can provide bright, vision-safe light. Its power reaches 18 watts, and its brightness is up to 500 lm. There are also 3 lighting modes at your disposal &#8211; High Light, Low Light and Strobe. This makes it easy to adjust the device&#8217;s performance to your needs. Switching between modes is very easy! Press the toggle button to activate High Light mode, then press the adjustment button to switch between levels.<\/p>\n<p>\n<img decoding=\"async\" alt=\"A visualization showing the three light modes of the Superfire T26-S lapma. Next to it is a tent with two children sitting in it.\" border=\"0\" src=\"https:\/\/assets.innpro.pl\/14078\/17568\/4.jpg\"\/>\n<\/p>\n<h3>Long working time &#8211; 2 ways of charging<\/h3>\n<p>Have confidence that your lamp will not refuse to serve you at the least opportune moment. The T26-S is equipped with a powerful 4800 mAh battery that provides a runtime of up to 6.5 hours. You can charge it in 2 ways &#8211; using a micro USB cable or using green solar energy &#8211; the device has a small built-in silicon photovoltaic panel, which provides a constant supply of electricity.<\/p>\n<p>\n<img decoding=\"async\" alt=\"A graphic showing the two methods of charging the Superfire T26-S lamp - via USB or a photovoltaic panel.\" border=\"0\" src=\"https:\/\/assets.innpro.pl\/14078\/17568\/8.jpg\"\/>\n<\/p>\n<h3>P\u0101rdom\u0101ts dizains<\/h3>\n<p>The T26-S camping lamp is extremely lightweight and portable &#8211; it can accompany you almost anywhere. It will not take up too much space in your backpack or travel bag! It will be perfect for camping and more. Its additional advantage is a special hook, with which you can, for example, hang it on a tree or in a tent. The device also has a built-in display that will provide you with information about its charging status.<\/p>\n<p>\n<img decoding=\"async\" alt=\"A hand holding the pendant of the Superfire T26-S lamp, next to it is the same model, but suspended from a tree.\" border=\"0\" src=\"https:\/\/assets.innpro.pl\/14078\/17568\/3.jpg\"\/>\n<\/p>\n<h3>Vair\u0101ki lietojumi<\/h3>\n<p>Opt for versatile solutions. The lamp is distinguished by its 360\u00b0 illumination angle, making it perfect for a variety of applications. If you want, take it on a camping or fishing trip, you can also successfully use it in emergency situations, for example, when the power goes out or you need a minor car repair. The device can also serve as a night light. With its help you can also illuminate the garden.<\/p>\n<p>\n<img decoding=\"async\" alt=\"Superfire T26-S lamp shown in four different scenarios - in the bedroom, on the terrace, while repairing the car, while fishing.\" border=\"0\" src=\"https:\/\/assets.innpro.pl\/14078\/17568\/1.jpg\"\/>\n<\/p>\n<div class=\"table-wrapper\">\n<p>\u00a0<\/p>\n<h3><\/h3>\n<table>\n<tbody>\n<tr>\n<th>Ra\u017eot\u0101js<\/th>\n<td>SuperFire<\/td>\n<\/tr>\n<tr>\n<th>Modelis<\/th>\n<td>T26-S<\/td>\n<\/tr>\n<tr>\n<th>Spilgtums<\/th>\n<td>500 lm<\/td>\n<\/tr>\n<tr>\n<th>Akumulatora ietilp\u012bba<\/th>\n<td>4 x 1200 mAh<\/td>\n<\/tr>\n<tr>\n<th>Darb\u012bbas laiks<\/th>\n<td>Approx. 6.5 h<\/td>\n<\/tr>\n<tr>\n<th>Uzl\u0101des ports<\/th>\n<td>Micro USB<\/td>\n<\/tr>\n<tr>\n<th>Diapazons<\/th>\n<td>Up to 25 m2<\/td>\n<\/tr>\n<tr>\n<th>Materi\u0101ls<\/th>\n<td>PC + ABS<\/td>\n<\/tr>\n<tr>\n<th>Modes<\/th>\n<td>3 (High Light, Low Light, Strobe)<\/td>\n<\/tr>\n<tr>\n<th>Jauda<\/th>\n<td>18 W<\/td>\n<\/tr>\n<\/tbody>\n<\/table>\n<\/div>","protected":false},"excerpt":{"rendered":"<p>Superfire T26-S camping lamp, 500 lm, solar, 18W, 3 modes Going camping or fishing? Provide yourself with a reliable source of light! The Superfire T26-S camping lamp is distinguished by a brightness of up to 500 lm and allows you to choose from 3 light modes. Its working time is about 6.5 hours, and thanks [&#8230;]\n","protected":false},"featured_media":102362,"comment_status":"open","ping_status":"closed","template":"","meta":[],"location":[19557,19558],"product_brand":[],"product_cat":[12445],"product_tag":[],"class_list":{"0":"post-79205","1":"product","2":"type-product","3":"status-publish","4":"has-post-thumbnail","6":"location-innpro_stock_location","7":"location-local_stock_location","8":"product_cat-camping-lamps","10":"first","11":"instock","12":"sale","13":"taxable","14":"shipping-taxable","15":"purchasable","16":"product-type-simple"},"aioseo_notices":[],"locations":[{"id":19557,"name":"Pieg\u0101d\u0101ja noliktav\u0101 (5-7dd.d)","slug":"innpro_stock_location","quantity":"103"},{"id":19558,"name":"R\u012bgas veikals (0-2dd.d)","slug":"local_stock_location","quantity":"0"}],"_links":{"self":[{"href":"https:\/\/elektrons.lv\/lv\/wp-json\/wp\/v2\/product\/79205","targetHints":{"allow":["GET"]}}],"collection":[{"href":"https:\/\/elektrons.lv\/lv\/wp-json\/wp\/v2\/product"}],"about":[{"href":"https:\/\/elektrons.lv\/lv\/wp-json\/wp\/v2\/types\/product"}],"replies":[{"embeddable":true,"href":"https:\/\/elektrons.lv\/lv\/wp-json\/wp\/v2\/comments?post=79205"}],"wp:featuredmedia":[{"embeddable":true,"href":"https:\/\/elektrons.lv\/lv\/wp-json\/wp\/v2\/media\/102362"}],"wp:attachment":[{"href":"https:\/\/elektrons.lv\/lv\/wp-json\/wp\/v2\/media?parent=79205"}],"wp:term":[{"taxonomy":"location","embeddable":true,"href":"https:\/\/elektrons.lv\/lv\/wp-json\/wp\/v2\/location?post=79205"},{"taxonomy":"product_brand","embeddable":true,"href":"https:\/\/elektrons.lv\/lv\/wp-json\/wp\/v2\/product_brand?post=79205"},{"taxonomy":"product_cat","embeddable":true,"href":"https:\/\/elektrons.lv\/lv\/wp-json\/wp\/v2\/product_cat?post=79205"},{"taxonomy":"product_tag","embeddable":true,"href":"https:\/\/elektrons.lv\/lv\/wp-json\/wp\/v2\/product_tag?post=79205"}],"curies":[{"name":"wp","href":"https:\/\/api.w.org\/{rel}","templated":true}]}}