{"id":79213,"date":"2026-05-14T09:36:40","date_gmt":"2026-05-14T09:36:40","guid":{"rendered":"https:\/\/elektrons.lv\/Prece\/car-charger-joyroom-jr-cl09-4-port-1x-usb-c-pd-1x-qc3-0-usb-2x-usb-black\/"},"modified":"2026-05-14T12:00:33","modified_gmt":"2026-05-14T12:00:33","slug":"car-charger-joyroom-jr-cl09-4-port-1x-usb-c-pd-1x-qc3-0-usb-2x-usb-black","status":"publish","type":"product","link":"https:\/\/elektrons.lv\/lv\/Prece\/car-charger-joyroom-jr-cl09-4-port-1x-usb-c-pd-1x-qc3-0-usb-2x-usb-black\/","title":{"rendered":"Car charger Joyroom JR-CL09, 4-port, 1x USB-C PD, 1x QC3.0 USB, 2x USB (black)"},"content":{"rendered":"","protected":false},"excerpt":{"rendered":"","protected":false},"featured_media":102355,"comment_status":"open","ping_status":"closed","template":"","meta":[],"location":[19557,19558],"product_brand":[],"product_cat":[12041],"product_tag":[],"class_list":{"0":"post-79213","1":"product","2":"type-product","3":"status-publish","4":"has-post-thumbnail","6":"location-innpro_stock_location","7":"location-local_stock_location","8":"product_cat-car-chargers","10":"first","11":"outofstock","12":"taxable","13":"shipping-taxable","14":"purchasable","15":"product-type-simple"},"aioseo_notices":[],"locations":[{"id":19557,"name":"Pieg\u0101d\u0101ja noliktav\u0101 (5-7dd.d)","slug":"innpro_stock_location","quantity":"0"},{"id":19558,"name":"R\u012bgas veikals (0-2dd.d)","slug":"local_stock_location","quantity":"0"}],"_links":{"self":[{"href":"https:\/\/elektrons.lv\/lv\/wp-json\/wp\/v2\/product\/79213","targetHints":{"allow":["GET"]}}],"collection":[{"href":"https:\/\/elektrons.lv\/lv\/wp-json\/wp\/v2\/product"}],"about":[{"href":"https:\/\/elektrons.lv\/lv\/wp-json\/wp\/v2\/types\/product"}],"replies":[{"embeddable":true,"href":"https:\/\/elektrons.lv\/lv\/wp-json\/wp\/v2\/comments?post=79213"}],"wp:featuredmedia":[{"embeddable":true,"href":"https:\/\/elektrons.lv\/lv\/wp-json\/wp\/v2\/media\/102355"}],"wp:attachment":[{"href":"https:\/\/elektrons.lv\/lv\/wp-json\/wp\/v2\/media?parent=79213"}],"wp:term":[{"taxonomy":"location","embeddable":true,"href":"https:\/\/elektrons.lv\/lv\/wp-json\/wp\/v2\/location?post=79213"},{"taxonomy":"product_brand","embeddable":true,"href":"https:\/\/elektrons.lv\/lv\/wp-json\/wp\/v2\/product_brand?post=79213"},{"taxonomy":"product_cat","embeddable":true,"href":"https:\/\/elektrons.lv\/lv\/wp-json\/wp\/v2\/product_cat?post=79213"},{"taxonomy":"product_tag","embeddable":true,"href":"https:\/\/elektrons.lv\/lv\/wp-json\/wp\/v2\/product_tag?post=79213"}],"curies":[{"name":"wp","href":"https:\/\/api.w.org\/{rel}","templated":true}]}}