{"id":79216,"date":"2026-05-14T09:36:41","date_gmt":"2026-05-14T09:36:41","guid":{"rendered":"https:\/\/elektrons.lv\/Prece\/cycling-face-mask-rockbros-lf8049-2-dark-grey\/"},"modified":"2026-05-14T12:00:30","modified_gmt":"2026-05-14T12:00:30","slug":"cycling-face-mask-rockbros-lf8049-2-dark-grey","status":"publish","type":"product","link":"https:\/\/elektrons.lv\/lv\/Prece\/cycling-face-mask-rockbros-lf8049-2-dark-grey\/","title":{"rendered":"Rite\u0146brauk\u0161ana Sejas maska Rockbros LF8049-2 (tum\u0161i pel\u0113ka)"},"content":{"rendered":"<h3>Rockbros face mask, for bike LF8049-2 (dark grey)<\/h3>\n<p>The Rockbros face mask is a useful accessory for every outdoor enthusiast. It provides effective protection against wind, dust as well as the sun. The sling is made of high-quality ice silk, which is characterised by good absorption and incredible elasticity. You can use the product in many ways, including as a face mask, cap, headband or neck chimney. <\/p>\n<p><img decoding=\"async\" src=\"https:\/\/b2b.innpro.pl\/data\/include\/cms\/Rockbros\/LF8049-2\/1.jpg\"><\/p>\n<div class=\"table-wrapper\">\n<table>\n<tbody>\n<tr>\n<th>Ra\u017eot\u0101js<\/th>\n<td>Rockbros<\/td>\n<\/tr>\n<tr>\n<th>Modelis<\/th>\n<td>LF8049-2<\/td>\n<\/tr>\n<tr>\n<th>Colour<\/th>\n<td>Dark grey<\/td>\n<\/tr>\n<tr>\n<th>Izm\u0113rs<\/th>\n<td>Universal<\/td>\n<\/tr>\n<tr>\n<th>Materi\u0101ls<\/th>\n<td>Ice silk (85% polyester fibres, 15% polyurethane)<\/td>\n<\/tr>\n<\/tbody>\n<\/table>\n<\/div>","protected":false},"excerpt":{"rendered":"<p>Rockbros face mask, for bike LF8049-2 (dark grey) The Rockbros face mask is a useful accessory for every outdoor enthusiast. It provides effective protection against wind, dust as well as the sun. The sling is made of high-quality ice silk, which is characterised by good absorption and incredible elasticity. You can use the product in [&#8230;]\n","protected":false},"featured_media":102346,"comment_status":"open","ping_status":"closed","template":"","meta":[],"location":[19557,19558],"product_brand":[],"product_cat":[13575],"product_tag":[],"class_list":{"0":"post-79216","1":"product","2":"type-product","3":"status-publish","4":"has-post-thumbnail","6":"location-innpro_stock_location","7":"location-local_stock_location","8":"product_cat-clothing","10":"first","11":"outofstock","12":"taxable","13":"shipping-taxable","14":"purchasable","15":"product-type-simple"},"aioseo_notices":[],"locations":[{"id":19557,"name":"Pieg\u0101d\u0101ja noliktav\u0101 (5-7dd.d)","slug":"innpro_stock_location","quantity":"0"},{"id":19558,"name":"R\u012bgas veikals (0-2dd.d)","slug":"local_stock_location","quantity":"0"}],"_links":{"self":[{"href":"https:\/\/elektrons.lv\/lv\/wp-json\/wp\/v2\/product\/79216","targetHints":{"allow":["GET"]}}],"collection":[{"href":"https:\/\/elektrons.lv\/lv\/wp-json\/wp\/v2\/product"}],"about":[{"href":"https:\/\/elektrons.lv\/lv\/wp-json\/wp\/v2\/types\/product"}],"replies":[{"embeddable":true,"href":"https:\/\/elektrons.lv\/lv\/wp-json\/wp\/v2\/comments?post=79216"}],"wp:featuredmedia":[{"embeddable":true,"href":"https:\/\/elektrons.lv\/lv\/wp-json\/wp\/v2\/media\/102346"}],"wp:attachment":[{"href":"https:\/\/elektrons.lv\/lv\/wp-json\/wp\/v2\/media?parent=79216"}],"wp:term":[{"taxonomy":"location","embeddable":true,"href":"https:\/\/elektrons.lv\/lv\/wp-json\/wp\/v2\/location?post=79216"},{"taxonomy":"product_brand","embeddable":true,"href":"https:\/\/elektrons.lv\/lv\/wp-json\/wp\/v2\/product_brand?post=79216"},{"taxonomy":"product_cat","embeddable":true,"href":"https:\/\/elektrons.lv\/lv\/wp-json\/wp\/v2\/product_cat?post=79216"},{"taxonomy":"product_tag","embeddable":true,"href":"https:\/\/elektrons.lv\/lv\/wp-json\/wp\/v2\/product_tag?post=79216"}],"curies":[{"name":"wp","href":"https:\/\/api.w.org\/{rel}","templated":true}]}}