{"id":79249,"date":"2026-05-14T09:36:45","date_gmt":"2026-05-14T09:36:45","guid":{"rendered":"https:\/\/elektrons.lv\/Prece\/bicycle-leg-sets-rockbros-size-l-xl-lkpj003xl-black\/"},"modified":"2026-05-15T07:48:34","modified_gmt":"2026-05-15T07:48:34","slug":"bicycle-leg-sets-rockbros-size-l-xl-lkpj003xl-black","status":"publish","type":"product","link":"https:\/\/elektrons.lv\/lv\/Prece\/bicycle-leg-sets-rockbros-size-l-xl-lkpj003xl-black\/","title":{"rendered":"Velosip\u0113du k\u0101ju komplekti Rockbros izm\u0113rs: L\/XL LKPJ003XL (melns)"},"content":{"rendered":"<h3>Rockbros cycling leggings size L\/XL LKPJ003XL<\/h3>\n<p>Are you a cycling enthusiast and ride your bike even when the weather conditions are not favorable? Get ready for a cycling trip with Rockbros. The LKPJ003XL insulated leggings fit perfectly on your legs, effectively retain heat and greatly increase your comfort while riding. Noteworthy is the reflector, which will make you visible even after dark. The product is made of nylon and elastane, which positively affects the comfort of use.<\/p>\n<p><img decoding=\"async\" src=\"https:\/\/b2b.innpro.pl\/data\/include\/cms\/Rockbros\/LKPJ003XL\/4.jpg\"><\/p>\n<div class=\"table-wrapper\">\n<table>\n<tbody>\n<tr>\n<th>Ra\u017eot\u0101js<\/th>\n<td>Rockbros<\/td>\n<\/tr>\n<tr>\n<th>Modelis<\/th>\n<td>LKPJ003XL <\/td>\n<\/tr>\n<tr>\n<th>Izm\u0113rs<\/th>\n<td>L\/XL (thigh diameter: 37 cm, calf diameter: 23 cm length: 64 cm)<\/td>\n<\/tr>\n<tr>\n<th>Materi\u0101ls<\/th>\n<td>84% nylon + 16% elastane<\/td>\n<\/tr>\n<tr>\n<th>Kr\u0101sa<\/th>\n<td>melns<\/td>\n<\/tr>\n<\/tbody>\n<\/table>\n<\/div>","protected":false},"excerpt":{"rendered":"<p>Rockbros cycling leggings size L\/XL LKPJ003XL Are you a cycling enthusiast and ride your bike even when the weather conditions are not favorable? Get ready for a cycling trip with Rockbros. The LKPJ003XL insulated leggings fit perfectly on your legs, effectively retain heat and greatly increase your comfort while riding. Noteworthy is the reflector, which [&#8230;]\n","protected":false},"featured_media":102280,"comment_status":"open","ping_status":"closed","template":"","meta":[],"location":[19557,19558],"product_brand":[],"product_cat":[13575],"product_tag":[],"class_list":{"0":"post-79249","1":"product","2":"type-product","3":"status-publish","4":"has-post-thumbnail","6":"location-innpro_stock_location","7":"location-local_stock_location","8":"product_cat-clothing","10":"first","11":"instock","12":"sale","13":"taxable","14":"shipping-taxable","15":"purchasable","16":"product-type-simple"},"aioseo_notices":[],"locations":[{"id":19557,"name":"Pieg\u0101d\u0101ja noliktav\u0101 (5-7dd.d)","slug":"innpro_stock_location","quantity":"45"},{"id":19558,"name":"R\u012bgas veikals (0-2dd.d)","slug":"local_stock_location","quantity":"0"}],"_links":{"self":[{"href":"https:\/\/elektrons.lv\/lv\/wp-json\/wp\/v2\/product\/79249","targetHints":{"allow":["GET"]}}],"collection":[{"href":"https:\/\/elektrons.lv\/lv\/wp-json\/wp\/v2\/product"}],"about":[{"href":"https:\/\/elektrons.lv\/lv\/wp-json\/wp\/v2\/types\/product"}],"replies":[{"embeddable":true,"href":"https:\/\/elektrons.lv\/lv\/wp-json\/wp\/v2\/comments?post=79249"}],"wp:featuredmedia":[{"embeddable":true,"href":"https:\/\/elektrons.lv\/lv\/wp-json\/wp\/v2\/media\/102280"}],"wp:attachment":[{"href":"https:\/\/elektrons.lv\/lv\/wp-json\/wp\/v2\/media?parent=79249"}],"wp:term":[{"taxonomy":"location","embeddable":true,"href":"https:\/\/elektrons.lv\/lv\/wp-json\/wp\/v2\/location?post=79249"},{"taxonomy":"product_brand","embeddable":true,"href":"https:\/\/elektrons.lv\/lv\/wp-json\/wp\/v2\/product_brand?post=79249"},{"taxonomy":"product_cat","embeddable":true,"href":"https:\/\/elektrons.lv\/lv\/wp-json\/wp\/v2\/product_cat?post=79249"},{"taxonomy":"product_tag","embeddable":true,"href":"https:\/\/elektrons.lv\/lv\/wp-json\/wp\/v2\/product_tag?post=79249"}],"curies":[{"name":"wp","href":"https:\/\/api.w.org\/{rel}","templated":true}]}}