{"id":79299,"date":"2026-05-14T09:36:51","date_gmt":"2026-05-14T09:36:51","guid":{"rendered":"https:\/\/elektrons.lv\/Prece\/battery-to-portable-air-conditioner-ecoflow-wave-2\/"},"modified":"2026-05-14T11:59:28","modified_gmt":"2026-05-14T11:59:28","slug":"battery-to-portable-air-conditioner-ecoflow-wave-2","status":"publish","type":"product","link":"https:\/\/elektrons.lv\/lv\/Prece\/battery-to-portable-air-conditioner-ecoflow-wave-2\/","title":{"rendered":"Battery to Portable Air Conditioner EcoFlow WAVE 2"},"content":{"rendered":"<h3>Battery for EcoFlow WAVE 2 air conditioner<\/h3>\n<p>A rechargeable battery for the portable air conditioner EcoFlow Wave 2, with a capacity of 1159 Wh and a long operating time. It allows the unit to operate wirelessly, which is ideal for use in yachts, tents and campervans. Free yourself from cables and enjoy freedom!<\/p>\n<p><img decoding=\"async\" src=\"https:\/\/b2b.innpro.pl\/data\/include\/cms\/12EcoFlow\/Wave-2-battery\/7.jpg\" border=\"0\" alt=\"12EcoFlow\/Wave-2-battery\/7\" \/><\/p>\n<div class=\"table-wrapper\">\n<table>\n<tbody>\n<tr>\n<th>Z\u012bmols<\/th>\n<td>EcoFlow<\/td>\n<\/tr>\n<tr>\n<th>V\u0101rds<\/th>\n<td>EcoFlow WAVE 2 add-on battery<\/td>\n<\/tr>\n<tr>\n<th>Modelis<\/th>\n<td>ZYDKT210-EB<\/td>\n<\/tr>\n<tr>\n<th>Kapacit\u0101te<\/th>\n<td>1159 Wh<\/td>\n<\/tr>\n<tr>\n<th>\u0160\u016bnas tips<\/th>\n<td>NCM<\/td>\n<\/tr>\n<tr>\n<th>Kalpo\u0161anas m\u016b\u017es<\/th>\n<td>Approx. 800 cycles to 80%+ capacity<\/td>\n<\/tr>\n<tr>\n<th>Max. power output<\/th>\n<td>820 W<\/td>\n<\/tr>\n<tr>\n<th>Additional output port 1<\/th>\n<td>USB-C 100 W<\/td>\n<\/tr>\n<tr>\n<th>Additional output port 2<\/th>\n<td>USB-A 18 W<\/td>\n<\/tr>\n<tr>\n<th>Izm\u0113ri<\/th>\n<td>515 x 272 x 92 mm<\/td>\n<\/tr>\n<tr>\n<th>Svars<\/th>\n<td>Approx. 7.8 kg<\/td>\n<\/tr>\n<\/tbody>\n<\/table>\n<\/div>","protected":false},"excerpt":{"rendered":"<p>Battery for EcoFlow WAVE 2 air conditioner A rechargeable battery for the portable air conditioner EcoFlow Wave 2, with a capacity of 1159 Wh and a long operating time. It allows the unit to operate wirelessly, which is ideal for use in yachts, tents and campervans. Free yourself from cables and enjoy freedom! Brand EcoFlow [&#8230;]\n","protected":false},"featured_media":102144,"comment_status":"open","ping_status":"closed","template":"","meta":[],"location":[19557,19558],"product_brand":[],"product_cat":[12148],"product_tag":[],"class_list":{"0":"post-79299","1":"product","2":"type-product","3":"status-publish","4":"has-post-thumbnail","6":"location-innpro_stock_location","7":"location-local_stock_location","8":"product_cat-other","10":"first","11":"outofstock","12":"taxable","13":"shipping-taxable","14":"purchasable","15":"product-type-simple"},"aioseo_notices":[],"locations":[{"id":19557,"name":"Pieg\u0101d\u0101ja noliktav\u0101 (5-7dd.d)","slug":"innpro_stock_location","quantity":"0"},{"id":19558,"name":"R\u012bgas veikals (0-2dd.d)","slug":"local_stock_location","quantity":"0"}],"_links":{"self":[{"href":"https:\/\/elektrons.lv\/lv\/wp-json\/wp\/v2\/product\/79299","targetHints":{"allow":["GET"]}}],"collection":[{"href":"https:\/\/elektrons.lv\/lv\/wp-json\/wp\/v2\/product"}],"about":[{"href":"https:\/\/elektrons.lv\/lv\/wp-json\/wp\/v2\/types\/product"}],"replies":[{"embeddable":true,"href":"https:\/\/elektrons.lv\/lv\/wp-json\/wp\/v2\/comments?post=79299"}],"wp:featuredmedia":[{"embeddable":true,"href":"https:\/\/elektrons.lv\/lv\/wp-json\/wp\/v2\/media\/102144"}],"wp:attachment":[{"href":"https:\/\/elektrons.lv\/lv\/wp-json\/wp\/v2\/media?parent=79299"}],"wp:term":[{"taxonomy":"location","embeddable":true,"href":"https:\/\/elektrons.lv\/lv\/wp-json\/wp\/v2\/location?post=79299"},{"taxonomy":"product_brand","embeddable":true,"href":"https:\/\/elektrons.lv\/lv\/wp-json\/wp\/v2\/product_brand?post=79299"},{"taxonomy":"product_cat","embeddable":true,"href":"https:\/\/elektrons.lv\/lv\/wp-json\/wp\/v2\/product_cat?post=79299"},{"taxonomy":"product_tag","embeddable":true,"href":"https:\/\/elektrons.lv\/lv\/wp-json\/wp\/v2\/product_tag?post=79299"}],"curies":[{"name":"wp","href":"https:\/\/api.w.org\/{rel}","templated":true}]}}