{"id":79300,"date":"2026-05-14T09:36:51","date_gmt":"2026-05-14T09:36:51","guid":{"rendered":"https:\/\/elektrons.lv\/Prece\/gaming-mousepad-darkflash\/"},"modified":"2026-05-14T11:59:29","modified_gmt":"2026-05-14T11:59:29","slug":"gaming-mousepad-darkflash","status":"publish","type":"product","link":"https:\/\/elektrons.lv\/lv\/Prece\/gaming-mousepad-darkflash\/","title":{"rendered":"Gaming Mousepad Darkflash"},"content":{"rendered":"<h3>Darkflash gaming pad<\/h3>\n<p>The Darkflash gaming mousepad provides smooth operation, which translates into instant response and control during gameplay. It is made of mesh fabric and its edges are stitched, which increases the durability of the product. What&#8217;s more, the non-slip finish guarantees stability and prevents the mousepad from moving around on the desk.<\/p>\n<p><img decoding=\"async\" src=\"https:\/\/b2b.innpro.pl\/data\/include\/cms\/05Darkflash\/Mousepad\/1.jpg\"><\/p>\n<div class=\"table-wrapper\">\n<table>\n<tbody>\n<tr>\n<th>Ra\u017eot\u0101js<\/th>\n<td>Darkflash<\/td>\n<\/tr>\n<tr>\n<th>V\u0101rds<\/th>\n<td>Gaming pad<\/td>\n<\/tr>\n<tr>\n<th>Kr\u0101sa<\/th>\n<td>melns<\/td>\n<\/tr>\n<tr>\n<th>Izm\u0113ri<\/th>\n<td>30 x 25 cm<\/td>\n<\/tr>\n<tr>\n<th>Materi\u0101ls<\/th>\n<td>cloth<\/td>\n<\/tr>\n<\/tbody>\n<\/table>\n<\/div>","protected":false},"excerpt":{"rendered":"<p>Darkflash gaming pad The Darkflash gaming mousepad provides smooth operation, which translates into instant response and control during gameplay. It is made of mesh fabric and its edges are stitched, which increases the durability of the product. What&#8217;s more, the non-slip finish guarantees stability and prevents the mousepad from moving around on the desk. Manufacturer [&#8230;]\n","protected":false},"featured_media":102150,"comment_status":"open","ping_status":"closed","template":"","meta":[],"location":[19557,19558],"product_brand":[],"product_cat":[12103],"product_tag":[],"class_list":{"0":"post-79300","1":"product","2":"type-product","3":"status-publish","4":"has-post-thumbnail","6":"location-innpro_stock_location","7":"location-local_stock_location","8":"product_cat-mouse-pads","10":"first","11":"outofstock","12":"taxable","13":"shipping-taxable","14":"purchasable","15":"product-type-simple"},"aioseo_notices":[],"locations":[{"id":19557,"name":"Pieg\u0101d\u0101ja noliktav\u0101 (5-7dd.d)","slug":"innpro_stock_location","quantity":"0"},{"id":19558,"name":"R\u012bgas veikals (0-2dd.d)","slug":"local_stock_location","quantity":"0"}],"_links":{"self":[{"href":"https:\/\/elektrons.lv\/lv\/wp-json\/wp\/v2\/product\/79300","targetHints":{"allow":["GET"]}}],"collection":[{"href":"https:\/\/elektrons.lv\/lv\/wp-json\/wp\/v2\/product"}],"about":[{"href":"https:\/\/elektrons.lv\/lv\/wp-json\/wp\/v2\/types\/product"}],"replies":[{"embeddable":true,"href":"https:\/\/elektrons.lv\/lv\/wp-json\/wp\/v2\/comments?post=79300"}],"wp:featuredmedia":[{"embeddable":true,"href":"https:\/\/elektrons.lv\/lv\/wp-json\/wp\/v2\/media\/102150"}],"wp:attachment":[{"href":"https:\/\/elektrons.lv\/lv\/wp-json\/wp\/v2\/media?parent=79300"}],"wp:term":[{"taxonomy":"location","embeddable":true,"href":"https:\/\/elektrons.lv\/lv\/wp-json\/wp\/v2\/location?post=79300"},{"taxonomy":"product_brand","embeddable":true,"href":"https:\/\/elektrons.lv\/lv\/wp-json\/wp\/v2\/product_brand?post=79300"},{"taxonomy":"product_cat","embeddable":true,"href":"https:\/\/elektrons.lv\/lv\/wp-json\/wp\/v2\/product_cat?post=79300"},{"taxonomy":"product_tag","embeddable":true,"href":"https:\/\/elektrons.lv\/lv\/wp-json\/wp\/v2\/product_tag?post=79300"}],"curies":[{"name":"wp","href":"https:\/\/api.w.org\/{rel}","templated":true}]}}