{"id":79353,"date":"2026-05-14T09:36:58","date_gmt":"2026-05-14T09:36:58","guid":{"rendered":"https:\/\/elektrons.lv\/Prece\/diamond-disc-deli-tools-edh-sqp125-e1\/"},"modified":"2026-05-14T11:58:32","modified_gmt":"2026-05-14T11:58:32","slug":"diamond-disc-deli-tools-edh-sqp125-e1","status":"publish","type":"product","link":"https:\/\/elektrons.lv\/lv\/Prece\/diamond-disc-deli-tools-edh-sqp125-e1\/","title":{"rendered":"Diamond disc Deli Tools EDH-SQP125-E1"},"content":{"rendered":"<h3>Deli Tools EDH-SQP125-E1 diamond saw blade<\/h3>\n<p>The 125 x 22.2 mm diamond blade is an ideal tool for precision cutting of various materials, such as wood, ceramics, glass and metal. Made of high-grade materials, the blade guarantees long life and cutting efficiency.<\/p>\n<p><img loading=\"lazy\" decoding=\"async\" src=\"https:\/\/b2b.innpro.pl\/data\/include\/cms\/005Deli\/EDH-SQP125-E1\/1.jpg?v=1695374318327\" border=\"0\" alt=\"005Deli\/EDH-SQP125-E1\/1\" width=\"1000\" height=\"637\" \/><\/p>\n<h3>Precision cutting<\/h3>\n<p>The Deli Tools blade is designed to work with circular saws with a maximum speed of 12250 rpm. As a result, it is possible to achieve a very smooth and precise cut, even on the hardest materials. The product is easy to use and install.<\/p>\n<p><img loading=\"lazy\" decoding=\"async\" src=\"https:\/\/b2b.innpro.pl\/data\/include\/cms\/005Deli\/EDH-SQP125-E1\/2.jpg?v=1695374318327\" border=\"0\" alt=\"005Deli\/EDH-SQP125-E1\/2\" width=\"1000\" height=\"637\" \/><\/p>\n<div class=\"table-wrapper\">\n<table>\n<tbody>\n<tr>\n<th>Ra\u017eot\u0101js<\/th>\n<td>Deli Tools<\/td>\n<\/tr>\n<tr>\n<th>Modelis<\/th>\n<td>EDH-SQP125-E1<\/td>\n<\/tr>\n<tr>\n<th>Izm\u0113rs<\/th>\n<td>125 x 22.2 mm<\/td>\n<\/tr>\n<tr>\n<th>Maximum speed<\/th>\n<td>12250 rpm<\/td>\n<\/tr>\n<\/tbody>\n<\/table>\n<\/div>","protected":false},"excerpt":{"rendered":"<p>Deli Tools EDH-SQP125-E1 diamond saw blade The 125 x 22.2 mm diamond blade is an ideal tool for precision cutting of various materials, such as wood, ceramics, glass and metal. Made of high-grade materials, the blade guarantees long life and cutting efficiency. Precision cutting The Deli Tools blade is designed to work with circular saws [&#8230;]\n","protected":false},"featured_media":101973,"comment_status":"open","ping_status":"closed","template":"","meta":[],"location":[19557,19558],"product_brand":[],"product_cat":[13667],"product_tag":[],"class_list":{"0":"post-79353","1":"product","2":"type-product","3":"status-publish","4":"has-post-thumbnail","6":"location-innpro_stock_location","7":"location-local_stock_location","8":"product_cat-cutting-tools","10":"first","11":"outofstock","12":"taxable","13":"shipping-taxable","14":"purchasable","15":"product-type-simple"},"aioseo_notices":[],"locations":[{"id":19557,"name":"Pieg\u0101d\u0101ja noliktav\u0101 (5-7dd.d)","slug":"innpro_stock_location","quantity":"0"},{"id":19558,"name":"R\u012bgas veikals (0-2dd.d)","slug":"local_stock_location","quantity":"0"}],"_links":{"self":[{"href":"https:\/\/elektrons.lv\/lv\/wp-json\/wp\/v2\/product\/79353","targetHints":{"allow":["GET"]}}],"collection":[{"href":"https:\/\/elektrons.lv\/lv\/wp-json\/wp\/v2\/product"}],"about":[{"href":"https:\/\/elektrons.lv\/lv\/wp-json\/wp\/v2\/types\/product"}],"replies":[{"embeddable":true,"href":"https:\/\/elektrons.lv\/lv\/wp-json\/wp\/v2\/comments?post=79353"}],"wp:featuredmedia":[{"embeddable":true,"href":"https:\/\/elektrons.lv\/lv\/wp-json\/wp\/v2\/media\/101973"}],"wp:attachment":[{"href":"https:\/\/elektrons.lv\/lv\/wp-json\/wp\/v2\/media?parent=79353"}],"wp:term":[{"taxonomy":"location","embeddable":true,"href":"https:\/\/elektrons.lv\/lv\/wp-json\/wp\/v2\/location?post=79353"},{"taxonomy":"product_brand","embeddable":true,"href":"https:\/\/elektrons.lv\/lv\/wp-json\/wp\/v2\/product_brand?post=79353"},{"taxonomy":"product_cat","embeddable":true,"href":"https:\/\/elektrons.lv\/lv\/wp-json\/wp\/v2\/product_cat?post=79353"},{"taxonomy":"product_tag","embeddable":true,"href":"https:\/\/elektrons.lv\/lv\/wp-json\/wp\/v2\/product_tag?post=79353"}],"curies":[{"name":"wp","href":"https:\/\/api.w.org\/{rel}","templated":true}]}}