{"id":79354,"date":"2026-05-14T09:36:58","date_gmt":"2026-05-14T09:36:58","guid":{"rendered":"https:\/\/elektrons.lv\/Prece\/cylinder-brush-3-in-1-set-deli-tools-edl509703\/"},"modified":"2026-05-15T16:00:09","modified_gmt":"2026-05-15T14:00:09","slug":"cylinder-brush-3-in-1-set-deli-tools-edl509703","status":"publish","type":"product","link":"https:\/\/elektrons.lv\/lv\/Prece\/cylinder-brush-3-in-1-set-deli-tools-edl509703\/","title":{"rendered":"Cylinder Brush 3 in 1 Set Deli Tools EDL509703"},"content":{"rendered":"<h3>Deli Tools 3-in-1 Paint Roller Set EDL509703<\/h3>\n<p>The Deli Tools painting set is a complete set of painting tools that will allow you to paint surfaces indoors easily, quickly and precisely. In the package you will find a painting tray, a handle and a roller. The cuvette is lightweight, yet provides stability while painting. The handle equipped with an ergonomic grip is comfortable to use, and the roller will allow you to paint smooth and uneven surfaces without leaving streaks and stains.<\/p>\n<p><img decoding=\"async\" src=\"https:\/\/b2b.innpro.pl\/data\/include\/cms\/005Deli\/EDL509703\/1.jpg\" alt=\"005Deli\/EDL509703\/1\"><\/p>\n<h3>Iek\u013cauts<\/h3>\n<ul>\n<li>Paint tray<\/li>\n<li>Shaft<\/li>\n<li>Rokturis<\/li>\n<\/ul>\n<div class=\"table-wrapper\">\n<table>\n<tbody>\n<tr>\n<th>Ra\u017eot\u0101js<\/th>\n<td>Deli Tools<\/td>\n<\/tr>\n<tr>\n<th>Modelis<\/th>\n<td>EDL509703<\/td>\n<\/tr>\n<tr>\n<th>Kr\u0101sa<\/th>\n<td>Yellow<\/td>\n<\/tr>\n<\/tbody>\n<\/table>\n<\/div>","protected":false},"excerpt":{"rendered":"<p>Deli Tools 3-in-1 Paint Roller Set EDL509703 The Deli Tools painting set is a complete set of painting tools that will allow you to paint surfaces indoors easily, quickly and precisely. In the package you will find a painting tray, a handle and a roller. The cuvette is lightweight, yet provides stability while painting. The [&#8230;]\n","protected":false},"featured_media":101974,"comment_status":"open","ping_status":"closed","template":"","meta":[],"location":[19557,19558],"product_brand":[],"product_cat":[12824],"product_tag":[],"class_list":{"0":"post-79354","1":"product","2":"type-product","3":"status-publish","4":"has-post-thumbnail","6":"location-innpro_stock_location","7":"location-local_stock_location","8":"product_cat-construction-tools","10":"first","11":"outofstock","12":"taxable","13":"shipping-taxable","14":"purchasable","15":"product-type-simple"},"aioseo_notices":[],"locations":[{"id":19557,"name":"Pieg\u0101d\u0101ja noliktav\u0101 (5-7dd.d)","slug":"innpro_stock_location","quantity":"0"},{"id":19558,"name":"R\u012bgas veikals (0-2dd.d)","slug":"local_stock_location","quantity":"0"}],"_links":{"self":[{"href":"https:\/\/elektrons.lv\/lv\/wp-json\/wp\/v2\/product\/79354","targetHints":{"allow":["GET"]}}],"collection":[{"href":"https:\/\/elektrons.lv\/lv\/wp-json\/wp\/v2\/product"}],"about":[{"href":"https:\/\/elektrons.lv\/lv\/wp-json\/wp\/v2\/types\/product"}],"replies":[{"embeddable":true,"href":"https:\/\/elektrons.lv\/lv\/wp-json\/wp\/v2\/comments?post=79354"}],"wp:featuredmedia":[{"embeddable":true,"href":"https:\/\/elektrons.lv\/lv\/wp-json\/wp\/v2\/media\/101974"}],"wp:attachment":[{"href":"https:\/\/elektrons.lv\/lv\/wp-json\/wp\/v2\/media?parent=79354"}],"wp:term":[{"taxonomy":"location","embeddable":true,"href":"https:\/\/elektrons.lv\/lv\/wp-json\/wp\/v2\/location?post=79354"},{"taxonomy":"product_brand","embeddable":true,"href":"https:\/\/elektrons.lv\/lv\/wp-json\/wp\/v2\/product_brand?post=79354"},{"taxonomy":"product_cat","embeddable":true,"href":"https:\/\/elektrons.lv\/lv\/wp-json\/wp\/v2\/product_cat?post=79354"},{"taxonomy":"product_tag","embeddable":true,"href":"https:\/\/elektrons.lv\/lv\/wp-json\/wp\/v2\/product_tag?post=79354"}],"curies":[{"name":"wp","href":"https:\/\/api.w.org\/{rel}","templated":true}]}}