{"id":79374,"date":"2026-05-14T09:37:00","date_gmt":"2026-05-14T09:37:00","guid":{"rendered":"https:\/\/elektrons.lv\/Prece\/battery-terminal-busbar-for-ecoflow-power-kits-batteries\/"},"modified":"2026-05-14T11:58:16","modified_gmt":"2026-05-14T11:58:16","slug":"battery-terminal-busbar-for-ecoflow-power-kits-batteries","status":"publish","type":"product","link":"https:\/\/elektrons.lv\/lv\/Prece\/battery-terminal-busbar-for-ecoflow-power-kits-batteries\/","title":{"rendered":"Battery terminal busbar for EcoFlow Power Kits batteries"},"content":{"rendered":"<h3>Battery terminal busbar for\u00a0EcoFlow Power Kits batteries.<\/h3>\n<p>Used to connect EcoFlow Power Kits batteries to a third-party power system.<\/p>\n<h3>Example connection diagram:<\/h3>\n<p><img decoding=\"async\" src=\"\/data\/include\/cms\/enterprise\/Ecoflow\/ECOFLOW-LFP-Battery-Connection-Polarity-Adapter-fig-2.webp\" border=\"0\" width=\"50%\" \/><\/p>","protected":false},"excerpt":{"rendered":"<p>Battery terminal busbar for\u00a0EcoFlow Power Kits batteries. Used to connect EcoFlow Power Kits batteries to a third-party power system. Example connection diagram:<\/p>","protected":false},"featured_media":101925,"comment_status":"open","ping_status":"closed","template":"","meta":[],"location":[19557,19558],"product_brand":[],"product_cat":[13622],"product_tag":[],"class_list":{"0":"post-79374","1":"product","2":"type-product","3":"status-publish","4":"has-post-thumbnail","6":"location-innpro_stock_location","7":"location-local_stock_location","8":"product_cat-off-grid-power-supply","10":"first","11":"outofstock","12":"taxable","13":"shipping-taxable","14":"purchasable","15":"product-type-simple"},"aioseo_notices":[],"locations":[{"id":19557,"name":"Pieg\u0101d\u0101ja noliktav\u0101 (5-7dd.d)","slug":"innpro_stock_location","quantity":"0"},{"id":19558,"name":"R\u012bgas veikals (0-2dd.d)","slug":"local_stock_location","quantity":"0"}],"_links":{"self":[{"href":"https:\/\/elektrons.lv\/lv\/wp-json\/wp\/v2\/product\/79374","targetHints":{"allow":["GET"]}}],"collection":[{"href":"https:\/\/elektrons.lv\/lv\/wp-json\/wp\/v2\/product"}],"about":[{"href":"https:\/\/elektrons.lv\/lv\/wp-json\/wp\/v2\/types\/product"}],"replies":[{"embeddable":true,"href":"https:\/\/elektrons.lv\/lv\/wp-json\/wp\/v2\/comments?post=79374"}],"wp:featuredmedia":[{"embeddable":true,"href":"https:\/\/elektrons.lv\/lv\/wp-json\/wp\/v2\/media\/101925"}],"wp:attachment":[{"href":"https:\/\/elektrons.lv\/lv\/wp-json\/wp\/v2\/media?parent=79374"}],"wp:term":[{"taxonomy":"location","embeddable":true,"href":"https:\/\/elektrons.lv\/lv\/wp-json\/wp\/v2\/location?post=79374"},{"taxonomy":"product_brand","embeddable":true,"href":"https:\/\/elektrons.lv\/lv\/wp-json\/wp\/v2\/product_brand?post=79374"},{"taxonomy":"product_cat","embeddable":true,"href":"https:\/\/elektrons.lv\/lv\/wp-json\/wp\/v2\/product_cat?post=79374"},{"taxonomy":"product_tag","embeddable":true,"href":"https:\/\/elektrons.lv\/lv\/wp-json\/wp\/v2\/product_tag?post=79374"}],"curies":[{"name":"wp","href":"https:\/\/api.w.org\/{rel}","templated":true}]}}