{"id":79401,"date":"2026-05-14T09:37:03","date_gmt":"2026-05-14T09:37:03","guid":{"rendered":"https:\/\/elektrons.lv\/Prece\/dji-care-refresh-2-year-plan-dji-mavic-3-pro-code\/"},"modified":"2026-05-14T11:57:20","modified_gmt":"2026-05-14T11:57:20","slug":"dji-care-refresh-2-year-plan-dji-mavic-3-pro-code","status":"publish","type":"product","link":"https:\/\/elektrons.lv\/lv\/Prece\/dji-care-refresh-2-year-plan-dji-mavic-3-pro-code\/","title":{"rendered":"DJI Care Refresh 2 gadu pl\u0101ns (DJI Mavic 3 Pro) \u2013 kods"},"content":{"rendered":"<h3 style=\"text-align: center;\">Pakalpojumu aizsardz\u012bba ar DJI Care Refresh<\/h3>\n<p style=\"text-align: justify;\">DJI Care Refresh ir j\u016bsu drona servisa aizsardz\u012bba, kas par nelielu papildu samaksu nodro\u0161in\u0101s jums tr\u012bs boj\u0101tu iek\u0101rtu nomai\u0146u divu gadu period\u0101, sedzot boj\u0101jumus, ko cita starp\u0101 izrais\u012bju\u0161as sadursmes vai produkta saskare ar \u016bdeni P\u0113c tam boj\u0101t\u0101 iek\u0101rta tiks aizst\u0101ta ar jaunu vai l\u012bdzv\u0113rt\u012bgu jaunu produktu Pakalpojumu paketi var aktiviz\u0113t vienu reizi l\u012bdz 48 stund\u0101m p\u0113c drona aktiviz\u0113\u0161anas (pirm\u0101s palai\u0161anas) vai v\u0113l\u0101k p\u0113c verifik\u0101cijas video nos\u016bt\u012b\u0161anas DJI.<\/p>\n<p style=\"text-align: justify;\"><img loading=\"lazy\" decoding=\"async\" src=\"https:\/\/b2b.innpro.pl\/data\/include\/cms\/12DJI\/Care-Refresh-Mavic-3-Classic\/1.jpg?v=1668669015896\" border=\"0\" width=\"1100\" height=\"700\" \/><\/p>\n<p style=\"text-align: justify;\">\u00a0<\/p>\n<h3 style=\"text-align: center;\">DJI\u00a0Mavic 3\u00a0Pro<\/h3>\n<p>For the DJI Mavic 3 Pro series drones, the cost of the first replacement under DJI Care Refresh is\u00a01019 PLN. The cost of the second replacement is\u00a01279 PLN. While the cost of the third replacement is\u00a01399 PLN. The cost of the Flyaway service is\u00a04499 PLN*.<\/p>\n<p>*For those reporting directly to the manufacturer, the exchange amount is subject to change depending on the current exchange rate.<\/p>\n<p style=\"text-align: justify;\"><img loading=\"lazy\" decoding=\"async\" src=\"https:\/\/b2b.innpro.pl\/data\/include\/cms\/12DJI\/DJI-Care-Refresh-Mavic-3-Pro\/5.jpg?v=1683705567007\" border=\"0\" width=\"1000\" height=\"637\" \/><\/p>\n<p style=\"text-align: justify;\">\u00a0<\/p>\n<h3 style=\"text-align: center;\">How to activate\u00a0DJI Care Refresh<\/h3>\n<p>1. The code must be activated at: https:\/\/support.dji.com\/care\/active.<br \/>2. During the activation process you will need to enter the content of the Care Refresh code, the serial number of your device (this can be found directly on the product) and the details of the person activating the Package (name, email address).<br \/>3. The Care Package will be activated and automatically assigned to the corresponding region. You will receive confirmation of the activation of DJI Care Refresh by email. Your drone is now safe!<\/p>\n<p>It is also possible to assign DJI Care Refresh to your product after 48 hours of activation. To do this, you will need to send a verification video showing the status of your device to the manufacturer. Detailed information and a sample video are available at: https:\/\/repair.dji.com\/en\/djicare\/customerupload.<\/p>\n<p style=\"text-align: justify;\"><img loading=\"lazy\" decoding=\"async\" src=\"https:\/\/b2b.innpro.pl\/data\/include\/cms\/12DJI\/DJI-Care-Refresh-Mavic-3-Pro\/2.jpg?v=1683705567007\" border=\"0\" width=\"1100\" height=\"700\" \/><\/p>\n<p style=\"text-align: justify;\">\u00a0<\/p>\n<h3 style=\"text-align: center;\">Kad notiek negad\u012bjums<\/h3>\n<p style=\"text-align: justify;\">The procedure for dealing with an accident is trivial. All you need to do is report the crash and send the damaged equipment to DJI&#8217;s warranty service &#8211; don&#8217;t forget to annotate that you are using DJI Care Refresh. Once you&#8217;ve received a repair quote, you can choose whether you go for it or prefer to take advantage of a replacement through the Care Service. When you choose the second option, you only need to pay the appropriate fee &#8211; you will receive your replaced device as a priority, and if you are in the same region where you purchased DJI Care Refresh service, shipping will be paid for by the manufacturer!<\/p>\n<p style=\"text-align: justify;\"><img loading=\"lazy\" decoding=\"async\" src=\"https:\/\/b2b.innpro.pl\/data\/include\/cms\/12DJI\/DJI-Care-Refresh-Mavic-3-Pro\/3.jpg?v=1683705567007\" border=\"0\" width=\"1100\" height=\"700\" \/><\/p>\n<p style=\"text-align: justify;\">\u00a0<\/p>\n<p style=\"text-align: justify;\">1. The user reports the fault and sends the drone to DJI&#8217;s German service centre with a note that it has DJI Care Refresh.<br \/>2. The user receives a repair quote and, based on this, decides whether to have the repair\/replacement done for a fee or by DJI Care Refresh.<br \/>3. Once DJI Care Refresh is selected, the user pays the replacement fee and receives another unit or new replacement parts i.e. gimbal, camera, propellers.<br \/>4. The replacement product is shipped to the user on a priority basis with free shipping.<\/p>\n<p style=\"text-align: justify;\">\u00a0<\/p>\n<h3 style=\"text-align: center;\">Lietas, uz kur\u0101m attiecas DJI Care Refresh<\/h3>\n<p style=\"text-align: justify;\">By purchasing DJI Care Refresh, you protect your drone against, among other things, falls, drowning, collisions or accidents caused by interference with the drone&#8217;s signal. DJI Care Refresh also covers accidents caused by the operator&#8217;s fault.<\/p>\n<ul>\n<li>Lietot\u0101ja k\u013c\u016bda.<\/li>\n<li>Sign\u0101la trauc\u0113jumi.<\/li>\n<li>Sadursme.<\/li>\n<li>Drowning (A condition of this protection is that the wrecked drone is delivered to the manufacturer&#8217;s service centre).<\/li>\n<li>Collapse.<\/li>\n<\/ul>\n<p><img loading=\"lazy\" decoding=\"async\" src=\"https:\/\/b2b.innpro.pl\/data\/include\/cms\/12DJI\/Care-Refresh-Mavic-3-Classic\/2.jpg?v=1668669015896\" border=\"0\" width=\"1100\" height=\"700\" \/><\/p>\n<p>\u00a0<\/p>\n<h3 style=\"text-align: center;\">DJI Care Refresh neaptver<\/h3>\n<p style=\"text-align: justify;\">1) Lost or partially lost drone, gimbal or accessories.<br \/>2) Preces z\u0101dz\u012bba vai pame\u0161ana.<br \/>3) Lidojuma rad\u012btie boj\u0101jumi neatbilsto\u0161os laika apst\u0101k\u013cos.<br \/>4) The transmitter, additional accessories.<br \/>5) Deliberate loss of the drone.<br \/>6) Damage to the housing that does not affect the operation of the product.<br \/>7) Tie\u0161u vai netie\u0161u kait\u0113jumu, ko rad\u012bjusi nep\u0101rvarama vara.<br \/>8) Defects occurring outside the validity period of the DJI Care Refresh.<br \/>9) Additional charges for upgrading the model, improving its performance.<br \/>10) Defects resulting from modifications which are not in accordance with the recommendations in the user manual or from the use of incompatible batteries and chargers.<br \/>11) Defects resulting from the use of unauthorised accessories, batteries or software.<\/p>\n<p style=\"text-align: justify;\">\u00a0<\/p>\n<p style=\"text-align: justify;\">\u00a0<\/p>","protected":false},"excerpt":{"rendered":"<p>Service protection with DJI Care Refresh DJI Care Refresh is a service protection for your drone that will provide you, for a small additional fee, with three replacements of damaged equipment over a two-year period, covering damage caused by, among other things, collisions or product contact with water. The damaged equipment will then be replaced [&#8230;]\n","protected":false},"featured_media":101749,"comment_status":"open","ping_status":"closed","template":"","meta":[],"location":[19557,19558],"product_brand":[],"product_cat":[12009],"product_tag":[],"class_list":{"0":"post-79401","1":"product","2":"type-product","3":"status-publish","4":"has-post-thumbnail","6":"location-innpro_stock_location","7":"location-local_stock_location","8":"product_cat-dji-care-refresh","10":"first","11":"outofstock","12":"taxable","13":"shipping-taxable","14":"purchasable","15":"product-type-simple"},"aioseo_notices":[],"locations":[{"id":19557,"name":"Pieg\u0101d\u0101ja noliktav\u0101 (5-7dd.d)","slug":"innpro_stock_location","quantity":"0"},{"id":19558,"name":"R\u012bgas veikals (0-2dd.d)","slug":"local_stock_location","quantity":"0"}],"_links":{"self":[{"href":"https:\/\/elektrons.lv\/lv\/wp-json\/wp\/v2\/product\/79401","targetHints":{"allow":["GET"]}}],"collection":[{"href":"https:\/\/elektrons.lv\/lv\/wp-json\/wp\/v2\/product"}],"about":[{"href":"https:\/\/elektrons.lv\/lv\/wp-json\/wp\/v2\/types\/product"}],"replies":[{"embeddable":true,"href":"https:\/\/elektrons.lv\/lv\/wp-json\/wp\/v2\/comments?post=79401"}],"wp:featuredmedia":[{"embeddable":true,"href":"https:\/\/elektrons.lv\/lv\/wp-json\/wp\/v2\/media\/101749"}],"wp:attachment":[{"href":"https:\/\/elektrons.lv\/lv\/wp-json\/wp\/v2\/media?parent=79401"}],"wp:term":[{"taxonomy":"location","embeddable":true,"href":"https:\/\/elektrons.lv\/lv\/wp-json\/wp\/v2\/location?post=79401"},{"taxonomy":"product_brand","embeddable":true,"href":"https:\/\/elektrons.lv\/lv\/wp-json\/wp\/v2\/product_brand?post=79401"},{"taxonomy":"product_cat","embeddable":true,"href":"https:\/\/elektrons.lv\/lv\/wp-json\/wp\/v2\/product_cat?post=79401"},{"taxonomy":"product_tag","embeddable":true,"href":"https:\/\/elektrons.lv\/lv\/wp-json\/wp\/v2\/product_tag?post=79401"}],"curies":[{"name":"wp","href":"https:\/\/api.w.org\/{rel}","templated":true}]}}