{"id":79424,"date":"2026-05-14T09:37:06","date_gmt":"2026-05-14T09:37:06","guid":{"rendered":"https:\/\/elektrons.lv\/Prece\/smart-water-leak-sensor-imou-zl1-zigbee\/"},"modified":"2026-05-15T15:00:09","modified_gmt":"2026-05-15T13:00:09","slug":"smart-water-leak-sensor-imou-zl1-zigbee","status":"publish","type":"product","link":"https:\/\/elektrons.lv\/lv\/Prece\/smart-water-leak-sensor-imou-zl1-zigbee\/","title":{"rendered":"Smart Water Leak Sensor IMOU ZL1 ZigBee"},"content":{"rendered":"<h3>IMOU ZL1 flood sensor<\/h3>\n<p>Don&#8217;t let a malfunction cause more damage than necessary. Use the IMOU sensor and be sure that water is not leaking from your washing machine or siphon. The device requires no installation and you can put it anywhere you want to control it. There are two water sensors at the bottom of the device, which, when detected, will trigger an alarm, which you will receive information on your phone.<\/p>\n<p><img decoding=\"async\" src=\"https:\/\/b2b.innpro.pl\/data\/include\/cms\/IMOU\/IOT-ZL1-EU\/6.jpg\" alt=\"IMOU\/IOT-ZL1-EU\/6\"><\/p>\n<h3>Easy and convenient use<\/h3>\n<p>You can place the device anywhere you want. It doesn&#8217;t require any assembly or additional configuration. What&#8217;s more, you can easily adjust the height of water that the sensor should inform you about. The protection rating of the device is IP66, so you don&#8217;t have to worry that a big spill will harm it. For added convenience, you can pair the sensor with other smart features in your home &#8211; such as lighting. If there&#8217;s a leak at night, you&#8217;ll act more efficiently when the lights turn on automatically. <\/p>\n<p><img decoding=\"async\" src=\"https:\/\/b2b.innpro.pl\/data\/include\/cms\/IMOU\/IOT-ZL1-EU\/8.jpg\" alt=\"IMOU\/IOT-ZL1-EU\/8\"><\/p>\n<h3>Quick information about a leak<\/h3>\n<p>The device operates on a 2.4 GHz WiFi network and uses the reliable Zigbee protocol, which means stable transmission without interference. Once the device is paired with the base, you can receive a notification on your phone no matter where you are. Place the sensor in a vulnerable location and enjoy peace of mind. When you receive the notification, you&#8217;ll be sure to get home in time before more damage is done!<\/p>\n<p><img decoding=\"async\" src=\"https:\/\/b2b.innpro.pl\/data\/include\/cms\/IMOU\/IOT-ZL1-EU\/2.jpg\" alt=\"IMOU\/IOT-ZL1-EU\/2\"><\/p>\n<h3>Long operating time<\/h3>\n<p>You don&#8217;t have to worry about the device refusing to obey at the least opportune moment. The device uses a CR2032 lithium battery, which has a life of about 1 year. The sensor will inform you in the app about the need to replace the battery. <\/p>\n<p><img decoding=\"async\" src=\"https:\/\/b2b.innpro.pl\/data\/include\/cms\/IMOU\/IOT-ZL1-EU\/5.jpg\" alt=\"IMOU\/IOT-ZL1-EU\/5\"><\/p>\n<h3>Iek\u013cauts<\/h3>\n<ul>\n<li>1x Water leakage sensor<\/li>\n<li>1x 3M sticker<\/li>\n<li>1x rounded cutter<\/li>\n<li>1x Quick start guide<\/li>\n<\/ul>\n<div class=\"table-wrapper\">\n<table>\n<tbody>\n<tr>\n<th>Ra\u017eot\u0101js<\/th>\n<td>IMOU<\/td>\n<\/tr>\n<tr>\n<th>Modelis<\/th>\n<td>ZL1<\/td>\n<\/tr>\n<tr>\n<th>Izm\u0113rs<\/th>\n<td>\u03a650x18mm<\/td>\n<\/tr>\n<tr>\n<th>Darb\u012bbas spriegums<\/th>\n<td>DC 3V<\/td>\n<\/tr>\n<tr>\n<th>Darba temperat\u016bra<\/th>\n<td>-14\u00b0F to+131\u00b0F<\/td>\n<\/tr>\n<tr>\n<th>Operating current<\/th>\n<td>\u226430mA<\/td>\n<\/tr>\n<tr>\n<th>Akumulatora darb\u012bbas laiks<\/th>\n<td>>1 year(20 times\/day)<\/td>\n<\/tr>\n<tr>\n<th>Wireless protocol<\/th>\n<td>Zigbee<\/td>\n<\/tr>\n<tr>\n<th>P\u0101rraides frekvence<\/th>\n<td>2.4GHz<\/td>\n<\/tr>\n<tr>\n<th>Communication distance<\/th>\n<td>200m<\/td>\n<\/tr>\n<tr>\n<th>Gaidst\u0101ves str\u0101va<\/th>\n<td>\u226410uA <\/td>\n<\/tr>\n<tr>\n<th>Transmission power<\/th>\n<td>\u226415dBm<\/td>\n<\/tr>\n<tr>\n<th>Low voltage alarm<\/th>\n<td>2.6\u00b10.2V<\/td>\n<\/tr>\n<\/tbody>\n<\/table>\n<\/div>","protected":false},"excerpt":{"rendered":"<p>IMOU ZL1 flood sensor Don&#8217;t let a malfunction cause more damage than necessary. Use the IMOU sensor and be sure that water is not leaking from your washing machine or siphon. The device requires no installation and you can put it anywhere you want to control it. There are two water sensors at the bottom [&#8230;]\n","protected":false},"featured_media":101690,"comment_status":"open","ping_status":"closed","template":"","meta":[],"location":[19557,19558],"product_brand":[],"product_cat":[12370],"product_tag":[],"class_list":{"0":"post-79424","1":"product","2":"type-product","3":"status-publish","4":"has-post-thumbnail","6":"location-innpro_stock_location","7":"location-local_stock_location","8":"product_cat-sensors","10":"first","11":"instock","12":"sale","13":"taxable","14":"shipping-taxable","15":"purchasable","16":"product-type-simple"},"aioseo_notices":[],"locations":[{"id":19557,"name":"Pieg\u0101d\u0101ja noliktav\u0101 (5-7dd.d)","slug":"innpro_stock_location","quantity":"25"},{"id":19558,"name":"R\u012bgas veikals (0-2dd.d)","slug":"local_stock_location","quantity":"0"}],"_links":{"self":[{"href":"https:\/\/elektrons.lv\/lv\/wp-json\/wp\/v2\/product\/79424","targetHints":{"allow":["GET"]}}],"collection":[{"href":"https:\/\/elektrons.lv\/lv\/wp-json\/wp\/v2\/product"}],"about":[{"href":"https:\/\/elektrons.lv\/lv\/wp-json\/wp\/v2\/types\/product"}],"replies":[{"embeddable":true,"href":"https:\/\/elektrons.lv\/lv\/wp-json\/wp\/v2\/comments?post=79424"}],"wp:featuredmedia":[{"embeddable":true,"href":"https:\/\/elektrons.lv\/lv\/wp-json\/wp\/v2\/media\/101690"}],"wp:attachment":[{"href":"https:\/\/elektrons.lv\/lv\/wp-json\/wp\/v2\/media?parent=79424"}],"wp:term":[{"taxonomy":"location","embeddable":true,"href":"https:\/\/elektrons.lv\/lv\/wp-json\/wp\/v2\/location?post=79424"},{"taxonomy":"product_brand","embeddable":true,"href":"https:\/\/elektrons.lv\/lv\/wp-json\/wp\/v2\/product_brand?post=79424"},{"taxonomy":"product_cat","embeddable":true,"href":"https:\/\/elektrons.lv\/lv\/wp-json\/wp\/v2\/product_cat?post=79424"},{"taxonomy":"product_tag","embeddable":true,"href":"https:\/\/elektrons.lv\/lv\/wp-json\/wp\/v2\/product_tag?post=79424"}],"curies":[{"name":"wp","href":"https:\/\/api.w.org\/{rel}","templated":true}]}}