{"id":79425,"date":"2026-05-14T09:37:06","date_gmt":"2026-05-14T09:37:06","guid":{"rendered":"https:\/\/elektrons.lv\/Prece\/camera-shoulder-strap-with-quick-release-puluz-pu6001-for-slr-and-dslr-cameras\/"},"modified":"2026-05-15T07:48:40","modified_gmt":"2026-05-15T07:48:40","slug":"camera-shoulder-strap-with-quick-release-puluz-pu6001-for-slr-and-dslr-cameras","status":"publish","type":"product","link":"https:\/\/elektrons.lv\/lv\/Prece\/camera-shoulder-strap-with-quick-release-puluz-pu6001-for-slr-and-dslr-cameras\/","title":{"rendered":"Kameras plecu siksna ar \u0101tr\u0101s atbr\u012bvo\u0161anas Puluz PU6001 (SLR un DSLR kamer\u0101m)"},"content":{"rendered":"<h3>Kameras plecu siksna ar \u0101tr\u0101s atbr\u012bvo\u0161anas Puluz PU6001 (SLR un DSLR kamer\u0101m)<\/h3>\n<p>Made of durable material, this camera strap is great for outdoor sessions or trips. It features a sturdy, thoughtful design and fits SLR and DSLR cameras. The total length of the strap is 150 cm, which makes it fit any figure.<\/p>\n<p>\n<img decoding=\"async\" alt=\"\" border=\"0\" src=\"https:\/\/assets.innpro.pl\/14717\/18438\/1.jpg\"\/>\n<\/p>\n<h3>High quality workmanship<\/h3>\n<p>Made of the highest quality materials, it is extremely durable and capable of safely carrying any camera and lens combination. The sliding buckle holds the camera in the preferred position, minimizing the risk of equipment swaying during movement. The strap is compatible with any DSLR equipped with a standard 1\/4-inch diameter screw. Its reliability is highlighted by a sturdy metal hook with a screw lock and a rubber-coated stainless steel screw, allowing you to securely and safely mount even the heaviest camera.<\/p>\n<p>\n<img decoding=\"async\" alt=\"\" border=\"0\" src=\"https:\/\/assets.innpro.pl\/14717\/18438\/2.jpg\"\/>\n<\/p>\n<h3>High comfort of use<\/h3>\n<p>One of the main advantages of the strap is its shoulder pad. It ensures that the weight of the camera is evenly distributed, which helps avoid discomfort when carrying heavy equipment all day. A convenient zippered pocket is the perfect place to store small camera accessories. In addition, the adjustable length makes it quick to fit your individual needs.<\/p>\n<p>\n<img decoding=\"async\" alt=\"\" border=\"0\" src=\"https:\/\/assets.innpro.pl\/14717\/18438\/3.jpg\"\/>\n<\/p>\n<div class=\"table-wrapper\">\n<p>\u00a0<\/p>\n<h3><\/h3>\n<table>\n<tbody>\n<tr>\n<th>Modelis<\/th>\n<td>PU6001<\/td>\n<\/tr>\n<tr>\n<th>Materi\u0101ls<\/th>\n<td>ABS, nylon, metal<\/td>\n<\/tr>\n<tr>\n<th>Izm\u0113rs<\/th>\n<td>Center pad: 32 x 7 cm, maximum adjustment: about 150 cm (without center pad).<\/td>\n<\/tr>\n<tr>\n<th>Svars<\/th>\n<td>174 g<\/td>\n<\/tr>\n<tr>\n<th>Sader\u012bba<\/th>\n<td>SLR and DSLR cameras<\/td>\n<\/tr>\n<\/tbody>\n<\/table>\n<\/div>","protected":false},"excerpt":{"rendered":"<p>Camera shoulder strap with quick release Puluz PU6001 (for SLR and DSLR cameras) Made of durable material, this camera strap is great for outdoor sessions or trips. It features a sturdy, thoughtful design and fits SLR and DSLR cameras. The total length of the strap is 150 cm, which makes it fit any figure. High [&#8230;]\n","protected":false},"featured_media":101694,"comment_status":"open","ping_status":"closed","template":"","meta":[],"location":[19557,19558],"product_brand":[],"product_cat":[12111],"product_tag":[],"class_list":{"0":"post-79425","1":"product","2":"type-product","3":"status-publish","4":"has-post-thumbnail","6":"location-innpro_stock_location","7":"location-local_stock_location","8":"product_cat-straps-mounts-and-holders","10":"first","11":"instock","12":"sale","13":"taxable","14":"shipping-taxable","15":"purchasable","16":"product-type-simple"},"aioseo_notices":[],"locations":[{"id":19557,"name":"Pieg\u0101d\u0101ja noliktav\u0101 (5-7dd.d)","slug":"innpro_stock_location","quantity":"63"},{"id":19558,"name":"R\u012bgas veikals (0-2dd.d)","slug":"local_stock_location","quantity":"0"}],"_links":{"self":[{"href":"https:\/\/elektrons.lv\/lv\/wp-json\/wp\/v2\/product\/79425","targetHints":{"allow":["GET"]}}],"collection":[{"href":"https:\/\/elektrons.lv\/lv\/wp-json\/wp\/v2\/product"}],"about":[{"href":"https:\/\/elektrons.lv\/lv\/wp-json\/wp\/v2\/types\/product"}],"replies":[{"embeddable":true,"href":"https:\/\/elektrons.lv\/lv\/wp-json\/wp\/v2\/comments?post=79425"}],"wp:featuredmedia":[{"embeddable":true,"href":"https:\/\/elektrons.lv\/lv\/wp-json\/wp\/v2\/media\/101694"}],"wp:attachment":[{"href":"https:\/\/elektrons.lv\/lv\/wp-json\/wp\/v2\/media?parent=79425"}],"wp:term":[{"taxonomy":"location","embeddable":true,"href":"https:\/\/elektrons.lv\/lv\/wp-json\/wp\/v2\/location?post=79425"},{"taxonomy":"product_brand","embeddable":true,"href":"https:\/\/elektrons.lv\/lv\/wp-json\/wp\/v2\/product_brand?post=79425"},{"taxonomy":"product_cat","embeddable":true,"href":"https:\/\/elektrons.lv\/lv\/wp-json\/wp\/v2\/product_cat?post=79425"},{"taxonomy":"product_tag","embeddable":true,"href":"https:\/\/elektrons.lv\/lv\/wp-json\/wp\/v2\/product_tag?post=79425"}],"curies":[{"name":"wp","href":"https:\/\/api.w.org\/{rel}","templated":true}]}}