{"id":79439,"date":"2026-05-14T09:37:08","date_gmt":"2026-05-14T09:37:08","guid":{"rendered":"https:\/\/elektrons.lv\/Prece\/adapter-audio-usb-c-male-to-3-5mm-jack-female-vention-bgjha-0-1m\/"},"modified":"2026-05-15T16:03:20","modified_gmt":"2026-05-15T14:03:20","slug":"adapter-audio-usb-c-male-to-3-5mm-jack-female-vention-bgjha-0-1m","status":"publish","type":"product","link":"https:\/\/elektrons.lv\/lv\/Prece\/adapter-audio-usb-c-male-to-3-5mm-jack-female-vention-bgjha-0-1m\/","title":{"rendered":"Adapter audio USB-C male to 3.5MM jack female Vention BGJHA 0.1m"},"content":{"rendered":"<h3>USB-C to 3.5mm jack adapter Vention BGJHA 0.1m<\/h3>\n<p>The Vention BGJHA USB-C to 3.5mm adapter allows you to connect headphones equipped with a 3.5mm connector to devices with a USB-C port. With it you can enjoy Hi-Fi quality music, make phone calls, play your favorite games and much more. The cable length is 0.1 meters.<\/p>\n<p><img decoding=\"async\" src=\"https:\/\/b2b.innpro.pl\/data\/include\/cms\/Vention\/BGJHA\/1.jpg\" alt=\"Vention\/BGJHA\/1\"><\/p>\n<div class=\"table-wrapper\">\n<table>\n<tbody>\n<tr>\n<th>Ra\u017eot\u0101js<\/th>\n<td>Vention<\/td>\n<\/tr>\n<tr>\n<th>Modelis<\/th>\n<td>BGJHA<\/td>\n<\/tr>\n<tr>\n<th>Tips<\/th>\n<td>USB-C to 3.5mm<\/td>\n<\/tr>\n<tr>\n<th>Garums<\/th>\n<td>0.1 m<\/td>\n<\/tr>\n<tr>\n<th>Materi\u0101ls<\/th>\n<td>TPE, aluminum alloy<\/td>\n<\/tr>\n<\/tbody>\n<\/table>\n<\/div>","protected":false},"excerpt":{"rendered":"<p>USB-C to 3.5mm jack adapter Vention BGJHA 0.1m The Vention BGJHA USB-C to 3.5mm adapter allows you to connect headphones equipped with a 3.5mm connector to devices with a USB-C port. With it you can enjoy Hi-Fi quality music, make phone calls, play your favorite games and much more. The cable length is 0.1 meters. [&#8230;]\n","protected":false},"featured_media":101625,"comment_status":"open","ping_status":"closed","template":"","meta":[],"location":[19557,19558],"product_brand":[],"product_cat":[12070],"product_tag":[],"class_list":{"0":"post-79439","1":"product","2":"type-product","3":"status-publish","4":"has-post-thumbnail","6":"location-innpro_stock_location","7":"location-local_stock_location","8":"product_cat-audio-cables","10":"first","11":"outofstock","12":"taxable","13":"shipping-taxable","14":"purchasable","15":"product-type-simple"},"aioseo_notices":[],"locations":[{"id":19557,"name":"Pieg\u0101d\u0101ja noliktav\u0101 (5-7dd.d)","slug":"innpro_stock_location","quantity":"0"},{"id":19558,"name":"R\u012bgas veikals (0-2dd.d)","slug":"local_stock_location","quantity":"0"}],"_links":{"self":[{"href":"https:\/\/elektrons.lv\/lv\/wp-json\/wp\/v2\/product\/79439","targetHints":{"allow":["GET"]}}],"collection":[{"href":"https:\/\/elektrons.lv\/lv\/wp-json\/wp\/v2\/product"}],"about":[{"href":"https:\/\/elektrons.lv\/lv\/wp-json\/wp\/v2\/types\/product"}],"replies":[{"embeddable":true,"href":"https:\/\/elektrons.lv\/lv\/wp-json\/wp\/v2\/comments?post=79439"}],"wp:featuredmedia":[{"embeddable":true,"href":"https:\/\/elektrons.lv\/lv\/wp-json\/wp\/v2\/media\/101625"}],"wp:attachment":[{"href":"https:\/\/elektrons.lv\/lv\/wp-json\/wp\/v2\/media?parent=79439"}],"wp:term":[{"taxonomy":"location","embeddable":true,"href":"https:\/\/elektrons.lv\/lv\/wp-json\/wp\/v2\/location?post=79439"},{"taxonomy":"product_brand","embeddable":true,"href":"https:\/\/elektrons.lv\/lv\/wp-json\/wp\/v2\/product_brand?post=79439"},{"taxonomy":"product_cat","embeddable":true,"href":"https:\/\/elektrons.lv\/lv\/wp-json\/wp\/v2\/product_cat?post=79439"},{"taxonomy":"product_tag","embeddable":true,"href":"https:\/\/elektrons.lv\/lv\/wp-json\/wp\/v2\/product_tag?post=79439"}],"curies":[{"name":"wp","href":"https:\/\/api.w.org\/{rel}","templated":true}]}}