{"id":79475,"date":"2026-05-14T09:37:12","date_gmt":"2026-05-14T09:37:12","guid":{"rendered":"https:\/\/elektrons.lv\/Prece\/puluz-pu3150b-lavalier-wireless-microphone-lightning-type\/"},"modified":"2026-05-15T07:48:42","modified_gmt":"2026-05-15T07:48:42","slug":"puluz-pu3150b-lavalier-wireless-microphone-lightning-type","status":"publish","type":"product","link":"https:\/\/elektrons.lv\/lv\/Prece\/puluz-pu3150b-lavalier-wireless-microphone-lightning-type\/","title":{"rendered":"Puluz PU3150B Lavalier Wireless Microphone Lightning Type."},"content":{"rendered":"<h3>Puluz PU3150B Lavalier Type Lightning Wireless Microphone<\/h3>\n<p>Create recordings with good quality. The Puluz omnidirectional microphone effectively captures 360\u00b0 sound, and the built-in chip eliminates ambient noise. It boasts a range of up to 20 meters and is compatible with iPhones and iPads. The receiver is equipped with a Lightning port and allows you to record and charge your device at the same time. In addition, a special clip allows you to clip the microphone to your clothing.<\/p>\n<p>\n<img decoding=\"async\" alt=\"\" border=\"0\" src=\"https:\/\/assets.innpro.pl\/14648\/18362\/6.jpg\"\/>\n<\/p>\n<h3>High quality sound without interference<\/h3>\n<p>Puluz PU3151B is an omnidirectional microphone that picks up sounds from all directions. In addition, the built-in chip reduces ambient noise and interference, so you can record comfortably even in noisy environments.<\/p>\n<p>\n<img decoding=\"async\" alt=\"\" border=\"0\" src=\"https:\/\/assets.innpro.pl\/14648\/18362\/1.jpg\"\/>\n<\/p>\n<h3>Wireless operation<\/h3>\n<p>The Lavalier microphone works wirelessly, and thanks to plug &#038; play, you can quickly connect it to a compatible device. The 2.4GHz band provides a stable signal up to 10m outdoors, and up to 20m indoors. The 70 mAh lithium battery offers up to 5 h of operation, and the included cable makes charging easy.<\/p>\n<p>\n<img decoding=\"async\" alt=\"\" border=\"0\" src=\"https:\/\/assets.innpro.pl\/14648\/18362\/7.jpg\"\/>\n<\/p>\n<h3>Compatible<\/h3>\n<p>You will successfully use the microphone during interviews, recording vlogs or live broadcasts. It is iOS compatible, so you can easily connect it to devices such as iPhone 13, iPhone 12, iPhone 11, iPad Pro 11 or iPad Pro 12.9. It works with platforms such as TikTok, YouTube, Twitter, Snapchat, Instagram and Facebook.<\/p>\n<p>\n<img decoding=\"async\" alt=\"\" border=\"0\" src=\"https:\/\/assets.innpro.pl\/14648\/18362\/4.jpg\"\/>\n<\/p>\n<h3>Iek\u013cauts<\/h3>\n<ul class=\"list-disc pl-5\">\n<li>Microphone x2<\/li>\n<li>Receiver<\/li>\n<li>Charging cable x2<\/li>\n<\/ul>\n<div class=\"table-wrapper\">\n<p>\u00a0<\/p>\n<h3>\u0122ener\u0101lis<\/h3>\n<table>\n<tbody>\n<tr>\n<th>Ra\u017eot\u0101js<\/th>\n<td>Puluz<\/td>\n<\/tr>\n<tr>\n<th>Modelis<\/th>\n<td>PU3150B<\/td>\n<\/tr>\n<tr>\n<th>Kr\u0101sa<\/th>\n<td>melns<\/td>\n<\/tr>\n<tr>\n<th>Sader\u012bba<\/th>\n<td>Apple: iPhone 14 Plus, iPhone 14, iPhone 14 Pro, iPhone 14 Pro Max, iPhone SE 2022, iPhone 13 Pro Max, iPhone 13 mini, iPhone 13 Pro, iPhone 12 Pro Max, iPhone 12, iPhone 12 Pro, iPhone 12 mini, iPhone SE 2020, iPhone 11 Pro iPhone 11 Pro Max, iPhone 11, iPhone XS, iPhone XS Max, iPhone XR, iPhone X, iPhone X, iPhone 8 Plus, iPhone 8 , iPhone 7, iPhone 7 Plus, iPhone 6s Plus, iPhone 6s, iPhone 6 Plus<\/td>\n<\/tr>\n<\/tbody>\n<\/table>\n<p>\u00a0<\/p>\n<h3>Mikrofons<\/h3>\n<table>\n<tbody>\n<tr>\n<th>Chip<\/th>\n<td>2,4 GHz<\/td>\n<\/tr>\n<tr>\n<th>Microphone sensitivity<\/th>\n<td>-35 dBm<\/td>\n<\/tr>\n<tr>\n<th>Paraugu \u0146em\u0161anas bie\u017eums<\/th>\n<td>44.1 K (normal mode), 32 K (noise reduction)<\/td>\n<\/tr>\n<tr>\n<th>Transmission power<\/th>\n<td>max. 10 dBm<\/td>\n<\/tr>\n<tr>\n<th>Diapazons<\/th>\n<td>15-20 m (indoors, unobstructed), approx. 10 m (outdoors, unobstructed)<\/td>\n<\/tr>\n<tr>\n<th>Uzl\u0101des ports<\/th>\n<td>Lightning<\/td>\n<\/tr>\n<tr>\n<th>Materi\u0101ls<\/th>\n<td>ABS<\/td>\n<\/tr>\n<\/tbody>\n<\/table>\n<p>\u00a0<\/p>\n<h3>Receiver<\/h3>\n<table>\n<tbody>\n<tr>\n<th>Akumulatora ietilp\u012bba<\/th>\n<td>70 mAh (LIR1254)<\/td>\n<\/tr>\n<tr>\n<th>Current consumption at power on<\/th>\n<td>2.6 uA<\/td>\n<\/tr>\n<tr>\n<th>Ener\u0123ijas pat\u0113ri\u0146\u0161<\/th>\n<td>4 mA (power on without pairing with microphone); 10 mA (power on and pairing with microphone); 6mA (silent mode)<\/td>\n<\/tr>\n<tr>\n<th>Charging current<\/th>\n<td>70 mA<\/td>\n<\/tr>\n<\/tbody>\n<\/table>\n<\/div>","protected":false},"excerpt":{"rendered":"<p>Puluz PU3150B Lavalier Type Lightning Wireless Microphone Create recordings with good quality. The Puluz omnidirectional microphone effectively captures 360\u00b0 sound, and the built-in chip eliminates ambient noise. It boasts a range of up to 20 meters and is compatible with iPhones and iPads. The receiver is equipped with a Lightning port and allows you to [&#8230;]\n","protected":false},"featured_media":101528,"comment_status":"open","ping_status":"closed","template":"","meta":[],"location":[19557,19558],"product_brand":[],"product_cat":[12317],"product_tag":[],"class_list":{"0":"post-79475","1":"product","2":"type-product","3":"status-publish","4":"has-post-thumbnail","6":"location-innpro_stock_location","7":"location-local_stock_location","8":"product_cat-lavalier","10":"first","11":"instock","12":"sale","13":"taxable","14":"shipping-taxable","15":"purchasable","16":"product-type-simple"},"aioseo_notices":[],"locations":[{"id":19557,"name":"Pieg\u0101d\u0101ja noliktav\u0101 (5-7dd.d)","slug":"innpro_stock_location","quantity":"1"},{"id":19558,"name":"R\u012bgas veikals (0-2dd.d)","slug":"local_stock_location","quantity":"0"}],"_links":{"self":[{"href":"https:\/\/elektrons.lv\/lv\/wp-json\/wp\/v2\/product\/79475","targetHints":{"allow":["GET"]}}],"collection":[{"href":"https:\/\/elektrons.lv\/lv\/wp-json\/wp\/v2\/product"}],"about":[{"href":"https:\/\/elektrons.lv\/lv\/wp-json\/wp\/v2\/types\/product"}],"replies":[{"embeddable":true,"href":"https:\/\/elektrons.lv\/lv\/wp-json\/wp\/v2\/comments?post=79475"}],"wp:featuredmedia":[{"embeddable":true,"href":"https:\/\/elektrons.lv\/lv\/wp-json\/wp\/v2\/media\/101528"}],"wp:attachment":[{"href":"https:\/\/elektrons.lv\/lv\/wp-json\/wp\/v2\/media?parent=79475"}],"wp:term":[{"taxonomy":"location","embeddable":true,"href":"https:\/\/elektrons.lv\/lv\/wp-json\/wp\/v2\/location?post=79475"},{"taxonomy":"product_brand","embeddable":true,"href":"https:\/\/elektrons.lv\/lv\/wp-json\/wp\/v2\/product_brand?post=79475"},{"taxonomy":"product_cat","embeddable":true,"href":"https:\/\/elektrons.lv\/lv\/wp-json\/wp\/v2\/product_cat?post=79475"},{"taxonomy":"product_tag","embeddable":true,"href":"https:\/\/elektrons.lv\/lv\/wp-json\/wp\/v2\/product_tag?post=79475"}],"curies":[{"name":"wp","href":"https:\/\/api.w.org\/{rel}","templated":true}]}}