{"id":79480,"date":"2026-05-14T09:37:13","date_gmt":"2026-05-14T09:37:13","guid":{"rendered":"https:\/\/elektrons.lv\/Prece\/baseus-crystal-tempered-glass-0-3mm-for-tablet-huawei-matepad-matepad-pro-10-8\/"},"modified":"2026-05-15T07:48:43","modified_gmt":"2026-05-15T07:48:43","slug":"baseus-crystal-tempered-glass-0-3mm-for-tablet-huawei-matepad-matepad-pro-10-8","status":"publish","type":"product","link":"https:\/\/elektrons.lv\/lv\/Prece\/baseus-crystal-tempered-glass-0-3mm-for-tablet-huawei-matepad-matepad-pro-10-8\/","title":{"rendered":"Baseus Crystal Tempered Glass 0.3mm for tablet Huawei MatePad\/MatePad Pro 10.8&#8243;"},"content":{"rendered":"<h3>Baseus Crystal 0.3mm tempered glass for Huawei MatePad\/MatePad Pro 10.8&#8243; tablet.<\/h3>\n<p>Looking for reliable protection for your Huawei tablet? Baseus tempered glass can provide it for you! It stands out with its 9 H thickness and easy installation. What&#8217;s more, you no longer need to worry about your screen, as the glass shows high resistance to impact, scratches and wear. From today you can safely use your equipment!<\/p>\n<p><img decoding=\"async\" src=\"https:\/\/b2b.innpro.pl\/data\/include\/cms\/-Baseus\/SGJC120702\/3.jpg\" alt=\"-Baseus\/SGJC120702\/3\"><\/p>\n<h3>Safety guarantee<\/h3>\n<p>Baseus tempered glass will provide you with reliable protection for your Huawei tablet, as it shows a hardness of 9 H. In addition, it is resistant to impacts, scratches and wear and tear. You also don&#8217;t have to worry about dirty fingerprints left on the screen, as the AF coating will ensure a clean surface for a long time.<\/p>\n<p><img decoding=\"async\" src=\"https:\/\/b2b.innpro.pl\/data\/include\/cms\/-Baseus\/SGJC120702\/1.jpg\" alt=\"-Baseus\/SGJC120702\/1\"><\/p>\n<h3>P\u0101rdom\u0101ts dizains<\/h3>\n<p>Baseus Crystal was created to protect your tablet, so its design has been carefully thought out. You don&#8217;t have to worry about malfunctioning of your equipment, as the glass will allow you seamless touch operation and a flawless HD image. What&#8217;s more, it is also very easy to install and will not increase the size of your tablet &#8211; its thickness is only 0.3 mm.<\/p>\n<p><img decoding=\"async\" src=\"https:\/\/b2b.innpro.pl\/data\/include\/cms\/-Baseus\/SGJC120702\/5.jpg\" alt=\"-Baseus\/SGJC120702\/5\"><\/p>\n<h3>Acu aizsardz\u012bba<\/h3>\n<p>Baseus tempered glass will not only take care of your tablet&#8217;s screen, but also your eyes. It will protect your eyesight from harmful blue light. It will make you use your equipment for a long time without tiring your eyes.<\/p>\n<p><img decoding=\"async\" src=\"https:\/\/b2b.innpro.pl\/data\/include\/cms\/-Baseus\/SGJC120702\/2.jpg\" alt=\"-Baseus\/SGJC120702\/2\"><\/p>\n<div class=\"table-wrapper\">\n<table>\n<tbody>\n<tr>\n<th>Manufacturer.<\/th>\n<td>Baseus<\/td>\n<\/tr>\n<tr>\n<th>Modelis<\/th>\n<td>SGJC120702<\/td>\n<\/tr>\n<tr>\n<th>Processing type<\/th>\n<td>CNC<\/td>\n<\/tr>\n<tr>\n<th>Thickness<\/th>\n<td>0.3 mm<\/td>\n<\/tr>\n<tr>\n<th>Sader\u012bba<\/th>\n<td>Huawei MatePad\/MatePad Pro 10.8&#8243;<\/td>\n<\/tr>\n<\/tbody>\n<\/table>\n<\/div>","protected":false},"excerpt":{"rendered":"<p>Baseus Crystal 0.3mm tempered glass for Huawei MatePad\/MatePad Pro 10.8&#8243; tablet. Looking for reliable protection for your Huawei tablet? Baseus tempered glass can provide it for you! It stands out with its 9 H thickness and easy installation. What&#8217;s more, you no longer need to worry about your screen, as the glass shows high resistance [&#8230;]\n","protected":false},"featured_media":101492,"comment_status":"open","ping_status":"closed","template":"","meta":[],"location":[19557,19558],"product_brand":[],"product_cat":[13616],"product_tag":[],"class_list":{"0":"post-79480","1":"product","2":"type-product","3":"status-publish","4":"has-post-thumbnail","6":"location-innpro_stock_location","7":"location-local_stock_location","8":"product_cat-for-tablets","10":"first","11":"instock","12":"sale","13":"taxable","14":"shipping-taxable","15":"purchasable","16":"product-type-simple"},"aioseo_notices":[],"locations":[{"id":19557,"name":"Pieg\u0101d\u0101ja noliktav\u0101 (5-7dd.d)","slug":"innpro_stock_location","quantity":"26"},{"id":19558,"name":"R\u012bgas veikals (0-2dd.d)","slug":"local_stock_location","quantity":"0"}],"_links":{"self":[{"href":"https:\/\/elektrons.lv\/lv\/wp-json\/wp\/v2\/product\/79480","targetHints":{"allow":["GET"]}}],"collection":[{"href":"https:\/\/elektrons.lv\/lv\/wp-json\/wp\/v2\/product"}],"about":[{"href":"https:\/\/elektrons.lv\/lv\/wp-json\/wp\/v2\/types\/product"}],"replies":[{"embeddable":true,"href":"https:\/\/elektrons.lv\/lv\/wp-json\/wp\/v2\/comments?post=79480"}],"wp:featuredmedia":[{"embeddable":true,"href":"https:\/\/elektrons.lv\/lv\/wp-json\/wp\/v2\/media\/101492"}],"wp:attachment":[{"href":"https:\/\/elektrons.lv\/lv\/wp-json\/wp\/v2\/media?parent=79480"}],"wp:term":[{"taxonomy":"location","embeddable":true,"href":"https:\/\/elektrons.lv\/lv\/wp-json\/wp\/v2\/location?post=79480"},{"taxonomy":"product_brand","embeddable":true,"href":"https:\/\/elektrons.lv\/lv\/wp-json\/wp\/v2\/product_brand?post=79480"},{"taxonomy":"product_cat","embeddable":true,"href":"https:\/\/elektrons.lv\/lv\/wp-json\/wp\/v2\/product_cat?post=79480"},{"taxonomy":"product_tag","embeddable":true,"href":"https:\/\/elektrons.lv\/lv\/wp-json\/wp\/v2\/product_tag?post=79480"}],"curies":[{"name":"wp","href":"https:\/\/api.w.org\/{rel}","templated":true}]}}