{"id":79483,"date":"2026-05-14T09:37:14","date_gmt":"2026-05-14T09:37:14","guid":{"rendered":"https:\/\/elektrons.lv\/Prece\/yeelight-wireless-smart-dimmer\/"},"modified":"2026-05-15T07:48:43","modified_gmt":"2026-05-15T07:48:43","slug":"yeelight-wireless-smart-dimmer","status":"publish","type":"product","link":"https:\/\/elektrons.lv\/lv\/Prece\/yeelight-wireless-smart-dimmer\/","title":{"rendered":"Yeelight bezvadu viedais dimmers"},"content":{"rendered":"<h3 style=\"text-align: center;\"><img loading=\"lazy\" decoding=\"async\" src=\"https:\/\/b2b.innpro.pl\/data\/include\/cms\/1_DOMINIK\/xiaomi_logo1.png\" border=\"0\" alt=\"\" width=\"178\" height=\"107\" \/><\/h3>\n<h3 style=\"text-align: center;\">Yeelight z\u012bmols ir da\u013ca no Xiaomi ekosist\u0113mas.<\/h3>\n<p>\u00a0<\/p>\n<p>\u00a0<\/p>\n<h3 style=\"text-align: center;\">Wireless Smart Dimmer<\/h3>\n<p>The Yeelight Smart Dimmer, a smart, wireless and universal switch, works with Yeelight-branded ceiling lights. Its minimalist design has won the internationally recognized Red Dot Design Award and IF Design Award.<\/p>\n<p><img loading=\"lazy\" decoding=\"async\" src=\"https:\/\/b2b.innpro.pl\/data\/include\/cms\/12Yeelight\/YLKG07YL\/10.jpg\" border=\"0\" alt=\"\" width=\"1100\" height=\"700\" \/><\/p>\n<p>\u00a0<\/p>\n<h3 style=\"text-align: center;\">Be online, be smart<\/h3>\n<p>The Yeelight Smart Dimmer keeps your Yeelight fixtures online all the time, giving you the freedom to control your fixtures when and where you want. Smart Dimmer is compatible with LED Ceiling Light, Galaxy series lights and Crystal Pendant Light.<\/p>\n<p><img loading=\"lazy\" decoding=\"async\" src=\"https:\/\/b2b.innpro.pl\/data\/include\/cms\/12Yeelight\/YLKG07YL\/1.jpg\" border=\"0\" alt=\"\" width=\"1100\" height=\"700\" \/><\/p>\n<p>\u00a0<\/p>\n<h3 style=\"text-align: center;\">Bluetooth remote control<\/h3>\n<p>Aided by Bluetooth control, the Yeelight Smart Dimmer keeps smart devices online. This makes voice and app-based control possible.<\/p>\n<p><img loading=\"lazy\" decoding=\"async\" src=\"https:\/\/b2b.innpro.pl\/data\/include\/cms\/12Yeelight\/YLKG07YL\/5.jpg\" border=\"0\" alt=\"\" width=\"1100\" height=\"700\" \/><\/p>\n<p>\u00a0<\/p>\n<h3 style=\"text-align: center;\">Remote control without the need for wiring<\/h3>\n<p>A convenient Velcro fastener frees you from the hassle of wiring, while allowing you to install the switch anywhere. This way you&#8217;ll be able to easily control the light in bed, on the couch or any other convenient location.<\/p>\n<p><img loading=\"lazy\" decoding=\"async\" src=\"https:\/\/b2b.innpro.pl\/data\/include\/cms\/12Yeelight\/YLKG07YL\/7.jpg\" border=\"0\" alt=\"\" width=\"1100\" height=\"700\" \/><\/p>\n<p>\u00a0<\/p>\n<h3 style=\"text-align: center;\">Battery life of up to 2 years<\/h3>\n<p>The switch is designed to draw as little power as possible from the battery, which has a lifespan of up to two years at a frequency of use of 50 times a day (40 presses and 10 turns). * The battery is sold separately.<\/p>\n<p><img loading=\"lazy\" decoding=\"async\" src=\"https:\/\/b2b.innpro.pl\/data\/include\/cms\/12Yeelight\/YLKG07YL\/8.jpg\" border=\"0\" alt=\"\" width=\"1100\" height=\"700\" \/><\/p>\n<p>\u00a0<\/p>\n<h3 style=\"text-align: center;\">Integrated functions<\/h3>\n<p>The universal switch allows quick adjustment of brightness, light temperature and color. In doing so, it provides great fun for everyone &#8211; the elderly and children. Press to turn the device on\/off. Turn to adjust the brightness. Press and turn to adjust color temperature. Double press for switching between day and night modes. Press and hold to change color.<\/p>\n<p><img loading=\"lazy\" decoding=\"async\" src=\"https:\/\/b2b.innpro.pl\/data\/include\/cms\/12Yeelight\/YLKG07YL\/6.jpg\" border=\"0\" alt=\"\" width=\"1100\" height=\"700\" \/><\/p>\n<p>\u00a0<\/p>\n<h3 style=\"text-align: center;\">Elegant white that fits your interior perfectly<\/h3>\n<p>The Smart Dimmer has a versatile design that will fit into any interior &#8211; whether it&#8217;s decorated in a modern or classic way. Simple and elegant lines will emphasize the style and character of the room.<\/p>\n<p><img loading=\"lazy\" decoding=\"async\" src=\"https:\/\/b2b.innpro.pl\/data\/include\/cms\/12Yeelight\/YLKG07YL\/11.jpg\" border=\"0\" alt=\"\" width=\"1100\" height=\"700\" \/><\/p>\n<p>\u00a0<\/p>\n<h3 style=\"text-align: center;\">Tested durability<\/h3>\n<p>The switch has been thoroughly tested so that it can keep you company for as long as possible.<\/p>\n<p><img loading=\"lazy\" decoding=\"async\" src=\"https:\/\/b2b.innpro.pl\/data\/include\/cms\/12Yeelight\/YLKG07YL\/3.jpg\" border=\"0\" alt=\"\" width=\"1100\" height=\"700\" \/><\/p>\n<p>\u00a0<\/p>\n<h3 style=\"text-align: center;\">Top quality<\/h3>\n<p>A refined structure with high-quality materials will provide you with the ultimate comfort. Press the rotary button anywhere to adjust the brightness.<\/p>\n<p><img loading=\"lazy\" decoding=\"async\" src=\"https:\/\/b2b.innpro.pl\/data\/include\/cms\/12Yeelight\/YLKG07YL\/2.jpg\" border=\"0\" alt=\"\" width=\"1100\" height=\"700\" \/><\/p>\n<p>\u00a0<\/p>\n<h3 style=\"text-align: center;\">Refined every detail<\/h3>\n<p>The Smart Dimmer switch is easy to connect and operate. Just press the device for 3-seconds to activate the quick pairing mode with Yeelight lights. The rotating button allows you to easily adjust the light by pressing any part of the button.<\/p>\n<p><img loading=\"lazy\" decoding=\"async\" src=\"https:\/\/b2b.innpro.pl\/data\/include\/cms\/12Yeelight\/YLKG07YL\/4.jpg\" border=\"0\" alt=\"\" width=\"1100\" height=\"700\" \/><\/p>\n<p>\u00a0<\/p>\n<div class=\"table-wrapper\">\n<table>\n<tbody>\n<tr>\n<th>Modelis<\/th>\n<td>YLKG07YL<\/td>\n<\/tr>\n<tr>\n<th>Kr\u0101sa<\/th>\n<td>Balts<\/td>\n<\/tr>\n<tr>\n<th>Izm\u0113ri<\/th>\n<td>86x86x25 mm<\/td>\n<\/tr>\n<tr>\n<th>Wireless connection<\/th>\n<td>BLE 4.2<\/td>\n<\/tr>\n<tr>\n<th>Standby time<\/th>\n<td>3 gadi<\/td>\n<\/tr>\n<tr>\n<th>Darba temperat\u016bra<\/th>\n<td>10 &#8211; 40 degrees C<\/td>\n<\/tr>\n<tr>\n<th>Apk\u0101rt\u0113jais mitrums<\/th>\n<td>0% &#8211; 85% RH<\/td>\n<\/tr>\n<\/tbody>\n<\/table>\n<\/div>\n<style type=\"text\/css\"><!--\n.table-wrapper{width:100%;overflow-x:auto}.table-wrapper>table{border-spacing:0}.table-wrapper>table>tbody>tr>td,.table-wrapper>table>tbody>tr>th{padding:10px 35px;text-align:left}.table-wrapper>table>tbody>tr>th{vertical-align:top}.table-wrapper>table>tbody>tr:nth-child(even){background-color:#f7f7f7}\n--><\/style>\n<div style=\"position: absolute; left: -2px; top: 149.281px;\" id=\"gtx-trans\">\n<div class=\"gtx-trans-icon\"><\/div>\n<\/div>","protected":false},"excerpt":{"rendered":"<p>The Yeelight brand is part of the Xiaomi ecosystem. \u00a0 \u00a0 Wireless Smart Dimmer The Yeelight Smart Dimmer, a smart, wireless and universal switch, works with Yeelight-branded ceiling lights. Its minimalist design has won the internationally recognized Red Dot Design Award and IF Design Award. \u00a0 Be online, be smart The Yeelight Smart Dimmer keeps [&#8230;]\n","protected":false},"featured_media":101430,"comment_status":"open","ping_status":"closed","template":"","meta":[],"location":[19557,19558],"product_brand":[],"product_cat":[12223],"product_tag":[],"class_list":{"0":"post-79483","1":"product","2":"type-product","3":"status-publish","4":"has-post-thumbnail","6":"location-innpro_stock_location","7":"location-local_stock_location","8":"product_cat-switches","10":"first","11":"instock","12":"sale","13":"taxable","14":"shipping-taxable","15":"purchasable","16":"product-type-simple"},"aioseo_notices":[],"locations":[{"id":19557,"name":"Pieg\u0101d\u0101ja noliktav\u0101 (5-7dd.d)","slug":"innpro_stock_location","quantity":"145"},{"id":19558,"name":"R\u012bgas veikals (0-2dd.d)","slug":"local_stock_location","quantity":"0"}],"_links":{"self":[{"href":"https:\/\/elektrons.lv\/lv\/wp-json\/wp\/v2\/product\/79483","targetHints":{"allow":["GET"]}}],"collection":[{"href":"https:\/\/elektrons.lv\/lv\/wp-json\/wp\/v2\/product"}],"about":[{"href":"https:\/\/elektrons.lv\/lv\/wp-json\/wp\/v2\/types\/product"}],"replies":[{"embeddable":true,"href":"https:\/\/elektrons.lv\/lv\/wp-json\/wp\/v2\/comments?post=79483"}],"wp:featuredmedia":[{"embeddable":true,"href":"https:\/\/elektrons.lv\/lv\/wp-json\/wp\/v2\/media\/101430"}],"wp:attachment":[{"href":"https:\/\/elektrons.lv\/lv\/wp-json\/wp\/v2\/media?parent=79483"}],"wp:term":[{"taxonomy":"location","embeddable":true,"href":"https:\/\/elektrons.lv\/lv\/wp-json\/wp\/v2\/location?post=79483"},{"taxonomy":"product_brand","embeddable":true,"href":"https:\/\/elektrons.lv\/lv\/wp-json\/wp\/v2\/product_brand?post=79483"},{"taxonomy":"product_cat","embeddable":true,"href":"https:\/\/elektrons.lv\/lv\/wp-json\/wp\/v2\/product_cat?post=79483"},{"taxonomy":"product_tag","embeddable":true,"href":"https:\/\/elektrons.lv\/lv\/wp-json\/wp\/v2\/product_tag?post=79483"}],"curies":[{"name":"wp","href":"https:\/\/api.w.org\/{rel}","templated":true}]}}