{"id":79490,"date":"2026-05-14T09:37:15","date_gmt":"2026-05-14T09:37:15","guid":{"rendered":"https:\/\/elektrons.lv\/Prece\/insta360-x3-creator-kit\/"},"modified":"2026-05-15T07:48:43","modified_gmt":"2026-05-15T07:48:43","slug":"insta360-x3-creator-kit","status":"publish","type":"product","link":"https:\/\/elektrons.lv\/lv\/Prece\/insta360-x3-creator-kit\/","title":{"rendered":"Insta360 X3 Creator Kit"},"content":{"rendered":"<h3>Insta360 X3 Creator Kit<\/h3>\n<p>The Insta360 X3 offers 360-degree video recording in high quality. It will be an ideal choice for enthusiasts of dynamic activities, providing excellent image stabilization, many practical modes and instant footage editing capabilities. Included with the camera, you&#8217;ll find lens hoods, a spare battery and a multi-functional Bullet Time Bundle, with which you&#8217;ll create stunning shots from an interesting perspective!<\/p>\n<p><img decoding=\"async\" src=\"https:\/\/b2b.innpro.pl\/data\/include\/cms\/Insta360\/CINSAAVK\/1.jpg\" border=\"0\" alt=\"Insta360\/CINSAAVK\/1\" \/><\/p>\n<h3>Quality first and foremost<\/h3>\n<p>The camera is equipped with a 1\/2&#8243; sensor, so it is capable of recording sharp, smooth shots in high quality. Take advantage of the 5.7K 360\u00b0 setting and save the best moments for more than just memories! A 72MP 360\u00b0 shooting mode is also available. This makes sure you preserve every important moment &#8211; with a realistic level of detail!<\/p>\n<p><img decoding=\"async\" src=\"https:\/\/b2b.innpro.pl\/data\/include\/cms\/Insta360\/CINSAAVK\/9.jpg\" border=\"0\" alt=\"Insta360\/CINSAAVK\/9\" \/><\/p>\n<h3>Many possibilities<\/h3>\n<p>Discover the full potential of the X3 camera with a range of available settings! Take advantage of Single Lens Mode to record in 4K 30FPS quality or in wide-angle exposure (2.7K 170\u00b0). You can also create shots in Slow Motion &#8211; 4K 120FPS \/ 3K 180FPS. Experiment with different modes to wring the most quality out of the moments you experience! Also try the phenomenal Timelapse, which provides 8K class in 360\u00b0.<\/p>\n<p><img decoding=\"async\" src=\"https:\/\/b2b.innpro.pl\/data\/include\/cms\/Insta360\/CINSAAVK\/8.jpg\" border=\"0\" alt=\"Insta360\/CINSAAVK\/8\" \/><\/p>\n<h3>ME mode<\/h3>\n<p>Also completely new is the Me mode. It uses advanced algorithms that are capable of, among other things, completely cutting out the selfie stick from shots, providing an exquisitely rendered perspective from 3rd person. This setting is capable of capturing images in 1080P 30\/60 FPS quality. You can run it, for example, while skiing downhill &#8211; the end result will impress all your friends!<\/p>\n<p><img decoding=\"async\" src=\"https:\/\/b2b.innpro.pl\/data\/include\/cms\/Insta360\/CINSAAVK\/5.jpg\" border=\"0\" alt=\"Insta360\/CINSAAVK\/5\" \/><\/p>\n<h3>True stability<\/h3>\n<p>The stability of the image is taken care of by the implemented technologies. Active HDR 360\u00b0 mode ensures the recording of high-quality videos without shaking &#8211; even during dynamic activities. This is also influenced by the use of FlowState Stabilization system. There is also a 360\u00b0 Horizon Lock mode, which guarantees real-time alignment of the image to the horizon.<\/p>\n<p><img decoding=\"async\" src=\"https:\/\/b2b.innpro.pl\/data\/include\/cms\/Insta360\/CINSAAVK\/6.jpg\" border=\"0\" alt=\"Insta360\/CINSAAVK\/6\" \/><\/p>\n<h3>P\u0101rdom\u0101ts dizains<\/h3>\n<p>The camera is designed for a wide range of applications. The IPX8 waterproof rating allows use even in adverse conditions or diving to depths of up to 10m (up to 50m with the use of a diving case &#8211; sold separately). The device features a 2.29-inch display with an intuitive interface and a powerful 1800 mAh battery. As a result, you can enjoy a long battery life and high operating comfort.<\/p>\n<p><img decoding=\"async\" src=\"https:\/\/b2b.innpro.pl\/data\/include\/cms\/Insta360\/CINSAAVK\/2.jpg\" border=\"0\" alt=\"Insta360\/CINSAAVK\/2\" \/><\/p>\n<h3>High-quality sound<\/h3>\n<p>Insta360 X3 uses 4 built-in microphones to capture high-quality, detail-saturated sound. Advanced audio algorithms preserve the natural tones of ambient sounds &#8211; capturing the most beautiful moments even more accurately.<\/p>\n<p><img decoding=\"async\" src=\"https:\/\/b2b.innpro.pl\/data\/include\/cms\/Insta360\/CINSAAVK\/4.jpg\" border=\"0\" alt=\"Insta360\/CINSAAVK\/4\" \/><\/p>\n<h3>More novelties<\/h3>\n<p>This is not the end of innovative solutions and additions! The camera is distinguished by the use of a number of improvements that guarantee a combination of functionality and convenience. Pre-recording function allows you to record 15 or 30-second backward clips, so you won&#8217;t miss anything important. Loop Recording mode allows you to set file overwriting if you want to take care of free media space more efficiently. Voice Control 2.0 provides convenient voice control, and improved Wi-Fi transfer features up to 50% faster transmission compared to the X2.<\/p>\n<p><img decoding=\"async\" src=\"https:\/\/b2b.innpro.pl\/data\/include\/cms\/Insta360\/CINSAAVK\/3.jpg\" border=\"0\" alt=\"Insta360\/CINSAAVK\/3\" \/><\/p>\n<h3>Editing simpler than ever<\/h3>\n<p>Prepare content for publication from within the Insta360 app. Its AI editing algorithms will adjust all parameters and styles to your requirements in no time. Choose various effects in Shot Lab to find something to your liking. There&#8217;s also Photo Animator mode, with which you&#8217;ll transform a static 360\u00b0 shot into a smooth cinematic animation.<\/p>\n<p><img decoding=\"async\" src=\"https:\/\/b2b.innpro.pl\/data\/include\/cms\/Insta360\/CINSAAVK\/7.jpg\" border=\"0\" alt=\"Insta360\/CINSAAVK\/7\" \/><\/p>\n<h3>Iek\u013cauts<\/h3>\n<ul>\n<li>Camera<\/li>\n<li>Charging cable<\/li>\n<li>Protective case<\/li>\n<li>Lens covers<\/li>\n<li>Spare battery<\/li>\n<li>Multi-function BulletTime Bundle<\/li>\n<li>Lens cloth<\/li>\n<li>Lietot\u0101ja rokasgr\u0101mata<\/li>\n<\/ul>\n<div class=\"table-wrapper\">\n<table>\n<tbody>\n<tr>\n<th>Ra\u017eot\u0101js<\/th>\n<td>Insta360<\/td>\n<\/tr>\n<tr>\n<th>Modelis<\/th>\n<td>X3<\/td>\n<\/tr>\n<tr>\n<th>Aperture<\/th>\n<td>F\/1.9<\/td>\n<\/tr>\n<tr>\n<th>35mm equivalent focal length<\/th>\n<td>6.7 mm<\/td>\n<\/tr>\n<tr>\n<th>Att\u0113la iz\u0161\u0137irtsp\u0113ja<\/th>\n<td>72MP (11968&#215;5984) <br \/>18MP(5952&#215;2976)<\/td>\n<\/tr>\n<tr>\n<th>Video resolution<\/th>\n<td>\n<p>360\uff1a<br \/>5.7K: 5760*2880@30\/25\/24 <br \/>4K: 3840*1920@60\/30<\/p>\n<p>Single Lens\uff1a<br \/>4K: 3840&#215;2160@30\/25\/24 <br \/>3.6K: 3584&#215;2016@60\/50\/30\/25\/24 <br \/>2.7K: 2720&#215;1530@60\/50\/30\/25\/24 <br \/>1080P: 1920&#215;1088@60\/50\/30\/25\/24<\/p>\n<\/td>\n<\/tr>\n<tr>\n<th>Photo format<\/th>\n<td>insp (can be exported via app or Studio), PureShot (RAW dng, must be edited on computer)<\/td>\n<\/tr>\n<tr>\n<th>Video format<\/th>\n<td>Single Lens: MP4 <br \/>360: INSV (Low Res Video: LRV)<\/td>\n<\/tr>\n<tr>\n<th>Photo modes<\/th>\n<td>Standard, HDR, Burst, Interval, Starlapse<\/td>\n<\/tr>\n<tr>\n<th>Video modes<\/th>\n<td>Standard, Active HDR, Timelapse, TimeShift, Bullet Time, Loop Recording<\/td>\n<\/tr>\n<tr>\n<th>Color profiles<\/th>\n<td>Vivid, Standard, LOG<\/td>\n<\/tr>\n<tr>\n<th>Svars<\/th>\n<td>180 g<\/td>\n<\/tr>\n<tr>\n<th>Izm\u0113ri<\/th>\n<td>114 x 46 x 22.5 mm<\/td>\n<\/tr>\n<tr>\n<th>Darb\u012bbas laiks<\/th>\n<td>Up to 81 minutes<\/td>\n<\/tr>\n<tr>\n<th>Maximum video bitrate<\/th>\n<td>120 Mbps<\/td>\n<\/tr>\n<tr>\n<th>Gyroscope<\/th>\n<td>6-axis<\/td>\n<\/tr>\n<tr>\n<th>Live transmissions<\/th>\n<td>360 Live, Reframe Live<\/td>\n<\/tr>\n<tr>\n<th>Exposure value<\/th>\n<td>\u00b14EV<\/td>\n<\/tr>\n<tr>\n<th>ISO range<\/th>\n<td>100\uff5e3200<\/td>\n<\/tr>\n<tr>\n<th>Shutter speed<\/th>\n<td>Photo: 1\/8000 &#8211; 120s <br \/>Video: 1\/8000 &#8211; up to the frame rate limit<\/td>\n<\/tr>\n<tr>\n<th>White balance<\/th>\n<td>2000K-10000K<\/td>\n<\/tr>\n<tr>\n<th>Audio modes<\/th>\n<td>Wind Reduction, Stereo, Directional Focus 360\u00b0<\/td>\n<\/tr>\n<tr>\n<th>Audio format<\/th>\n<td>48 kHz, 16bits, AAC<\/td>\n<\/tr>\n<tr>\n<th>Bluetooth<\/th>\n<td>BLE 5.0<\/td>\n<\/tr>\n<tr>\n<th>WiFi<\/th>\n<td>2.4GHz, 5GHz <br \/>802.11a\/b\/g\/n\/ac<\/td>\n<\/tr>\n<tr>\n<th>USB<\/th>\n<td>Type C (only supports connections to Android devices &#8211; USB-C \/ Micro USB)<\/td>\n<\/tr>\n<tr>\n<th>MicroSD card<\/th>\n<td>UHS-I V30 class, exFAT, max. 1TB<\/td>\n<\/tr>\n<tr>\n<th>Akumulatora ietilp\u012bba<\/th>\n<td>1800 mAh<\/td>\n<\/tr>\n<tr>\n<th>Uzl\u0101des ports<\/th>\n<td>USB-C<\/td>\n<\/tr>\n<tr>\n<th>Uzl\u0101des laiks<\/th>\n<td>90 minutes (5V\/3A)<\/td>\n<\/tr>\n<tr>\n<th>Darba temperat\u016bra<\/th>\n<td>-4\u00b0F to 104\u00b0F (-20\u2103 to 40\u2103)<\/td>\n<\/tr>\n<\/tbody>\n<\/table>\n<\/div>","protected":false},"excerpt":{"rendered":"<p>Insta360 X3 Creator Kit The Insta360 X3 offers 360-degree video recording in high quality. It will be an ideal choice for enthusiasts of dynamic activities, providing excellent image stabilization, many practical modes and instant footage editing capabilities. Included with the camera, you&#8217;ll find lens hoods, a spare battery and a multi-functional Bullet Time Bundle, with [&#8230;]\n","protected":false},"featured_media":101406,"comment_status":"open","ping_status":"closed","template":"","meta":[],"location":[19557,19558],"product_brand":[],"product_cat":[13833],"product_tag":[],"class_list":{"0":"post-79490","1":"product","2":"type-product","3":"status-publish","4":"has-post-thumbnail","6":"location-innpro_stock_location","7":"location-local_stock_location","8":"product_cat-insta","10":"first","11":"instock","12":"taxable","13":"shipping-taxable","14":"purchasable","15":"product-type-simple"},"aioseo_notices":[],"locations":[{"id":19557,"name":"Pieg\u0101d\u0101ja noliktav\u0101 (5-7dd.d)","slug":"innpro_stock_location","quantity":"14"},{"id":19558,"name":"R\u012bgas veikals (0-2dd.d)","slug":"local_stock_location","quantity":"0"}],"_links":{"self":[{"href":"https:\/\/elektrons.lv\/lv\/wp-json\/wp\/v2\/product\/79490","targetHints":{"allow":["GET"]}}],"collection":[{"href":"https:\/\/elektrons.lv\/lv\/wp-json\/wp\/v2\/product"}],"about":[{"href":"https:\/\/elektrons.lv\/lv\/wp-json\/wp\/v2\/types\/product"}],"replies":[{"embeddable":true,"href":"https:\/\/elektrons.lv\/lv\/wp-json\/wp\/v2\/comments?post=79490"}],"wp:featuredmedia":[{"embeddable":true,"href":"https:\/\/elektrons.lv\/lv\/wp-json\/wp\/v2\/media\/101406"}],"wp:attachment":[{"href":"https:\/\/elektrons.lv\/lv\/wp-json\/wp\/v2\/media?parent=79490"}],"wp:term":[{"taxonomy":"location","embeddable":true,"href":"https:\/\/elektrons.lv\/lv\/wp-json\/wp\/v2\/location?post=79490"},{"taxonomy":"product_brand","embeddable":true,"href":"https:\/\/elektrons.lv\/lv\/wp-json\/wp\/v2\/product_brand?post=79490"},{"taxonomy":"product_cat","embeddable":true,"href":"https:\/\/elektrons.lv\/lv\/wp-json\/wp\/v2\/product_cat?post=79490"},{"taxonomy":"product_tag","embeddable":true,"href":"https:\/\/elektrons.lv\/lv\/wp-json\/wp\/v2\/product_tag?post=79490"}],"curies":[{"name":"wp","href":"https:\/\/api.w.org\/{rel}","templated":true}]}}