{"id":79515,"date":"2026-05-14T09:37:17","date_gmt":"2026-05-14T09:37:17","guid":{"rendered":"https:\/\/elektrons.lv\/Prece\/carlinkit-cp2a-wireless-adapter-apple-carplay-android-auto-blue\/"},"modified":"2026-05-15T07:48:44","modified_gmt":"2026-05-15T07:48:44","slug":"carlinkit-cp2a-wireless-adapter-apple-carplay-android-auto-blue","status":"publish","type":"product","link":"https:\/\/elektrons.lv\/lv\/Prece\/carlinkit-cp2a-wireless-adapter-apple-carplay-android-auto-blue\/","title":{"rendered":"Carlinkit CP2A wireless adapter Apple Carplay\/Android Auto (blue)"},"content":{"rendered":"<h3>The Carlinkit CP2A wireless adapter<\/h3>\n<p>Want to enjoy wireless pleasure while driving your car? With Carlinkit it will be possible! CP2A adapter is designed for cars with CarPlay and Android Auto  function. With it, you will create a space free of tangled cables. What&#8217;s more, it uses plug&#038;play technology, which makes it convenient and easy to use. And its small size (80\u00d746\u00d713 mm) will make it easy to transport and store. <\/p>\n<p><img decoding=\"async\" src=\"https:\/\/b2b.innpro.pl\/data\/include\/cms\/Carlinkit\/CPC200-CP2A\/8.jpg\" alt=\"Carlinkit\/CPC200-CP2A\/8\"><\/p>\n<h3>Wireless convenience<\/h3>\n<p>With Carlinkit, you will be able to create a wireless connection from your CarPlay. It shows great compatibility with cars, and supports many popular apps for music or GPS. What&#8217;s more, it won&#8217;t interfere with your vehicle&#8217;s original functions. You will also be able to give voice commands, as it works with assistants such as Siri, for example. <\/p>\n<p><img decoding=\"async\" src=\"https:\/\/b2b.innpro.pl\/data\/include\/cms\/Carlinkit\/CPC200-CP2A\/6.jpg\" alt=\"Carlinkit\/CPC200-CP2A\/6\"><\/p>\n<h3>Comfort of use<\/h3>\n<p>Carlinkit CP2A was developed with comfort in mind. It uses plug&#038;play technology. What does this mean? Just plug the device into your car&#8217;s USB port, and it starts working right away. And it connects to your phone quickly using Bluetooth 5.2. Online updates are also at your disposal to ensure that your device will always work perfectly. <\/p>\n<p><img decoding=\"async\" src=\"https:\/\/b2b.innpro.pl\/data\/include\/cms\/Carlinkit\/CPC200-CP2A\/2.jpg\" alt=\"Carlinkit\/CPC200-CP2A\/2\"><\/p>\n<h3>P\u0101rdom\u0101ts dizains <\/h3>\n<p>The PCP2A is both a well-thought-out design and a functional device. It won&#8217;t take up much space, as it stands out for its compact size (80\u00d746\u00d713 mm) and light weight (0.033 kg). What&#8217;s more, you only need to connect it once to the device of your choice. What does this mean? When you get in the car again, Carlinkit will automatically pair with your phone. Don&#8217;t waste precious minutes searching for your device again!<\/p>\n<p><img decoding=\"async\" src=\"https:\/\/b2b.innpro.pl\/data\/include\/cms\/Carlinkit\/CPC200-CP2A\/1.jpg\" alt=\"Carlinkit\/CPC200-CP2A\/1\"><\/p>\n<h3>Iek\u013cauts <\/h3>\n<ul>\n<li>wireless adapter <\/li>\n<li>2x charging cable <\/li>\n<li>lietot\u0101ja rokasgr\u0101mata<\/li>\n<\/ul>\n<div class=\"table-wrapper\">\n<table>\n<tbody>\n<tr>\n<th>Ra\u017eot\u0101js <\/th>\n<td>Carlinkit <\/td>\n<\/tr>\n<tr>\n<th>Modelis<\/th>\n<td>CPC200-CP2A<\/td>\n<\/tr>\n<tr>\n<th>Baro\u0161anas ieeja<\/th>\n<td>5V\u00b10.2V 1.0A<\/td>\n<\/tr>\n<tr>\n<th>Power supply output<\/th>\n<td>DC 5V\u00b10.2V 1.0A<\/td>\n<\/tr>\n<tr>\n<th>Ener\u0123ijas pat\u0113ri\u0146\u0161<\/th>\n<td>0,75 W<\/td>\n<\/tr>\n<tr>\n<th>WiFi frequency<\/th>\n<td>5150-5250 MHz, 5725-5850 MHz \/ 2412-2472 MHz<\/td>\n<\/tr>\n<tr>\n<th>Bluetooth version<\/th>\n<td>5.2 802.11ac<\/td>\n<\/tr>\n<tr>\n<th>Antenna<\/th>\n<td>Built-in 3 dbi FPC antenna<\/td>\n<\/tr>\n<tr>\n<th>Materi\u0101ls<\/th>\n<td>ABS PC<\/td>\n<\/tr>\n<tr>\n<th>Supported vehicles<\/th>\n<td>Car with factory CarPlay cable<\/td>\n<\/tr>\n<tr>\n<th>Ostas<\/th>\n<td>LED, Type-C female port, USB female port<\/td>\n<\/tr>\n<tr>\n<th>Product size<\/th>\n<td>80\u00d746\u00d713 mm<\/td>\n<\/tr>\n<tr>\n<th>Produkta svars<\/th>\n<td>0.033 kg<\/td>\n<\/tr>\n<\/tbody>\n<\/table>\n<\/div>","protected":false},"excerpt":{"rendered":"<p>The Carlinkit CP2A wireless adapter Want to enjoy wireless pleasure while driving your car? With Carlinkit it will be possible! CP2A adapter is designed for cars with CarPlay and Android Auto function. With it, you will create a space free of tangled cables. What&#8217;s more, it uses plug&#038;play technology, which makes it convenient and easy [&#8230;]\n","protected":false},"featured_media":101312,"comment_status":"open","ping_status":"closed","template":"","meta":[],"location":[19557,19558],"product_brand":[],"product_cat":[13847],"product_tag":[],"class_list":{"0":"post-79515","1":"product","2":"type-product","3":"status-publish","4":"has-post-thumbnail","6":"location-innpro_stock_location","7":"location-local_stock_location","8":"product_cat-android-auto-wireless-adapters","10":"first","11":"instock","12":"sale","13":"taxable","14":"shipping-taxable","15":"purchasable","16":"product-type-simple"},"aioseo_notices":[],"locations":[{"id":19557,"name":"Pieg\u0101d\u0101ja noliktav\u0101 (5-7dd.d)","slug":"innpro_stock_location","quantity":"432"},{"id":19558,"name":"R\u012bgas veikals (0-2dd.d)","slug":"local_stock_location","quantity":"0"}],"_links":{"self":[{"href":"https:\/\/elektrons.lv\/lv\/wp-json\/wp\/v2\/product\/79515","targetHints":{"allow":["GET"]}}],"collection":[{"href":"https:\/\/elektrons.lv\/lv\/wp-json\/wp\/v2\/product"}],"about":[{"href":"https:\/\/elektrons.lv\/lv\/wp-json\/wp\/v2\/types\/product"}],"replies":[{"embeddable":true,"href":"https:\/\/elektrons.lv\/lv\/wp-json\/wp\/v2\/comments?post=79515"}],"wp:featuredmedia":[{"embeddable":true,"href":"https:\/\/elektrons.lv\/lv\/wp-json\/wp\/v2\/media\/101312"}],"wp:attachment":[{"href":"https:\/\/elektrons.lv\/lv\/wp-json\/wp\/v2\/media?parent=79515"}],"wp:term":[{"taxonomy":"location","embeddable":true,"href":"https:\/\/elektrons.lv\/lv\/wp-json\/wp\/v2\/location?post=79515"},{"taxonomy":"product_brand","embeddable":true,"href":"https:\/\/elektrons.lv\/lv\/wp-json\/wp\/v2\/product_brand?post=79515"},{"taxonomy":"product_cat","embeddable":true,"href":"https:\/\/elektrons.lv\/lv\/wp-json\/wp\/v2\/product_cat?post=79515"},{"taxonomy":"product_tag","embeddable":true,"href":"https:\/\/elektrons.lv\/lv\/wp-json\/wp\/v2\/product_tag?post=79515"}],"curies":[{"name":"wp","href":"https:\/\/api.w.org\/{rel}","templated":true}]}}