{"id":79552,"date":"2026-05-14T09:37:22","date_gmt":"2026-05-14T09:37:22","guid":{"rendered":"https:\/\/elektrons.lv\/Prece\/battery-for-bobovr-m2-pro-charging-station\/"},"modified":"2026-05-15T07:48:46","modified_gmt":"2026-05-15T07:48:46","slug":"battery-for-bobovr-m2-pro-charging-station","status":"publish","type":"product","link":"https:\/\/elektrons.lv\/lv\/Prece\/battery-for-bobovr-m2-pro-charging-station\/","title":{"rendered":"Akumulators BOBOVR M2 Pro + uzl\u0101des stacijai"},"content":{"rendered":"<h3>Charging station + battery B2 BOBOVR<\/h3>\n<p>Want to extend your VR experience? With BoboVR it will be possible! You&#8217;ll get a charging station and one B2 battery included, so you&#8217;ll always have extra power on hand! What&#8217;s more, thanks to their well-thought-out design, they won&#8217;t take up much space on your desk, and they are very comfortable to use. See what BoboVR can offer you! <\/p>\n<p><img decoding=\"async\" src=\"https:\/\/b2b.innpro.pl\/data\/include\/cms\/BoboVR\/BOBOVR-BD2-1\/4.jpg\" alt=\"BoboVR\/BOBOVR-BD2-1\/4\"><\/p>\n<h3>P\u0101rdom\u0101ts dizains<\/h3>\n<p>What sets BoboVR devices apart is their thoughtful design. The charging station is equipped with dual charging ports, so you can charge as many as 2 batteries at the same time, thus saving time. What&#8217;s more, it features a thin and simple design that won&#8217;t take up much space on your desk. In addition, the charging base uses strong magnets, so you can swap B2 batteries easily and quickly. All this makes using the BoboVR very pleasant. <\/p>\n<p><img decoding=\"async\" src=\"https:\/\/b2b.innpro.pl\/data\/include\/cms\/BoboVR\/BOBOVR-BD2-1\/8.jpg\" alt=\"BoboVR\/BOBOVR-BD2-1\/8\"><\/p>\n<h3>Comfortable charging <\/h3>\n<p>The charging station allows you to charge as many as 2 B2 batteries at the same time, so you can save your time. You also won&#8217;t have to wait too long for them to regain their energy, as they will regain their full energy in just 3 hours. You will be informed of their charge level by a special light indicator, so they will always be ready to go! You&#8217;ll find 1 B2 battery included, so you can enjoy spare power for your VR gear right away!<\/p>\n<p><img decoding=\"async\" src=\"https:\/\/b2b.innpro.pl\/data\/include\/cms\/BoboVR\/BOBOVR-BD2-1\/5.jpg\" alt=\"BoboVR\/BOBOVR-BD2-1\/5\"><\/p>\n<h3>Safety Guarantee <\/h3>\n<p>BoboVR is not only a functional device, it is also a safety guarantee. The charging station is equipped with a special chip that automatically controls the current and voltage during charging. Thus, you are guaranteed full protection, as well as battery charging efficiency. Extend your VR experience with BoboVR!<\/p>\n<p><img decoding=\"async\" src=\"https:\/\/b2b.innpro.pl\/data\/include\/cms\/BoboVR\/BOBOVR-BD2-1\/10.jpg\" alt=\"BoboVR\/BOBOVR-BD2-1\/10\"><\/p>\n<h3>In the box<\/h3>\n<ul>\n<li>Charging base x1<\/li>\n<li>B2 battery x1<\/li>\n<li>USB-C kabelis x1<\/li>\n<li>Lietot\u0101ja rokasgr\u0101mata x1<\/li>\n<\/ul>\n<div class=\"table-wrapper\">\n<table>\n<tbody>\n<tr>\n<th>Ra\u017eot\u0101js <\/th>\n<td>BoboVR<\/td>\n<\/tr>\n<tr>\n<th>Modelis<\/th>\n<td>BOBOVR BD2-1<\/td>\n<\/tr>\n<tr>\n<th>Charging base<\/th>\n<td><\/td>\n<\/tr>\n<tr>\n<th>Ieejas jauda <\/th>\n<td>5 V = 3 A<\/td>\n<\/tr>\n<tr>\n<th>Izejas jauda <\/th>\n<td>Port 1: 5 V = 2.6 A; port 2: 5 V = 2.6 V; total power: 5 V = 3 A max.<\/td>\n<\/tr>\n<tr>\n<th>Izm\u0113ri <\/th>\n<td>107 \u00d7 115 \u00d7 17 mm<\/td>\n<\/tr>\n<tr>\n<th>Materi\u0101ls <\/th>\n<td>ABS PC<\/td>\n<\/tr>\n<tr>\n<th>Sader\u012bba<\/th>\n<td>B2 BoboVR rechargeable battery<\/td>\n<\/tr>\n<tr>\n<th>Akumulators<\/th>\n<td><\/td>\n<\/tr>\n<tr>\n<th>Kapacit\u0101te<\/th>\n<td>3.7 V = 5200 mAh; 19.24 W.<\/td>\n<\/tr>\n<tr>\n<th>Rated capacity<\/th>\n<td>5 V = 1.5 A, 3200 mA<\/td>\n<\/tr>\n<tr>\n<th>Input\/output power <\/th>\n<td>5 V = 2.6 A<\/td>\n<\/tr>\n<tr>\n<th>Uzl\u0101des laiks <\/th>\n<td>approx. 3 h<\/td>\n<\/tr>\n<tr>\n<th>Izm\u0113ri <\/th>\n<td>85 \u00d7 47 \u00d7 32 mm<\/td>\n<\/tr>\n<\/tbody>\n<\/table>\n<\/div>","protected":false},"excerpt":{"rendered":"<p>Charging station + battery B2 BOBOVR Want to extend your VR experience? With BoboVR it will be possible! You&#8217;ll get a charging station and one B2 battery included, so you&#8217;ll always have extra power on hand! What&#8217;s more, thanks to their well-thought-out design, they won&#8217;t take up much space on your desk, and they are [&#8230;]\n","protected":false},"featured_media":101176,"comment_status":"open","ping_status":"closed","template":"","meta":[],"location":[19557,19558],"product_brand":[],"product_cat":[13885],"product_tag":[],"class_list":{"0":"post-79552","1":"product","2":"type-product","3":"status-publish","4":"has-post-thumbnail","6":"location-innpro_stock_location","7":"location-local_stock_location","8":"product_cat-vr-accessories","10":"first","11":"instock","12":"sale","13":"taxable","14":"shipping-taxable","15":"purchasable","16":"product-type-simple"},"aioseo_notices":[],"locations":[{"id":19557,"name":"Pieg\u0101d\u0101ja noliktav\u0101 (5-7dd.d)","slug":"innpro_stock_location","quantity":"169"},{"id":19558,"name":"R\u012bgas veikals (0-2dd.d)","slug":"local_stock_location","quantity":"0"}],"_links":{"self":[{"href":"https:\/\/elektrons.lv\/lv\/wp-json\/wp\/v2\/product\/79552","targetHints":{"allow":["GET"]}}],"collection":[{"href":"https:\/\/elektrons.lv\/lv\/wp-json\/wp\/v2\/product"}],"about":[{"href":"https:\/\/elektrons.lv\/lv\/wp-json\/wp\/v2\/types\/product"}],"replies":[{"embeddable":true,"href":"https:\/\/elektrons.lv\/lv\/wp-json\/wp\/v2\/comments?post=79552"}],"wp:featuredmedia":[{"embeddable":true,"href":"https:\/\/elektrons.lv\/lv\/wp-json\/wp\/v2\/media\/101176"}],"wp:attachment":[{"href":"https:\/\/elektrons.lv\/lv\/wp-json\/wp\/v2\/media?parent=79552"}],"wp:term":[{"taxonomy":"location","embeddable":true,"href":"https:\/\/elektrons.lv\/lv\/wp-json\/wp\/v2\/location?post=79552"},{"taxonomy":"product_brand","embeddable":true,"href":"https:\/\/elektrons.lv\/lv\/wp-json\/wp\/v2\/product_brand?post=79552"},{"taxonomy":"product_cat","embeddable":true,"href":"https:\/\/elektrons.lv\/lv\/wp-json\/wp\/v2\/product_cat?post=79552"},{"taxonomy":"product_tag","embeddable":true,"href":"https:\/\/elektrons.lv\/lv\/wp-json\/wp\/v2\/product_tag?post=79552"}],"curies":[{"name":"wp","href":"https:\/\/api.w.org\/{rel}","templated":true}]}}