{"id":79559,"date":"2026-05-14T09:37:23","date_gmt":"2026-05-14T09:37:23","guid":{"rendered":"https:\/\/elektrons.lv\/Prece\/ribbon-for-b18-niimbot-blue\/"},"modified":"2026-05-15T07:48:46","modified_gmt":"2026-05-15T07:48:46","slug":"ribbon-for-b18-niimbot-blue","status":"publish","type":"product","link":"https:\/\/elektrons.lv\/lv\/Prece\/ribbon-for-b18-niimbot-blue\/","title":{"rendered":"Ribbon for B18 Niimbot (Blue)"},"content":{"rendered":"<h3>Tape for B18 Niimbot (Blue)<\/h3>\n<p>The kit includes a blue roll that allows you to print. It is dedicated to Niimbot B18 thermal printers. It is useful for printing prices, expiration dates, QR and EAN code, emoticons, serial number, table and much more.<\/p>\n<p><img decoding=\"async\" src=\"https:\/\/b2b.innpro.pl\/data\/include\/cms\/Niimbot\/RR14-16-blue\/2.jpg\" border=\"0\" alt=\"Niimbot\/RR14-16-blue\/2\" \/><\/p>\n<div class=\"table-wrapper\">\n<table>\n<tbody>\n<tr>\n<th>Manufacturer.<\/th>\n<td>Niimbot<\/td>\n<\/tr>\n<tr>\n<th>Modelis<\/th>\n<td>RR14-16 blue<\/td>\n<\/tr>\n<tr>\n<th>Kr\u0101sa<\/th>\n<td>Blue<\/td>\n<\/tr>\n<tr>\n<th>Garums<\/th>\n<td>160 cm<\/td>\n<\/tr>\n<tr>\n<th>Sader\u012bba<\/th>\n<td>Niimbot B18<\/td>\n<\/tr>\n<\/tbody>\n<\/table>\n<\/div>","protected":false},"excerpt":{"rendered":"<p>Tape for B18 Niimbot (Blue) The kit includes a blue roll that allows you to print. It is dedicated to Niimbot B18 thermal printers. It is useful for printing prices, expiration dates, QR and EAN code, emoticons, serial number, table and much more. Manufacturer. Niimbot Model RR14-16 blue Color Blue Length 160 cm Compatibility Niimbot [&#8230;]\n","protected":false},"featured_media":101156,"comment_status":"open","ping_status":"closed","template":"","meta":[],"location":[19557,19558],"product_brand":[],"product_cat":[13815],"product_tag":[],"class_list":{"0":"post-79559","1":"product","2":"type-product","3":"status-publish","4":"has-post-thumbnail","6":"location-innpro_stock_location","7":"location-local_stock_location","8":"product_cat-labels","10":"first","11":"instock","12":"sale","13":"taxable","14":"shipping-taxable","15":"purchasable","16":"product-type-simple"},"aioseo_notices":[],"locations":[{"id":19557,"name":"Pieg\u0101d\u0101ja noliktav\u0101 (5-7dd.d)","slug":"innpro_stock_location","quantity":"60"},{"id":19558,"name":"R\u012bgas veikals (0-2dd.d)","slug":"local_stock_location","quantity":"0"}],"_links":{"self":[{"href":"https:\/\/elektrons.lv\/lv\/wp-json\/wp\/v2\/product\/79559","targetHints":{"allow":["GET"]}}],"collection":[{"href":"https:\/\/elektrons.lv\/lv\/wp-json\/wp\/v2\/product"}],"about":[{"href":"https:\/\/elektrons.lv\/lv\/wp-json\/wp\/v2\/types\/product"}],"replies":[{"embeddable":true,"href":"https:\/\/elektrons.lv\/lv\/wp-json\/wp\/v2\/comments?post=79559"}],"wp:featuredmedia":[{"embeddable":true,"href":"https:\/\/elektrons.lv\/lv\/wp-json\/wp\/v2\/media\/101156"}],"wp:attachment":[{"href":"https:\/\/elektrons.lv\/lv\/wp-json\/wp\/v2\/media?parent=79559"}],"wp:term":[{"taxonomy":"location","embeddable":true,"href":"https:\/\/elektrons.lv\/lv\/wp-json\/wp\/v2\/location?post=79559"},{"taxonomy":"product_brand","embeddable":true,"href":"https:\/\/elektrons.lv\/lv\/wp-json\/wp\/v2\/product_brand?post=79559"},{"taxonomy":"product_cat","embeddable":true,"href":"https:\/\/elektrons.lv\/lv\/wp-json\/wp\/v2\/product_cat?post=79559"},{"taxonomy":"product_tag","embeddable":true,"href":"https:\/\/elektrons.lv\/lv\/wp-json\/wp\/v2\/product_tag?post=79559"}],"curies":[{"name":"wp","href":"https:\/\/api.w.org\/{rel}","templated":true}]}}