{"id":79573,"date":"2026-05-14T09:37:25","date_gmt":"2026-05-14T09:37:25","guid":{"rendered":"https:\/\/elektrons.lv\/Prece\/carbon-fiber-selfie-stick-with-3m-length-telesin-for-cameras-gp-mnp-300-3\/"},"modified":"2026-05-14T11:53:43","modified_gmt":"2026-05-14T11:53:43","slug":"carbon-fiber-selfie-stick-with-3m-length-telesin-for-cameras-gp-mnp-300-3","status":"publish","type":"product","link":"https:\/\/elektrons.lv\/lv\/Prece\/carbon-fiber-selfie-stick-with-3m-length-telesin-for-cameras-gp-mnp-300-3\/","title":{"rendered":"Carbon fiber selfie stick with 3m length Telesin for cameras GP-MNP-300-3"},"content":{"rendered":"<h3>Telesin 3m carbon fiber selfie stick for cameras GP-MNP-300-3<\/h3>\n<p>Do you want to create amazing shots? Or maybe you want to capture a large number of people in a photo? With TELESIN this will not be a problem! This selfie stick will allow you to capture unforgettable moments, even underwater. Made of the highest quality materials, it will not only be durable and reliable, but will also serve you for a very long time. Thanks to the possibility of as much as 8-position height adjustment, you can adjust its length to your needs. See how easy it is to capture beautiful moments!<\/p>\n<p>\n<img decoding=\"async\" alt=\"\" border=\"0\" src=\"https:\/\/assets.innpro.pl\/15329\/19257\/3.jpg\"\/>\n<\/p>\n<h3>Selfie stick you needed<\/h3>\n<p>Selfie stick TELESIN was created to meet the expectations of even the most demanding. Thanks to its thoughtful design, it will be equally suitable for sports cameras, panoramic cameras or phones. When fully extended, its length reaches up to 3 meters, which will allow you to capture amazing moments from a bird&#8217;s eye view, but also help you catch a large family or a larger group of people in one shot. In addition, you can lock it at as many as 8 different heights &#8211; just twist it slightly. This feature makes it adaptable to your needs.<\/p>\n<p>\n<img decoding=\"async\" alt=\"\" border=\"0\" src=\"https:\/\/assets.innpro.pl\/15329\/19257\/5.jpg\"\/>\n<\/p>\n<h3>P\u0101rdom\u0101ts dizains<\/h3>\n<p>TELESIN gadget was created with the utmost care. It was made of high-quality carbon fiber, which ensures durability, and what&#8217;s more, it is 1\/3 lighter than an aluminum selfie stick of the same size. Its silicone grip features a non-slip texture, so it will fit better in your hand. The TELESIN selfie stick is also more stable and will not deform, even after prolonged use.<\/p>\n<p>\n<img decoding=\"async\" alt=\"\" border=\"0\" src=\"https:\/\/assets.innpro.pl\/15329\/19257\/6.jpg\"\/>\n<\/p>\n<h3>Comfort of use<\/h3>\n<p>TELESIN is not only a very practical and functional gadget, it is also comfortable to use. On its underside there is a threaded port, which allows it to be attached to a tripod. What&#8217;s more, the carbon fiber from which the selfie stick was made is more resistant to corrosion than metal, which means you can use the gadget underwater and create amazing shots from under the sea waves without worry. Don&#8217;t worry about its transportation either, as it won&#8217;t cause you any trouble. The selfie stick measures only 44 cm when folded, so you can easily stow it in your backpack or purse.<\/p>\n<p>\n<img decoding=\"async\" alt=\"\" border=\"0\" src=\"https:\/\/assets.innpro.pl\/15329\/19257\/4.jpg\"\/>\n<\/p>\n<h3>Iek\u013cauts<\/h3>\n<ul class=\"list-disc pl-5\">\n<li>selfie stick<\/li>\n<li>three-jaw adapter<\/li>\n<li>adapter with 1\/4 thread<\/li>\n<\/ul>\n<div class=\"table-wrapper\">\n<p>\u00a0<\/p>\n<h3><\/h3>\n<table>\n<tbody>\n<tr>\n<th>Ra\u017eot\u0101js<\/th>\n<td>TELESIN<\/td>\n<\/tr>\n<tr>\n<th>Modelis<\/th>\n<td>GP-MNP-300-3<\/td>\n<\/tr>\n<tr>\n<th>Izm\u0113ri<\/th>\n<td>44-300 cm<\/td>\n<\/tr>\n<tr>\n<th>Svars<\/th>\n<td>374 g<\/td>\n<\/tr>\n<tr>\n<th>Materi\u0101ls<\/th>\n<td>24T carbon fabric, aluminum alloy, silicone<\/td>\n<\/tr>\n<tr>\n<th>Maksim\u0101l\u0101 slodze<\/th>\n<td>0.3 kg<\/td>\n<\/tr>\n<\/tbody>\n<\/table>\n<\/div>","protected":false},"excerpt":{"rendered":"<p>Telesin 3m carbon fiber selfie stick for cameras GP-MNP-300-3 Do you want to create amazing shots? Or maybe you want to capture a large number of people in a photo? With TELESIN this will not be a problem! This selfie stick will allow you to capture unforgettable moments, even underwater. Made of the highest quality [&#8230;]\n","protected":false},"featured_media":101086,"comment_status":"open","ping_status":"closed","template":"","meta":[],"location":[19557,19558],"product_brand":[],"product_cat":[12079],"product_tag":[],"class_list":{"0":"post-79573","1":"product","2":"type-product","3":"status-publish","4":"has-post-thumbnail","6":"location-innpro_stock_location","7":"location-local_stock_location","8":"product_cat-booms-and-selfie-sticks","10":"first","11":"outofstock","12":"taxable","13":"shipping-taxable","14":"purchasable","15":"product-type-simple"},"aioseo_notices":[],"locations":[{"id":19557,"name":"Pieg\u0101d\u0101ja noliktav\u0101 (5-7dd.d)","slug":"innpro_stock_location","quantity":"0"},{"id":19558,"name":"R\u012bgas veikals (0-2dd.d)","slug":"local_stock_location","quantity":"0"}],"_links":{"self":[{"href":"https:\/\/elektrons.lv\/lv\/wp-json\/wp\/v2\/product\/79573","targetHints":{"allow":["GET"]}}],"collection":[{"href":"https:\/\/elektrons.lv\/lv\/wp-json\/wp\/v2\/product"}],"about":[{"href":"https:\/\/elektrons.lv\/lv\/wp-json\/wp\/v2\/types\/product"}],"replies":[{"embeddable":true,"href":"https:\/\/elektrons.lv\/lv\/wp-json\/wp\/v2\/comments?post=79573"}],"wp:featuredmedia":[{"embeddable":true,"href":"https:\/\/elektrons.lv\/lv\/wp-json\/wp\/v2\/media\/101086"}],"wp:attachment":[{"href":"https:\/\/elektrons.lv\/lv\/wp-json\/wp\/v2\/media?parent=79573"}],"wp:term":[{"taxonomy":"location","embeddable":true,"href":"https:\/\/elektrons.lv\/lv\/wp-json\/wp\/v2\/location?post=79573"},{"taxonomy":"product_brand","embeddable":true,"href":"https:\/\/elektrons.lv\/lv\/wp-json\/wp\/v2\/product_brand?post=79573"},{"taxonomy":"product_cat","embeddable":true,"href":"https:\/\/elektrons.lv\/lv\/wp-json\/wp\/v2\/product_cat?post=79573"},{"taxonomy":"product_tag","embeddable":true,"href":"https:\/\/elektrons.lv\/lv\/wp-json\/wp\/v2\/product_tag?post=79573"}],"curies":[{"name":"wp","href":"https:\/\/api.w.org\/{rel}","templated":true}]}}