{"id":79574,"date":"2026-05-14T09:37:25","date_gmt":"2026-05-14T09:37:25","guid":{"rendered":"https:\/\/elektrons.lv\/Prece\/backpack-clip-mount-telesin-for-sports-cameras-gp-jfm-009\/"},"modified":"2026-05-14T11:53:45","modified_gmt":"2026-05-14T11:53:45","slug":"backpack-clip-mount-telesin-for-sports-cameras-gp-jfm-009","status":"publish","type":"product","link":"https:\/\/elektrons.lv\/lv\/Prece\/backpack-clip-mount-telesin-for-sports-cameras-gp-jfm-009\/","title":{"rendered":"Backpack clip mount Telesin for sports cameras (GP-JFM-009)"},"content":{"rendered":"<h3>Telesin backpack strap mount for sports cameras (GP-JFM-009)<\/h3>\n<p>Do you often record your hikes in the mountains? Are you looking for a gadget that will allow you to free your hands? With TELESIN it will be possible! The backpack strap mount for sports cameras will allow you to record amazing shots easily and quickly. What&#8217;s more, this gadget ensures the stability of your recordings, and thanks to its well-thought-out design it is durable and reliable. You also don&#8217;t have to worry about dropping your camera, as the mount is equipped with a clip with a large number of teeth and a thicker spring design. With TELESIN, you can record unforgettable shots of any expedition! <\/p>\n<p><img decoding=\"async\" src=\"https:\/\/b2b.innpro.pl\/data\/include\/cms\/Telesin\/GP-JFM-009\/7.jpg\" alt=\"Telesin\/GP-JFM-009\/7\"><\/p>\n<h3>P\u0101rdom\u0101ts dizains <\/h3>\n<p>The TELESIN backpack strap mount has been designed with the utmost care. It stands out for its simple but unique design. This gadget was made of high-quality materials that are pleasant to the touch, making its use more comfortable. Moreover, its clip is equipped with more rows of teeth and a thicker spring design, so you don&#8217;t have to worry about dropping your device. With TELESIN, you can traverse the mountains the way you like best while creating amazing videos. <\/p>\n<p><img decoding=\"async\" src=\"https:\/\/b2b.innpro.pl\/data\/include\/cms\/Telesin\/GP-JFM-009\/9.jpg\" alt=\"Telesin\/GP-JFM-009\/9\"><\/p>\n<h3>Tailored to your needs<\/h3>\n<p>TELESIN has created a gadget that will answer the needs of even the most demanding. The mount is 360\u00b0 adjustable, so a camera clipped to a backpack strap will always stand straight. Use a special buckle to lock one position of the camera &#8211; pull it down to freely adjust the position of your equipment. In addition, the strong mount guarantees stability and shock resistance. This mount has also been equipped with high-powered magnets, so you can attach it to various metal surfaces. Create amazing content, thanks to TELESIN! <\/p>\n<p><img decoding=\"async\" src=\"https:\/\/b2b.innpro.pl\/data\/include\/cms\/Telesin\/GP-JFM-009\/5.jpg\" alt=\"Telesin\/GP-JFM-009\/5\"><\/p>\n<h3>Comfort of use <\/h3>\n<p>TELESIN mount is also an unparalleled comfort of use. You can use them for various activities such as mountain climbing or hiking, for example. All you have to do is attach it to the strap of your backpack! You do not have to worry about its installation &#8211; it is very simple and you can do it in just 4 steps. What&#8217;s more, this gadget also shows wide compatibility with many devices including cameras, sports cameras or phones. With TELESIN, nothing will limit you!<\/p>\n<p><img decoding=\"async\" src=\"https:\/\/b2b.innpro.pl\/data\/include\/cms\/Telesin\/GP-JFM-009\/8.jpg\" alt=\"Telesin\/GP-JFM-009\/8\"><\/p>\n<h3>Iek\u013cauts <\/h3>\n<ul>\n<li>backpack strap mount <\/li>\n<li>locking screw <\/li>\n<li>lieto\u0161anas pam\u0101c\u012bba <\/li>\n<\/ul>\n<div class=\"table-wrapper\">\n<table>\n<tbody>\n<tr>\n<th>Ra\u017eot\u0101js <\/th>\n<td>TELESIN<\/td>\n<\/tr>\n<tr>\n<th>Modelis<\/th>\n<td>GP-JFM-009<\/td>\n<\/tr>\n<tr>\n<th>Izm\u0113ri<\/th>\n<td>46,6 \u00d7 98 mm<\/td>\n<\/tr>\n<tr>\n<th>Materi\u0101ls <\/th>\n<td>316 stainless steel + PC + TPU + carbon steel <\/td>\n<\/tr>\n<tr>\n<th>Svars <\/th>\n<td>140 g<\/td>\n<\/tr>\n<tr>\n<th>Maksim\u0101l\u0101 slodze <\/th>\n<td>250 g<\/td>\n<\/tr>\n<\/tbody>\n<\/table>\n<\/div>","protected":false},"excerpt":{"rendered":"<p>Telesin backpack strap mount for sports cameras (GP-JFM-009) Do you often record your hikes in the mountains? Are you looking for a gadget that will allow you to free your hands? With TELESIN it will be possible! The backpack strap mount for sports cameras will allow you to record amazing shots easily and quickly. What&#8217;s [&#8230;]\n","protected":false},"featured_media":101091,"comment_status":"open","ping_status":"closed","template":"","meta":[],"location":[19557,19558],"product_brand":[],"product_cat":[12079],"product_tag":[],"class_list":{"0":"post-79574","1":"product","2":"type-product","3":"status-publish","4":"has-post-thumbnail","6":"location-innpro_stock_location","7":"location-local_stock_location","8":"product_cat-booms-and-selfie-sticks","10":"first","11":"outofstock","12":"taxable","13":"shipping-taxable","14":"purchasable","15":"product-type-simple"},"aioseo_notices":[],"locations":[{"id":19557,"name":"Pieg\u0101d\u0101ja noliktav\u0101 (5-7dd.d)","slug":"innpro_stock_location","quantity":"0"},{"id":19558,"name":"R\u012bgas veikals (0-2dd.d)","slug":"local_stock_location","quantity":"0"}],"_links":{"self":[{"href":"https:\/\/elektrons.lv\/lv\/wp-json\/wp\/v2\/product\/79574","targetHints":{"allow":["GET"]}}],"collection":[{"href":"https:\/\/elektrons.lv\/lv\/wp-json\/wp\/v2\/product"}],"about":[{"href":"https:\/\/elektrons.lv\/lv\/wp-json\/wp\/v2\/types\/product"}],"replies":[{"embeddable":true,"href":"https:\/\/elektrons.lv\/lv\/wp-json\/wp\/v2\/comments?post=79574"}],"wp:featuredmedia":[{"embeddable":true,"href":"https:\/\/elektrons.lv\/lv\/wp-json\/wp\/v2\/media\/101091"}],"wp:attachment":[{"href":"https:\/\/elektrons.lv\/lv\/wp-json\/wp\/v2\/media?parent=79574"}],"wp:term":[{"taxonomy":"location","embeddable":true,"href":"https:\/\/elektrons.lv\/lv\/wp-json\/wp\/v2\/location?post=79574"},{"taxonomy":"product_brand","embeddable":true,"href":"https:\/\/elektrons.lv\/lv\/wp-json\/wp\/v2\/product_brand?post=79574"},{"taxonomy":"product_cat","embeddable":true,"href":"https:\/\/elektrons.lv\/lv\/wp-json\/wp\/v2\/product_cat?post=79574"},{"taxonomy":"product_tag","embeddable":true,"href":"https:\/\/elektrons.lv\/lv\/wp-json\/wp\/v2\/product_tag?post=79574"}],"curies":[{"name":"wp","href":"https:\/\/api.w.org\/{rel}","templated":true}]}}