{"id":79588,"date":"2026-05-14T09:37:26","date_gmt":"2026-05-14T09:37:26","guid":{"rendered":"https:\/\/elektrons.lv\/Prece\/active-stylus-baseus-smooth-writing-series-with-plug-in-charging-lightning-white\/"},"modified":"2026-05-14T11:53:31","modified_gmt":"2026-05-14T11:53:31","slug":"active-stylus-baseus-smooth-writing-series-with-plug-in-charging-lightning-white","status":"publish","type":"product","link":"https:\/\/elektrons.lv\/lv\/Prece\/active-stylus-baseus-smooth-writing-series-with-plug-in-charging-lightning-white\/","title":{"rendered":"Active stylus Baseus Smooth Writing Series with plug-in charging, lightning (White)"},"content":{"rendered":"<h3>Active stylus Baseus Smooth Writing Series with plug-in charging, lightning (White)<\/h3>\n<p>The Baseus Smooth Writing Series stylus is a handy tool for graphic designers, office workers, students, and more. It allows for comfortable writing and drawing on your tablet, with the ability to adjust line thickness by changing its angle. It stands out with a working time of up to 10.5 hours, and you can also charge it directly from your iPad. Built-in buttons provide easy access to many useful functions, and Palm Rejection technology allows you to comfortably rest your hand on the screen. You&#8217;ll also find a spare tip in the package.<\/p>\n<p><img decoding=\"async\" src=\"https:\/\/b2b.innpro.pl\/data\/include\/cms\/-Baseus\/P80015806211-03\/3.jpg\" border=\"0\" alt=\"-Baseus\/P80015806211-03\/3\" \/><\/p>\n<h3>Long Battery Life, Hassle-Free Charging<\/h3>\n<p>Don&#8217;t worry about the stylus running out of power too quickly and disrupting your work. The device can operate for up to 10.5 hours and can last approximately 12 months in standby mode. You can check its battery level in two ways\u2014using the built-in LED indicators or on the tablet&#8217;s screen. To charge the stylus, simply connect it to your iPad\u2014see how convenient it is!<\/p>\n<p><img decoding=\"async\" src=\"https:\/\/b2b.innpro.pl\/data\/include\/cms\/-Baseus\/P80015806211-03\/1.jpg\" border=\"0\" alt=\"-Baseus\/P80015806211-03\/1\" \/><\/p>\n<h3>Palm Rejection Technology<\/h3>\n<p>When using the Baseus stylus, you can comfortably rest your hand on the tablet&#8217;s screen, thanks to Palm Rejection technology. Don&#8217;t worry about accidentally pressing anything and ruining your drawing! Enjoy unparalleled comfort and forget about wrist pain.<\/p>\n<p><img decoding=\"async\" src=\"https:\/\/b2b.innpro.pl\/data\/include\/cms\/-Baseus\/P80015806211-03\/4.jpg\" border=\"0\" alt=\"-Baseus\/P80015806211-03\/4\" \/><\/p>\n<h3>Adjust Line Thickness<\/h3>\n<p>To change the line thickness, simply tilt the stylus at the appropriate angle. A 90\u00b0 angle will provide you with the greatest precision, perfect for drawing fine details. A 60\u00b0 angle is ideal for writing, while a 45\u00b0 angle offers the thickest line, which is perfect for coloring, for example.<\/p>\n<p><img decoding=\"async\" src=\"https:\/\/b2b.innpro.pl\/data\/include\/cms\/-Baseus\/P80015806211-03\/6.jpg\" border=\"0\" alt=\"-Baseus\/P80015806211-03\/6\" \/><\/p>\n<h3>Enhanced Construction<\/h3>\n<p>The gold-plated copper core ensures reliable stylus operation and stable signal transmission, so you don&#8217;t have to worry about the product lagging. The tip of the device is made of high-quality POM material, which not only impresses with its durability but also won&#8217;t scratch your tablet&#8217;s screen. If needed, you can easily replace it\u2014just twist it off. The stylus also features a magnetic design, allowing you to attach it to your iPad.<\/p>\n<p><img decoding=\"async\" src=\"https:\/\/b2b.innpro.pl\/data\/include\/cms\/-Baseus\/P80015806211-03\/7.jpg\" border=\"0\" alt=\"-Baseus\/P80015806211-03\/7\" \/><\/p>\n<h3>Many Exciting Features<\/h3>\n<p>The stylus is equipped with user-friendly buttons that make writing, drawing, and tablet operation much easier. You have access to 14 functions, from adjusting the volume to taking screenshots. The choice is yours! You can also erase the written text at any time if needed. The Auto-Perfection feature is also available, automatically improving your drawings and giving them a perfect shape.<\/p>\n<p><img decoding=\"async\" src=\"https:\/\/b2b.innpro.pl\/data\/include\/cms\/-Baseus\/P80015806211-03\/5.jpg\" border=\"0\" alt=\"-Baseus\/P80015806211-03\/5\" \/><\/p>\n<h3>In the box<\/h3>\n<ul>\n<li>Stylus<\/li>\n<li>Spare tip<\/li>\n<li>USB-A to Lightning cable<\/li>\n<\/ul>\n<div class=\"table-wrapper\">\n<table>\n<tbody>\n<tr>\n<th>Z\u012bmols<\/th>\n<td>Baseus<\/td>\n<\/tr>\n<tr>\n<th>V\u0101rds<\/th>\n<td>Baseus Smooth Writing 2 Series Plug-Type Stylus<\/td>\n<\/tr>\n<tr>\n<th>Modelis<\/th>\n<td>P80015806211-03<\/td>\n<\/tr>\n<tr>\n<th>Kr\u0101sa<\/th>\n<td>Balts<\/td>\n<\/tr>\n<tr>\n<th>Battery Capacity<\/th>\n<td>130 mAh<\/td>\n<\/tr>\n<tr>\n<th>Working Time<\/th>\n<td>Approx. 10.5 hours<\/td>\n<\/tr>\n<tr>\n<th>Materi\u0101ls<\/th>\n<td>Aluminum Alloy + POM<\/td>\n<\/tr>\n<tr>\n<th>Izm\u0113ri<\/th>\n<td>9.1 x 165.2 mm<\/td>\n<\/tr>\n<tr>\n<th>Svars<\/th>\n<td>Approx. 17.62 g<\/td>\n<\/tr>\n<tr>\n<th>Sader\u012bba<\/th>\n<td>iPad &#8211; like Apple Pencil<\/td>\n<\/tr>\n<\/tbody>\n<\/table>\n<\/div>","protected":false},"excerpt":{"rendered":"<p>Active stylus Baseus Smooth Writing Series with plug-in charging, lightning (White) The Baseus Smooth Writing Series stylus is a handy tool for graphic designers, office workers, students, and more. It allows for comfortable writing and drawing on your tablet, with the ability to adjust line thickness by changing its angle. It stands out with a [&#8230;]\n","protected":false},"featured_media":101050,"comment_status":"open","ping_status":"closed","template":"","meta":[],"location":[19557,19558],"product_brand":[],"product_cat":[13613],"product_tag":[],"class_list":{"0":"post-79588","1":"product","2":"type-product","3":"status-publish","4":"has-post-thumbnail","6":"location-innpro_stock_location","7":"location-local_stock_location","8":"product_cat-tablet-styluses","10":"first","11":"outofstock","12":"taxable","13":"shipping-taxable","14":"purchasable","15":"product-type-simple"},"aioseo_notices":[],"locations":[{"id":19557,"name":"Pieg\u0101d\u0101ja noliktav\u0101 (5-7dd.d)","slug":"innpro_stock_location","quantity":"0"},{"id":19558,"name":"R\u012bgas veikals (0-2dd.d)","slug":"local_stock_location","quantity":"0"}],"_links":{"self":[{"href":"https:\/\/elektrons.lv\/lv\/wp-json\/wp\/v2\/product\/79588","targetHints":{"allow":["GET"]}}],"collection":[{"href":"https:\/\/elektrons.lv\/lv\/wp-json\/wp\/v2\/product"}],"about":[{"href":"https:\/\/elektrons.lv\/lv\/wp-json\/wp\/v2\/types\/product"}],"replies":[{"embeddable":true,"href":"https:\/\/elektrons.lv\/lv\/wp-json\/wp\/v2\/comments?post=79588"}],"wp:featuredmedia":[{"embeddable":true,"href":"https:\/\/elektrons.lv\/lv\/wp-json\/wp\/v2\/media\/101050"}],"wp:attachment":[{"href":"https:\/\/elektrons.lv\/lv\/wp-json\/wp\/v2\/media?parent=79588"}],"wp:term":[{"taxonomy":"location","embeddable":true,"href":"https:\/\/elektrons.lv\/lv\/wp-json\/wp\/v2\/location?post=79588"},{"taxonomy":"product_brand","embeddable":true,"href":"https:\/\/elektrons.lv\/lv\/wp-json\/wp\/v2\/product_brand?post=79588"},{"taxonomy":"product_cat","embeddable":true,"href":"https:\/\/elektrons.lv\/lv\/wp-json\/wp\/v2\/product_cat?post=79588"},{"taxonomy":"product_tag","embeddable":true,"href":"https:\/\/elektrons.lv\/lv\/wp-json\/wp\/v2\/product_tag?post=79588"}],"curies":[{"name":"wp","href":"https:\/\/api.w.org\/{rel}","templated":true}]}}