{"id":79632,"date":"2026-05-14T09:37:32","date_gmt":"2026-05-14T09:37:32","guid":{"rendered":"https:\/\/elektrons.lv\/Prece\/memory-card-imou-microsd-uhs-i-sdxc-10-u3-v30-95-38\/"},"modified":"2026-05-14T11:51:58","modified_gmt":"2026-05-14T11:51:58","slug":"memory-card-imou-microsd-uhs-i-sdxc-10-u3-v30-95-38","status":"publish","type":"product","link":"https:\/\/elektrons.lv\/lv\/Prece\/memory-card-imou-microsd-uhs-i-sdxc-10-u3-v30-95-38\/","title":{"rendered":"Memory card Imou microSD (UHS-I, SDXC, 10\/U3\/V30, 95\/38)"},"content":{"rendered":"<h3>Imou 64GB microSD memory card (UHS-I, SDXC, 10\/U3\/V30, 95\/38).<\/h3>\n<p>Imou ST2-64-S1 is a 64GB microSD memory card that is fantastic for digital cameras, game consoles, laptops, smartphones and more. Its read speed is 95MB\/s and write speed is 38MB\/s. <\/p>\n<p><img decoding=\"async\" src=\"https:\/\/b2b.innpro.pl\/data\/include\/cms\/IMOU\/ST2-64-S1\/2.jpg\" alt=\"IMOU\/ST2-64-S1\/2\"><\/p>\n<h3>High capacity and speed<\/h3>\n<p>With the 64GB Imou ST2-64-S1 memory card, you can forget about the problems of running out of space. The C10\/U3\/V30 speed class guarantees lightning-fast data transfer with read speeds of up to 95MB\/s and write speeds of up to 38MB\/s. This means you can record 4K-quality videos, take RAW-format photos and enjoy many other advanced multimedia features without any hassle.<\/p>\n<p><img decoding=\"async\" src=\"https:\/\/b2b.innpro.pl\/data\/include\/cms\/IMOU\/ST2-64-S1\/1.jpg\" alt=\"IMOU\/ST2-64-S1\/1\"><\/p>\n<h3>Long-lasting use<\/h3>\n<p>The card uses 3D TLC NAND Flash technology, which ensures stability and performance. What&#8217;s more, with a P\/E (Program\/Erase) cycle between 500-1000, you can be sure of long-lasting and reliable use.<\/p>\n<p><img decoding=\"async\" src=\"https:\/\/b2b.innpro.pl\/data\/include\/cms\/IMOU\/ST2-64-S1\/3.jpg\" alt=\"IMOU\/ST2-64-S1\/3\"><\/p>\n<h3>Durability and safety<\/h3>\n<p>The memory card is resistant to harsh operating conditions. It operates in temperatures from 0 to 70 degrees Celsius and in a humidity range of 5 to 95% RH. Its small size (15mm x 11mm x 1mm) also makes it incredibly compact and easy to store.<\/p>\n<p><img decoding=\"async\" src=\"https:\/\/b2b.innpro.pl\/data\/include\/cms\/IMOU\/ST2-64-S1\/4.jpg\" alt=\"IMOU\/ST2-64-S1\/4\"><\/p>\n<h3>The set includes:<\/h3>\n<ul>\n<li>Memory card<\/li>\n<\/ul>\n<div class=\"table-wrapper\">\n<table>\n<tbody>\n<tr>\n<th>Brand. <\/th>\n<td>Imou<\/td>\n<\/tr>\n<tr>\n<th>Modelis <\/th>\n<td>ST2-64-S1 <\/td>\n<\/tr>\n<tr>\n<th>Kapacit\u0101te <\/th>\n<td>64GB<\/td>\n<\/tr>\n<tr>\n<th>Speed class <\/th>\n<td>C10\/U3\/V30<\/td>\n<\/tr>\n<tr>\n<th>Read speed <\/th>\n<td>95MB\/s<\/td>\n<\/tr>\n<tr>\n<th>Write speed <\/th>\n<td>38MB\/s<\/td>\n<\/tr>\n<tr>\n<th>NAND Flash <\/th>\n<td>3D TLC<\/td>\n<\/tr>\n<tr>\n<th>P\/E Cycle <\/th>\n<td>500-1000<\/td>\n<\/tr>\n<tr>\n<th>Izm\u0113ri <\/th>\n<td>15mm x 11mm x 1mm <\/td>\n<\/tr>\n<tr>\n<th>Darba temperat\u016bra <\/th>\n<td>0-70 degrees Celsius <\/td>\n<\/tr>\n<tr>\n<th>Darba mitrums <\/th>\n<td>5-95%RH<\/td>\n<\/tr>\n<tr>\n<th>Pieteikums <\/th>\n<td>Digital cameras, phones, laptops, game consoles, etc.<\/td>\n<\/tr>\n<\/tbody>\n<\/table>\n<\/div>","protected":false},"excerpt":{"rendered":"<p>Imou 64GB microSD memory card (UHS-I, SDXC, 10\/U3\/V30, 95\/38). Imou ST2-64-S1 is a 64GB microSD memory card that is fantastic for digital cameras, game consoles, laptops, smartphones and more. Its read speed is 95MB\/s and write speed is 38MB\/s. High capacity and speed With the 64GB Imou ST2-64-S1 memory card, you can forget about the [&#8230;]\n","protected":false},"featured_media":100761,"comment_status":"open","ping_status":"closed","template":"","meta":[],"location":[19557,19558],"product_brand":[],"product_cat":[13169],"product_tag":[],"class_list":{"0":"post-79632","1":"product","2":"type-product","3":"status-publish","4":"has-post-thumbnail","6":"location-innpro_stock_location","7":"location-local_stock_location","8":"product_cat-memory-cards","10":"first","11":"outofstock","12":"taxable","13":"shipping-taxable","14":"purchasable","15":"product-type-simple"},"aioseo_notices":[],"locations":[{"id":19557,"name":"Pieg\u0101d\u0101ja noliktav\u0101 (5-7dd.d)","slug":"innpro_stock_location","quantity":"0"},{"id":19558,"name":"R\u012bgas veikals (0-2dd.d)","slug":"local_stock_location","quantity":"0"}],"_links":{"self":[{"href":"https:\/\/elektrons.lv\/lv\/wp-json\/wp\/v2\/product\/79632","targetHints":{"allow":["GET"]}}],"collection":[{"href":"https:\/\/elektrons.lv\/lv\/wp-json\/wp\/v2\/product"}],"about":[{"href":"https:\/\/elektrons.lv\/lv\/wp-json\/wp\/v2\/types\/product"}],"replies":[{"embeddable":true,"href":"https:\/\/elektrons.lv\/lv\/wp-json\/wp\/v2\/comments?post=79632"}],"wp:featuredmedia":[{"embeddable":true,"href":"https:\/\/elektrons.lv\/lv\/wp-json\/wp\/v2\/media\/100761"}],"wp:attachment":[{"href":"https:\/\/elektrons.lv\/lv\/wp-json\/wp\/v2\/media?parent=79632"}],"wp:term":[{"taxonomy":"location","embeddable":true,"href":"https:\/\/elektrons.lv\/lv\/wp-json\/wp\/v2\/location?post=79632"},{"taxonomy":"product_brand","embeddable":true,"href":"https:\/\/elektrons.lv\/lv\/wp-json\/wp\/v2\/product_brand?post=79632"},{"taxonomy":"product_cat","embeddable":true,"href":"https:\/\/elektrons.lv\/lv\/wp-json\/wp\/v2\/product_cat?post=79632"},{"taxonomy":"product_tag","embeddable":true,"href":"https:\/\/elektrons.lv\/lv\/wp-json\/wp\/v2\/product_tag?post=79632"}],"curies":[{"name":"wp","href":"https:\/\/api.w.org\/{rel}","templated":true}]}}