{"id":79649,"date":"2026-05-14T09:37:34","date_gmt":"2026-05-14T09:37:34","guid":{"rendered":"https:\/\/elektrons.lv\/Prece\/memory-card-imou-microsd-32gb-uhs-i-sdhc-10-u1-v10-90-20\/"},"modified":"2026-05-14T11:51:46","modified_gmt":"2026-05-14T11:51:46","slug":"memory-card-imou-microsd-32gb-uhs-i-sdhc-10-u1-v10-90-20","status":"publish","type":"product","link":"https:\/\/elektrons.lv\/lv\/Prece\/memory-card-imou-microsd-32gb-uhs-i-sdhc-10-u1-v10-90-20\/","title":{"rendered":"Memory card IMOU microSD 32GB (UHS-I, SDHC, 10\/U1\/V10, 90\/20)"},"content":{"rendered":"<h3>IMOU 32GB microSD memory card (UHS-I, SDHC, 10\/U1\/V10, 90\/20)<\/h3>\n<p>IMOU&#8217;s 32GB memory card is the perfect solution that offers impressive speed and reliability. With a speed class of C10\/U1\/V10, you can record full HD video and transfer files between devices with incredible precision. A read speed of 90 MB\/s guarantees lightning-fast access to data, while a write speed of 20 MB\/s ensures efficient and secure storage of your files. This IMOU memory card is an excellent choice for those who demand high quality and performance.<\/p>\n<p><img decoding=\"async\" src=\"https:\/\/b2b.innpro.pl\/data\/include\/cms\/IMOU\/ST2-32-S1\/1.jpg\" alt=\"IMOU\/ST2-32-S1\/1\"><\/p>\n<div class=\"table-wrapper\">\n<table>\n<tbody>\n<tr>\n<th>Ra\u017eot\u0101js <\/th>\n<td>IMOU<\/td>\n<\/tr>\n<tr>\n<th>Modelis<\/th>\n<td>ST2-32-S1<\/td>\n<\/tr>\n<tr>\n<th>Kapacit\u0101te<\/th>\n<td>32 GB<\/td>\n<\/tr>\n<tr>\n<th>Speed class <\/th>\n<td>C10\/U1\/V10<\/td>\n<\/tr>\n<tr>\n<th>Read speed<\/th>\n<td>90 MB\/s <\/td>\n<\/tr>\n<tr>\n<th>Write speed<\/th>\n<td>20 MB\/s<\/td>\n<\/tr>\n<tr>\n<th>NAND flash memory<\/th>\n<td>3D LTC<\/td>\n<\/tr>\n<tr>\n<th>P\/E cycle <\/th>\n<td>500-1000<\/td>\n<\/tr>\n<tr>\n<th>Izm\u0113ri <\/th>\n<td>15 \u00d7 11 \u00d7 1 mm<\/td>\n<\/tr>\n<tr>\n<th>Darba temperat\u016bra <\/th>\n<td>0\u00b0C~70\u00b0C<\/td>\n<\/tr>\n<tr>\n<th>Darba mitrums <\/th>\n<td>5%~95%RH<\/td>\n<\/tr>\n<tr>\n<th>Sader\u012bba<\/th>\n<td>Cameras, phones, laptops, game consoles, etc.<\/td>\n<\/tr>\n<\/tbody>\n<\/table>\n<\/div>","protected":false},"excerpt":{"rendered":"<p>IMOU 32GB microSD memory card (UHS-I, SDHC, 10\/U1\/V10, 90\/20) IMOU&#8217;s 32GB memory card is the perfect solution that offers impressive speed and reliability. With a speed class of C10\/U1\/V10, you can record full HD video and transfer files between devices with incredible precision. A read speed of 90 MB\/s guarantees lightning-fast access to data, while [&#8230;]\n","protected":false},"featured_media":100725,"comment_status":"open","ping_status":"closed","template":"","meta":[],"location":[19557,19558],"product_brand":[],"product_cat":[13169],"product_tag":[],"class_list":{"0":"post-79649","1":"product","2":"type-product","3":"status-publish","4":"has-post-thumbnail","6":"location-innpro_stock_location","7":"location-local_stock_location","8":"product_cat-memory-cards","10":"first","11":"outofstock","12":"taxable","13":"shipping-taxable","14":"purchasable","15":"product-type-simple"},"aioseo_notices":[],"locations":[{"id":19557,"name":"Pieg\u0101d\u0101ja noliktav\u0101 (5-7dd.d)","slug":"innpro_stock_location","quantity":"0"},{"id":19558,"name":"R\u012bgas veikals (0-2dd.d)","slug":"local_stock_location","quantity":"0"}],"_links":{"self":[{"href":"https:\/\/elektrons.lv\/lv\/wp-json\/wp\/v2\/product\/79649","targetHints":{"allow":["GET"]}}],"collection":[{"href":"https:\/\/elektrons.lv\/lv\/wp-json\/wp\/v2\/product"}],"about":[{"href":"https:\/\/elektrons.lv\/lv\/wp-json\/wp\/v2\/types\/product"}],"replies":[{"embeddable":true,"href":"https:\/\/elektrons.lv\/lv\/wp-json\/wp\/v2\/comments?post=79649"}],"wp:featuredmedia":[{"embeddable":true,"href":"https:\/\/elektrons.lv\/lv\/wp-json\/wp\/v2\/media\/100725"}],"wp:attachment":[{"href":"https:\/\/elektrons.lv\/lv\/wp-json\/wp\/v2\/media?parent=79649"}],"wp:term":[{"taxonomy":"location","embeddable":true,"href":"https:\/\/elektrons.lv\/lv\/wp-json\/wp\/v2\/location?post=79649"},{"taxonomy":"product_brand","embeddable":true,"href":"https:\/\/elektrons.lv\/lv\/wp-json\/wp\/v2\/product_brand?post=79649"},{"taxonomy":"product_cat","embeddable":true,"href":"https:\/\/elektrons.lv\/lv\/wp-json\/wp\/v2\/product_cat?post=79649"},{"taxonomy":"product_tag","embeddable":true,"href":"https:\/\/elektrons.lv\/lv\/wp-json\/wp\/v2\/product_tag?post=79649"}],"curies":[{"name":"wp","href":"https:\/\/api.w.org\/{rel}","templated":true}]}}