{"id":79667,"date":"2026-05-14T09:37:36","date_gmt":"2026-05-14T09:37:36","guid":{"rendered":"https:\/\/elektrons.lv\/Prece\/cat-waste-bag-catlink-for-baymax-2pcs\/"},"modified":"2026-05-14T11:51:26","modified_gmt":"2026-05-14T11:51:26","slug":"cat-waste-bag-catlink-for-baymax-2pcs","status":"publish","type":"product","link":"https:\/\/elektrons.lv\/lv\/Prece\/cat-waste-bag-catlink-for-baymax-2pcs\/","title":{"rendered":"Cat Waste Bag Catlink for Baymax 2pcs"},"content":{"rendered":"<h3>Catlink Baymax 2pc litter box waste bags<\/h3>\n<p>Your cat deserves the best care, so make sure you take proper care of the cleanliness of its surroundings. The set consisting of 2 waste bags is dedicated to the Catlink Baymax litter box. The products are made of sturdy plastic with increased thickness, making them resistant to tears and leaks. In addition, built-in strings allow quick and easy closure of the bags &#8211; as a result, their replacement is smooth and trouble-free.<\/p>\n<p><img decoding=\"async\" src=\"https:\/\/b2b.innpro.pl\/data\/include\/cms\/Catlink\/Catlink-Trash-Bags-for-Baymax\/1.jpg\" alt=\"Catlink\/Catlink-Trash-Bags-for-Baymax\/1\"><\/p>\n<h3>Includes:<\/h3>\n<ul>\n<li>Litter box waste bag x2<\/li>\n<\/ul>\n<div class=\"table-wrapper\">\n<table>\n<tbody>\n<tr>\n<th>Ra\u017eot\u0101js<\/th>\n<td>Catlink<\/td>\n<\/tr>\n<tr>\n<th>Sader\u012bba<\/th>\n<td>Catlink Baymax litter box<\/td>\n<\/tr>\n<\/tbody>\n<\/table>\n<\/div>","protected":false},"excerpt":{"rendered":"<p>Catlink Baymax 2pc litter box waste bags Your cat deserves the best care, so make sure you take proper care of the cleanliness of its surroundings. The set consisting of 2 waste bags is dedicated to the Catlink Baymax litter box. The products are made of sturdy plastic with increased thickness, making them resistant to [&#8230;]\n","protected":false},"featured_media":100668,"comment_status":"open","ping_status":"closed","template":"","meta":[],"location":[19557,19558],"product_brand":[],"product_cat":[12730],"product_tag":[],"class_list":{"0":"post-79667","1":"product","2":"type-product","3":"status-publish","4":"has-post-thumbnail","6":"location-innpro_stock_location","7":"location-local_stock_location","8":"product_cat-litter-box-accessories","10":"first","11":"outofstock","12":"taxable","13":"shipping-taxable","14":"purchasable","15":"product-type-simple"},"aioseo_notices":[],"locations":[{"id":19557,"name":"Pieg\u0101d\u0101ja noliktav\u0101 (5-7dd.d)","slug":"innpro_stock_location","quantity":"0"},{"id":19558,"name":"R\u012bgas veikals (0-2dd.d)","slug":"local_stock_location","quantity":"0"}],"_links":{"self":[{"href":"https:\/\/elektrons.lv\/lv\/wp-json\/wp\/v2\/product\/79667","targetHints":{"allow":["GET"]}}],"collection":[{"href":"https:\/\/elektrons.lv\/lv\/wp-json\/wp\/v2\/product"}],"about":[{"href":"https:\/\/elektrons.lv\/lv\/wp-json\/wp\/v2\/types\/product"}],"replies":[{"embeddable":true,"href":"https:\/\/elektrons.lv\/lv\/wp-json\/wp\/v2\/comments?post=79667"}],"wp:featuredmedia":[{"embeddable":true,"href":"https:\/\/elektrons.lv\/lv\/wp-json\/wp\/v2\/media\/100668"}],"wp:attachment":[{"href":"https:\/\/elektrons.lv\/lv\/wp-json\/wp\/v2\/media?parent=79667"}],"wp:term":[{"taxonomy":"location","embeddable":true,"href":"https:\/\/elektrons.lv\/lv\/wp-json\/wp\/v2\/location?post=79667"},{"taxonomy":"product_brand","embeddable":true,"href":"https:\/\/elektrons.lv\/lv\/wp-json\/wp\/v2\/product_brand?post=79667"},{"taxonomy":"product_cat","embeddable":true,"href":"https:\/\/elektrons.lv\/lv\/wp-json\/wp\/v2\/product_cat?post=79667"},{"taxonomy":"product_tag","embeddable":true,"href":"https:\/\/elektrons.lv\/lv\/wp-json\/wp\/v2\/product_tag?post=79667"}],"curies":[{"name":"wp","href":"https:\/\/api.w.org\/{rel}","templated":true}]}}