{"id":79671,"date":"2026-05-14T09:37:36","date_gmt":"2026-05-14T09:37:36","guid":{"rendered":"https:\/\/elektrons.lv\/Prece\/intelligent-food-dispenser-with-cat-recognition-catlink-f03-standard\/"},"modified":"2026-05-15T07:48:50","modified_gmt":"2026-05-15T07:48:50","slug":"intelligent-food-dispenser-with-cat-recognition-catlink-f03-standard","status":"publish","type":"product","link":"https:\/\/elektrons.lv\/lv\/Prece\/intelligent-food-dispenser-with-cat-recognition-catlink-f03-standard\/","title":{"rendered":"Intelligent food dispenser with cat recognition CatLink F03 Standard"},"content":{"rendered":"<h3>Intelligent food dispenser with cat recognition CatLink F03 Standard<\/h3>\n<p>Take care of your pet in a modern way. The Catlink F03 Standard smart food dispenser provides fresh and healthy meals. It prevents insects from getting into the food and allows you to serve both dry and wet food.<\/p>\n<p>\n<img decoding=\"async\" alt=\"Dwa koty zbli\u017caj\u0105 si\u0119 do dw\u00f3ch bia\u0142ych automatycznych podajnik\u00f3w karmy ustawionych na drewnianej pod\u0142odze\" border=\"0\" src=\"https:\/\/assets.innpro.pl\/6805\/17116\/3.jpg\"\/>\n<\/p>\n<h3>Pet identification<\/h3>\n<p>When the dispenser is in Induction mode and your pet is wearing the included RFID (Radio-Frequency Identification, radio frequency identification technology) CATLINK tag, it is able to recognize your four-legged friend. The food is given after the cat is identified. The solution used eliminated the risk of food theft when your pet walks away from the bowl.<\/p>\n<p>\n<img decoding=\"async\" alt=\"Czarno-bia\u0142y kot je z bia\u0142ego automatycznego podajnika karmy stoj\u0105cego przy niebieskich szafkach\" border=\"0\" src=\"https:\/\/assets.innpro.pl\/6805\/17116\/5.jpg\"\/>\n<\/p>\n<h3>Always fresh food<\/h3>\n<p>The bowl&#8217;s lid rotates, protecting the food from insects. In addition, it is dust-resistant, ensuring that your pet&#8217;s food will always be fresh and free from contamination.<\/p>\n<p>\n<img decoding=\"async\" alt=\"Kot siedzi obok automatycznego dozownika karmy\" border=\"0\" src=\"https:\/\/assets.innpro.pl\/6805\/17116\/6.jpg\"\/>\n<\/p>\n<h3>Large capacity<\/h3>\n<p>The Catlink dispenser is equipped with a double bowl with a total capacity of 400 ml, so it will meet your cat&#8217;s needs for a day. It is capable of storing as much as 200 g of dry food. The device is designed to provide both dry and wet food, which translates into a balanced diet.<\/p>\n<p>\n<img decoding=\"async\" alt=\"Automatyczny dozownik karmy z przezroczyst\u0105 pokryw\u0105 stoi na drewnianej pod\u0142odze\" border=\"0\" src=\"https:\/\/assets.innpro.pl\/6805\/17116\/2.jpg\"\/>\n<\/p>\n<h3>Friendly for cats and their owners<\/h3>\n<p>With its classic design and compact design, the Catlink dispenser will fit perfectly into the decor of your home. The device supports several operating modes, including Training, which helps the cat get used to eating, and Night, during which the light is turned off so as not to disturb the sleep of the household.  Quiet operation (40 dB) will not startle even timid pets. Sturdy non-slip mats ensure safe use, and the food-grade ABS (Acrylonitrile Butadiene Styrene, a damage-resistant plastic) material guarantees durability.<\/p>\n<p>\n<img decoding=\"async\" alt=\"Kot je z dozownika karmy, a w tle kobieta \u015bpi na kanapie przykryta kocem\" border=\"0\" src=\"https:\/\/assets.innpro.pl\/6805\/17116\/7.jpg\"\/>\n<\/p>\n<h3>Long service life<\/h3>\n<p>You&#8217;ll power the Catlink dispenser with batteries, making it perfect for both indoor and outdoor picnics with your pet.<\/p>\n<p>\n<img decoding=\"async\" alt=\"Jeden kot je z bia\u0142ego dozownika, a drugi stoi obok\" border=\"0\" src=\"https:\/\/assets.innpro.pl\/6805\/17116\/4.jpg\"\/>\n<\/p>\n<h3>Iek\u013cauts:<\/h3>\n<ul class=\"list-disc pl-5\">\n<li>Smart food dispenser<\/li>\n<li>Collar x1<\/li>\n<li>RFID collar tag x1<\/li>\n<li>Lietot\u0101ja rokasgr\u0101mata x1<\/li>\n<\/ul>\n<div class=\"table-wrapper\">\n<p>\u00a0<\/p>\n<h3><\/h3>\n<table>\n<tbody>\n<tr>\n<th>Ra\u017eot\u0101js<\/th>\n<td>Catlink<\/td>\n<\/tr>\n<tr>\n<th>Modelis<\/th>\n<td>F03 Standard<\/td>\n<\/tr>\n<tr>\n<th>Bowl capacity<\/th>\n<td>400 ml<\/td>\n<\/tr>\n<tr>\n<th>Compatible batteries<\/th>\n<td>AA<\/td>\n<\/tr>\n<tr>\n<th>Apjoma l\u012bmenis<\/th>\n<td>up to 40 dB<\/td>\n<\/tr>\n<tr>\n<th>Materi\u0101ls<\/th>\n<td>HIPS (High Impact Polystyrene, high impact polystyrene), food grade ABS<\/td>\n<\/tr>\n<tr>\n<th>Izm\u0113ri<\/th>\n<td>240 x 240 x 155 mm<\/td>\n<\/tr>\n<tr>\n<th>Svars<\/th>\n<td>1.1 kg<\/td>\n<\/tr>\n<tr>\n<th>Intended use<\/th>\n<td>Cats weighing between 1.5 kg and 10 kg<\/td>\n<\/tr>\n<\/tbody>\n<\/table>\n<\/div>","protected":false},"excerpt":{"rendered":"<p>Intelligent food dispenser with cat recognition CatLink F03 Standard Take care of your pet in a modern way. The Catlink F03 Standard smart food dispenser provides fresh and healthy meals. It prevents insects from getting into the food and allows you to serve both dry and wet food. Pet identification When the dispenser is in [&#8230;]\n","protected":false},"featured_media":100687,"comment_status":"open","ping_status":"closed","template":"","meta":[],"location":[19557,19558],"product_brand":[],"product_cat":[12650],"product_tag":[],"class_list":{"0":"post-79671","1":"product","2":"type-product","3":"status-publish","4":"has-post-thumbnail","6":"location-innpro_stock_location","7":"location-local_stock_location","8":"product_cat-bowls","10":"first","11":"instock","12":"sale","13":"taxable","14":"shipping-taxable","15":"purchasable","16":"product-type-simple"},"aioseo_notices":[],"locations":[{"id":19557,"name":"Pieg\u0101d\u0101ja noliktav\u0101 (5-7dd.d)","slug":"innpro_stock_location","quantity":"17"},{"id":19558,"name":"R\u012bgas veikals (0-2dd.d)","slug":"local_stock_location","quantity":"0"}],"_links":{"self":[{"href":"https:\/\/elektrons.lv\/lv\/wp-json\/wp\/v2\/product\/79671","targetHints":{"allow":["GET"]}}],"collection":[{"href":"https:\/\/elektrons.lv\/lv\/wp-json\/wp\/v2\/product"}],"about":[{"href":"https:\/\/elektrons.lv\/lv\/wp-json\/wp\/v2\/types\/product"}],"replies":[{"embeddable":true,"href":"https:\/\/elektrons.lv\/lv\/wp-json\/wp\/v2\/comments?post=79671"}],"wp:featuredmedia":[{"embeddable":true,"href":"https:\/\/elektrons.lv\/lv\/wp-json\/wp\/v2\/media\/100687"}],"wp:attachment":[{"href":"https:\/\/elektrons.lv\/lv\/wp-json\/wp\/v2\/media?parent=79671"}],"wp:term":[{"taxonomy":"location","embeddable":true,"href":"https:\/\/elektrons.lv\/lv\/wp-json\/wp\/v2\/location?post=79671"},{"taxonomy":"product_brand","embeddable":true,"href":"https:\/\/elektrons.lv\/lv\/wp-json\/wp\/v2\/product_brand?post=79671"},{"taxonomy":"product_cat","embeddable":true,"href":"https:\/\/elektrons.lv\/lv\/wp-json\/wp\/v2\/product_cat?post=79671"},{"taxonomy":"product_tag","embeddable":true,"href":"https:\/\/elektrons.lv\/lv\/wp-json\/wp\/v2\/product_tag?post=79671"}],"curies":[{"name":"wp","href":"https:\/\/api.w.org\/{rel}","templated":true}]}}