{"id":79680,"date":"2026-05-14T09:37:37","date_gmt":"2026-05-14T09:37:37","guid":{"rendered":"https:\/\/elektrons.lv\/Prece\/hdmi-to-dvi-241-cable-vention-abfbi-3m-4k-60hz-1080p-60hz-black\/"},"modified":"2026-05-15T07:48:50","modified_gmt":"2026-05-15T07:48:50","slug":"hdmi-to-dvi-241-cable-vention-abfbi-3m-4k-60hz-1080p-60hz-black","status":"publish","type":"product","link":"https:\/\/elektrons.lv\/lv\/Prece\/hdmi-to-dvi-241-cable-vention-abfbi-3m-4k-60hz-1080p-60hz-black\/","title":{"rendered":"HDMI to DVI (24+1) cable Vention ABFBI 3m, 4K 60Hz\/ 1080P 60Hz (black)"},"content":{"rendered":"<h3>HDMI to DVI (24+1) cable Vention ABFBI 3m, 4K 60Hz\/ 1080P 60Hz (Black).<\/h3>\n<\/p>\n<p>Enjoy high image quality. Vention&#8217;s HDMI to DVI cable supports 1080p resolution and TMDS technology, so it can deliver unparalleled smoothness and rich detail. It also offers bidirectional transmission, allowing you to use it in a variety of ways. Connect your smart box or game console to your TV and get even more enjoyment out of watching movies or gaming! The cable is also very durable &#8211; a coating of durable PVC plastic effectively protects it from damage.<\/p>\n<\/p>\n<p>\n<img decoding=\"async\" border=\"0\" src=\"https:\/\/assets.innpro.pl\/5027\/5905\/5.jpg\"\/>\n<\/p>\n<div class=\"table-wrapper\">\n<p>\u00a0<\/p>\n<h3><\/h3>\n<table>\n<tbody>\n<tr>\n<th>Ra\u017eot\u0101js<\/th>\n<td>Vention<\/td>\n<\/tr>\n<tr>\n<th>Modelis<\/th>\n<td>ABFBI<\/td>\n<\/tr>\n<tr>\n<th>Kr\u0101sa<\/th>\n<td>Melns<\/td>\n<\/tr>\n<tr>\n<th>Tips<\/th>\n<td>HDMI male to DVI (24+1) male<\/td>\n<\/tr>\n<tr>\n<th>Resolution<\/th>\n<td>DVI to HDMI: 4K@60Hz \/ HDMI to DVI: 1080P@60Hz<\/td>\n<\/tr>\n<tr>\n<th>Materi\u0101ls<\/th>\n<td>PVC<\/td>\n<\/tr>\n<tr>\n<th>Kabe\u013ca garums<\/th>\n<td>3m<\/td>\n<\/tr>\n<\/tbody>\n<\/table>\n<\/div>","protected":false},"excerpt":{"rendered":"<p>HDMI to DVI (24+1) cable Vention ABFBI 3m, 4K 60Hz\/ 1080P 60Hz (Black). Enjoy high image quality. Vention&#8217;s HDMI to DVI cable supports 1080p resolution and TMDS technology, so it can deliver unparalleled smoothness and rich detail. It also offers bidirectional transmission, allowing you to use it in a variety of ways. Connect your smart [&#8230;]\n","protected":false},"featured_media":100662,"comment_status":"open","ping_status":"closed","template":"","meta":[],"location":[19557,19558],"product_brand":[],"product_cat":[12303],"product_tag":[],"class_list":{"0":"post-79680","1":"product","2":"type-product","3":"status-publish","4":"has-post-thumbnail","6":"location-innpro_stock_location","7":"location-local_stock_location","8":"product_cat-video-cables","10":"first","11":"instock","12":"sale","13":"taxable","14":"shipping-taxable","15":"purchasable","16":"product-type-simple"},"aioseo_notices":[],"locations":[{"id":19557,"name":"Pieg\u0101d\u0101ja noliktav\u0101 (5-7dd.d)","slug":"innpro_stock_location","quantity":"20"},{"id":19558,"name":"R\u012bgas veikals (0-2dd.d)","slug":"local_stock_location","quantity":"0"}],"_links":{"self":[{"href":"https:\/\/elektrons.lv\/lv\/wp-json\/wp\/v2\/product\/79680","targetHints":{"allow":["GET"]}}],"collection":[{"href":"https:\/\/elektrons.lv\/lv\/wp-json\/wp\/v2\/product"}],"about":[{"href":"https:\/\/elektrons.lv\/lv\/wp-json\/wp\/v2\/types\/product"}],"replies":[{"embeddable":true,"href":"https:\/\/elektrons.lv\/lv\/wp-json\/wp\/v2\/comments?post=79680"}],"wp:featuredmedia":[{"embeddable":true,"href":"https:\/\/elektrons.lv\/lv\/wp-json\/wp\/v2\/media\/100662"}],"wp:attachment":[{"href":"https:\/\/elektrons.lv\/lv\/wp-json\/wp\/v2\/media?parent=79680"}],"wp:term":[{"taxonomy":"location","embeddable":true,"href":"https:\/\/elektrons.lv\/lv\/wp-json\/wp\/v2\/location?post=79680"},{"taxonomy":"product_brand","embeddable":true,"href":"https:\/\/elektrons.lv\/lv\/wp-json\/wp\/v2\/product_brand?post=79680"},{"taxonomy":"product_cat","embeddable":true,"href":"https:\/\/elektrons.lv\/lv\/wp-json\/wp\/v2\/product_cat?post=79680"},{"taxonomy":"product_tag","embeddable":true,"href":"https:\/\/elektrons.lv\/lv\/wp-json\/wp\/v2\/product_tag?post=79680"}],"curies":[{"name":"wp","href":"https:\/\/api.w.org\/{rel}","templated":true}]}}