{"id":79745,"date":"2026-05-14T09:37:45","date_gmt":"2026-05-14T09:37:45","guid":{"rendered":"https:\/\/elektrons.lv\/Prece\/14-filters-freewell-to-dji-osmo-pocket-3\/"},"modified":"2026-05-15T16:00:08","modified_gmt":"2026-05-15T14:00:08","slug":"14-filters-freewell-to-dji-osmo-pocket-3","status":"publish","type":"product","link":"https:\/\/elektrons.lv\/lv\/Prece\/14-filters-freewell-to-dji-osmo-pocket-3\/","title":{"rendered":"14 filtri Freewell uz DJI Osmo Pocket 3"},"content":{"rendered":"<h3>Freewell DJI Osmo Pocket 3 &#8211; Mega Kit -14Pack<\/h3>\n<p>The kit contains up to 14 filters that will allow you to capture special moments. With their help you will get sharpened, detailed landscapes, capture the night sky or get a soft glow around bright points in the frame. The filters are also distinguished by their magnetic, scratch- and grease-resistant design. <\/p>\n<p><img decoding=\"async\" src=\"https:\/\/b2b.innpro.pl\/data\/include\/cms\/Freewell\/FW-OP3-MEGA\/3.jpg\" alt=\"Freewell\/FW-OP3-MEGA\/3\"><\/p>\n<h3>For excellent materials<\/h3>\n<p>Create stunning footage with the help of your DJI Osmo Pocket 3. ND and ND\/PL filters adjust the amount of light entering the lens, increase contrast and sharpen details. Snow Mist, on the other hand, gently reduces contrast and creates a soft glow around bright spots.  For exceptional night sky shots, choose the Light Pollution Reduction (LPR) filter reduces the impact of yellow lamp light. CPL, on the other hand, reduces glare and provides natural colors.<\/p>\n<p><img decoding=\"async\" src=\"https:\/\/b2b.innpro.pl\/data\/include\/cms\/Freewell\/FW-OP3-MEGA\/4.jpg\" alt=\"Freewell\/FW-OP3-MEGA\/4\"><\/p>\n<h3>P\u0101rdom\u0101ts dizains<\/h3>\n<p>The filters are lightweight and fully fitted to the DJI Osmo Pocket 3, so you can use them comfortably. What&#8217;s more, the magnetic design makes it easy to install, so you&#8217;ll be putting the filter on your lens in no time. In addition, it is resistant to dust, scratches and liquids &#8211; you can be sure that it will serve you for a long time. <\/p>\n<p><img decoding=\"async\" src=\"https:\/\/b2b.innpro.pl\/data\/include\/cms\/Freewell\/FW-OP3-MEGA\/1.jpg\" alt=\"Freewell\/FW-OP3-MEGA\/1\"><\/p>\n<h3>Iek\u013cauts<\/h3>\n<ul>\n<li>filtry: ND8\/ND16\/ND32\/ND64\/ND128\/ND256\/ND1000\/ND8PL\/ND16PL\/ND32PL\/ND64PL\/ SMIST1\/4\/LPR\/CPL<\/li>\n<li>protective case<\/li>\n<li>cleaning cloth<\/li>\n<\/ul>\n<div class=\"table-wrapper\">\n<table>\n<tbody>\n<tr>\n<th>Ra\u017eot\u0101js<\/th>\n<td>Freewell<\/td>\n<\/tr>\n<tr>\n<th>Modelis<\/th>\n<td>FW-OP3-MEGA<\/td>\n<\/tr>\n<tr>\n<th>Fits<\/th>\n<td>DJI Osmo kabata 3<\/td>\n<\/tr>\n<\/tbody>\n<\/table>\n<\/div>","protected":false},"excerpt":{"rendered":"<p>Freewell DJI Osmo Pocket 3 &#8211; Mega Kit -14Pack The kit contains up to 14 filters that will allow you to capture special moments. With their help you will get sharpened, detailed landscapes, capture the night sky or get a soft glow around bright points in the frame. The filters are also distinguished by their [&#8230;]\n","protected":false},"featured_media":100466,"comment_status":"open","ping_status":"closed","template":"","meta":[],"location":[19557,19558],"product_brand":[],"product_cat":[12014],"product_tag":[],"class_list":{"0":"post-79745","1":"product","2":"type-product","3":"status-publish","4":"has-post-thumbnail","6":"location-innpro_stock_location","7":"location-local_stock_location","8":"product_cat-dji","10":"first","11":"instock","12":"sale","13":"taxable","14":"shipping-taxable","15":"purchasable","16":"product-type-simple"},"aioseo_notices":[],"locations":[{"id":19557,"name":"Pieg\u0101d\u0101ja noliktav\u0101 (5-7dd.d)","slug":"innpro_stock_location","quantity":"31"},{"id":19558,"name":"R\u012bgas veikals (0-2dd.d)","slug":"local_stock_location","quantity":"0"}],"_links":{"self":[{"href":"https:\/\/elektrons.lv\/lv\/wp-json\/wp\/v2\/product\/79745","targetHints":{"allow":["GET"]}}],"collection":[{"href":"https:\/\/elektrons.lv\/lv\/wp-json\/wp\/v2\/product"}],"about":[{"href":"https:\/\/elektrons.lv\/lv\/wp-json\/wp\/v2\/types\/product"}],"replies":[{"embeddable":true,"href":"https:\/\/elektrons.lv\/lv\/wp-json\/wp\/v2\/comments?post=79745"}],"wp:featuredmedia":[{"embeddable":true,"href":"https:\/\/elektrons.lv\/lv\/wp-json\/wp\/v2\/media\/100466"}],"wp:attachment":[{"href":"https:\/\/elektrons.lv\/lv\/wp-json\/wp\/v2\/media?parent=79745"}],"wp:term":[{"taxonomy":"location","embeddable":true,"href":"https:\/\/elektrons.lv\/lv\/wp-json\/wp\/v2\/location?post=79745"},{"taxonomy":"product_brand","embeddable":true,"href":"https:\/\/elektrons.lv\/lv\/wp-json\/wp\/v2\/product_brand?post=79745"},{"taxonomy":"product_cat","embeddable":true,"href":"https:\/\/elektrons.lv\/lv\/wp-json\/wp\/v2\/product_cat?post=79745"},{"taxonomy":"product_tag","embeddable":true,"href":"https:\/\/elektrons.lv\/lv\/wp-json\/wp\/v2\/product_tag?post=79745"}],"curies":[{"name":"wp","href":"https:\/\/api.w.org\/{rel}","templated":true}]}}