{"id":79810,"date":"2026-05-14T09:37:53","date_gmt":"2026-05-14T09:37:53","guid":{"rendered":"https:\/\/elektrons.lv\/Prece\/niimbot-thermal-labels-stickers-12x22-mm-260-pcs\/"},"modified":"2026-05-15T07:48:56","modified_gmt":"2026-05-15T07:48:56","slug":"niimbot-thermal-labels-stickers-12x22-mm-260-pcs","status":"publish","type":"product","link":"https:\/\/elektrons.lv\/lv\/Prece\/niimbot-thermal-labels-stickers-12x22-mm-260-pcs\/","title":{"rendered":"Niimbot thermal labels stickers 12&#215;22 mm, 260 pcs"},"content":{"rendered":"<h3>Thermal labels Niimbot stickers 12&#215;22 mm 260 pcs<\/h3>\n<p>The set includes a roll that allows you to print 260 pieces of 12 x 22 mm labels. It is dedicated to Niimbot D and H1S series thermal printers. It will be useful for printing prices, expiration dates, QR and EAN code, emoticons, serial number, table and much more.<\/p>\n<p>\n<img decoding=\"async\" border=\"0\" src=\"https:\/\/assets.innpro.pl\/12231\/14523\/4.jpg\"\/>\n<\/p>\n<div class=\"table-wrapper\">\n<p>\u00a0<\/p>\n<h3><\/h3>\n<table>\n<tbody>\n<tr>\n<th>Ra\u017eot\u0101js<\/th>\n<td>Niimbot<\/td>\n<\/tr>\n<tr>\n<th>Modelis<\/th>\n<td>T12*22-260<\/td>\n<\/tr>\n<tr>\n<th>Pour size<\/th>\n<td>12 x 22 mm<\/td>\n<\/tr>\n<tr>\n<th>Number of labels printed<\/th>\n<td>260<\/td>\n<\/tr>\n<tr>\n<th>Sader\u012bba<\/th>\n<td>Niimbot D series and H1S<\/td>\n<\/tr>\n<\/tbody>\n<\/table>\n<\/div>","protected":false},"excerpt":{"rendered":"<p>Thermal labels Niimbot stickers 12&#215;22 mm 260 pcs The set includes a roll that allows you to print 260 pieces of 12 x 22 mm labels. It is dedicated to Niimbot D and H1S series thermal printers. It will be useful for printing prices, expiration dates, QR and EAN code, emoticons, serial number, table and [&#8230;]\n","protected":false},"featured_media":100256,"comment_status":"open","ping_status":"closed","template":"","meta":[],"location":[19557,19558],"product_brand":[],"product_cat":[13815],"product_tag":[],"class_list":{"0":"post-79810","1":"product","2":"type-product","3":"status-publish","4":"has-post-thumbnail","6":"location-innpro_stock_location","7":"location-local_stock_location","8":"product_cat-labels","10":"first","11":"instock","12":"sale","13":"taxable","14":"shipping-taxable","15":"purchasable","16":"product-type-simple"},"aioseo_notices":[],"locations":[{"id":19557,"name":"Pieg\u0101d\u0101ja noliktav\u0101 (5-7dd.d)","slug":"innpro_stock_location","quantity":"53"},{"id":19558,"name":"R\u012bgas veikals (0-2dd.d)","slug":"local_stock_location","quantity":"0"}],"_links":{"self":[{"href":"https:\/\/elektrons.lv\/lv\/wp-json\/wp\/v2\/product\/79810","targetHints":{"allow":["GET"]}}],"collection":[{"href":"https:\/\/elektrons.lv\/lv\/wp-json\/wp\/v2\/product"}],"about":[{"href":"https:\/\/elektrons.lv\/lv\/wp-json\/wp\/v2\/types\/product"}],"replies":[{"embeddable":true,"href":"https:\/\/elektrons.lv\/lv\/wp-json\/wp\/v2\/comments?post=79810"}],"wp:featuredmedia":[{"embeddable":true,"href":"https:\/\/elektrons.lv\/lv\/wp-json\/wp\/v2\/media\/100256"}],"wp:attachment":[{"href":"https:\/\/elektrons.lv\/lv\/wp-json\/wp\/v2\/media?parent=79810"}],"wp:term":[{"taxonomy":"location","embeddable":true,"href":"https:\/\/elektrons.lv\/lv\/wp-json\/wp\/v2\/location?post=79810"},{"taxonomy":"product_brand","embeddable":true,"href":"https:\/\/elektrons.lv\/lv\/wp-json\/wp\/v2\/product_brand?post=79810"},{"taxonomy":"product_cat","embeddable":true,"href":"https:\/\/elektrons.lv\/lv\/wp-json\/wp\/v2\/product_cat?post=79810"},{"taxonomy":"product_tag","embeddable":true,"href":"https:\/\/elektrons.lv\/lv\/wp-json\/wp\/v2\/product_tag?post=79810"}],"curies":[{"name":"wp","href":"https:\/\/api.w.org\/{rel}","templated":true}]}}