{"id":79901,"date":"2026-05-14T09:38:05","date_gmt":"2026-05-14T09:38:05","guid":{"rendered":"https:\/\/elektrons.lv\/Prece\/earbuds-tws-joyroom-cozydots-series-jr-ts1-black\/"},"modified":"2026-05-15T07:49:01","modified_gmt":"2026-05-15T07:49:01","slug":"earbuds-tws-joyroom-cozydots-series-jr-ts1-black","status":"publish","type":"product","link":"https:\/\/elektrons.lv\/lv\/Prece\/earbuds-tws-joyroom-cozydots-series-jr-ts1-black\/","title":{"rendered":"Earbuds TWS Joyroom Cozydots Series JR-TS1 (black)"},"content":{"rendered":"<h3>Joyroom Cozydots Series JR-TS1 TWS Earbuds (black).<\/h3>\n<p>Enjoy the sounds of your favorite songs without compromise! The Joyroom Cozydots earbuds provide clear and detailed sound that will transport you into the world of music. Thanks to Bluetooth 5.3, they offer a stable connection over a distance of up to 10 meters, and their operating time with the case reaches 24 hours. The ergonomic design combined with light weight means you can enjoy maximum comfort throughout the day, whether you&#8217;re listening to your favorite tunes or making long phone calls.<\/p>\n<p><img decoding=\"async\" src=\"https:\/\/b2b.innpro.pl\/data\/include\/cms\/Joyroom\/JR-TS1-Black\/1.jpg\" alt=\"Joyroom\/JR-TS1-Black\/1\"><\/p>\n<h3>Unparalleled user comfort <\/h3>\n<p>Discover true user comfort with Joyroom Cozydots! The headphones are designed to provide you with the comfort you dream of, even when playing music for hours on end. Thanks to their light weight (3g) and ergonomic design, they fit perfectly in your ear without causing discomfort or fatigue. In the set you will find 3 pairs of interchangeable rubber bands in different sizes, which will help you adjust the headphones to your individual needs even better.<\/p>\n<p><img decoding=\"async\" src=\"https:\/\/b2b.innpro.pl\/data\/include\/cms\/Joyroom\/JR-TS1-Black\/2.jpg\" alt=\"Joyroom\/JR-TS1-Black\/2\"><\/p>\n<h3>Listen to music all day long<\/h3>\n<p>Now you can freely play your favorite songs without worrying about the state of charge of your headphones! Joyroom Cozydots guarantee up to 4 hours of use on a single charge, and with the charging case you can enjoy your music for an additional 20 hours. What&#8217;s more, with its help you will renew the energy of the headphones up to 5 times without any trouble!<\/p>\n<p><img decoding=\"async\" src=\"https:\/\/b2b.innpro.pl\/data\/include\/cms\/Joyroom\/JR-TS1-Black\/5.jpg\" alt=\"Joyroom\/JR-TS1-Black\/5\"><\/p>\n<h3>Stable connection with your device<\/h3>\n<p>Forget about annoying sound delays! The headphones are equipped with the latest Bluetooth 5.3 chipset, which provides faster and more stable signal transmission with lower power consumption. Pairing them won&#8217;t be a problem for you &#8211; just pair them once with the device of your choice, and they will connect to it automatically every time!<\/p>\n<p><img decoding=\"async\" src=\"https:\/\/b2b.innpro.pl\/data\/include\/cms\/Joyroom\/JR-TS1-Black\/8.jpg\" alt=\"Joyroom\/JR-TS1-Black\/8\"><\/p>\n<h3>Touch operation for greater convenience<\/h3>\n<p>Operating the headphones is simpler than you think. Joyroom Cozydots have built-in intuitive touchpads so you can conveniently control the most important functions of the headphones. Change songs, manage incoming calls or activate the voice assistant, all without having to reach for your phone!<\/p>\n<p><img decoding=\"async\" src=\"https:\/\/b2b.innpro.pl\/data\/include\/cms\/Joyroom\/JR-TS1-Black\/4.jpg\" alt=\"Joyroom\/JR-TS1-Black\/4\"><\/p>\n<h3>Iek\u013cauts<\/h3>\n<ul>\n<li>austi\u0146as<\/li>\n<li>uzl\u0101des futr\u0101lis<\/li>\n<li>3 pairs of interchangeable rubber bands<\/li>\n<\/ul>\n<div class=\"table-wrapper\">\n<table>\n<tbody>\n<tr>\n<th>Ra\u017eot\u0101js<\/th>\n<td>Joyroom<\/td>\n<\/tr>\n<tr>\n<th>Modelis<\/th>\n<td>JR-TS1<\/td>\n<\/tr>\n<tr>\n<th>Kr\u0101sa<\/th>\n<td>Melns<\/td>\n<\/tr>\n<tr>\n<th>Bluetooth version<\/th>\n<td>5.3<\/td>\n<\/tr>\n<tr>\n<th>Diapazons<\/th>\n<td>Up to 10 m<\/td>\n<\/tr>\n<tr>\n<th>Audio codecs<\/th>\n<td>AAC \/ SBC<\/td>\n<\/tr>\n<tr>\n<th>Bluetooth protocols<\/th>\n<td>HFP \/ A2DP \/ AVRCP<\/td>\n<\/tr>\n<tr>\n<th>Bie\u017euma reakcija <\/th>\n<td>20Hz-20kHz<\/td>\n<\/tr>\n<tr>\n<th>Transducers<\/th>\n<td>5mm<\/td>\n<\/tr>\n<tr>\n<th>Darb\u012bbas laiks<\/th>\n<td>Music playback: about 4 hours (70% volume), phone calls: about 3 hours (70% volume) + 20 hours with charging case<\/td>\n<\/tr>\n<tr>\n<th>Standby time<\/th>\n<td>approx. 120 hours<\/td>\n<\/tr>\n<tr>\n<th>Akumulatora ietilp\u012bba<\/th>\n<td>Headphones: 30 mAh, charging case: 400 mAh<\/td>\n<\/tr>\n<tr>\n<th>Charging time for headphones<\/th>\n<td>approximately 1.5 hours<\/td>\n<\/tr>\n<tr>\n<th>Charging time of the charging case<\/th>\n<td>approximately 1.5 hours<\/td>\n<\/tr>\n<tr>\n<th>Charging interface<\/th>\n<td>USB-C<\/td>\n<\/tr>\n<tr>\n<th>Materi\u0101ls<\/th>\n<td>ABS + PC<\/td>\n<\/tr>\n<tr>\n<th>Weight of one earphone<\/th>\n<td>3 g<\/td>\n<\/tr>\n<\/tbody>\n<\/table>\n<\/div>","protected":false},"excerpt":{"rendered":"<p>Joyroom Cozydots Series JR-TS1 TWS Earbuds (black). Enjoy the sounds of your favorite songs without compromise! The Joyroom Cozydots earbuds provide clear and detailed sound that will transport you into the world of music. Thanks to Bluetooth 5.3, they offer a stable connection over a distance of up to 10 meters, and their operating time [&#8230;]\n","protected":false},"featured_media":99949,"comment_status":"open","ping_status":"closed","template":"","meta":[],"location":[19557,19558],"product_brand":[],"product_cat":[13601],"product_tag":[],"class_list":{"0":"post-79901","1":"product","2":"type-product","3":"status-publish","4":"has-post-thumbnail","6":"location-innpro_stock_location","7":"location-local_stock_location","8":"product_cat-tws","10":"first","11":"instock","12":"sale","13":"taxable","14":"shipping-taxable","15":"purchasable","16":"product-type-simple"},"aioseo_notices":[],"locations":[{"id":19557,"name":"Pieg\u0101d\u0101ja noliktav\u0101 (5-7dd.d)","slug":"innpro_stock_location","quantity":"17"},{"id":19558,"name":"R\u012bgas veikals (0-2dd.d)","slug":"local_stock_location","quantity":"0"}],"_links":{"self":[{"href":"https:\/\/elektrons.lv\/lv\/wp-json\/wp\/v2\/product\/79901","targetHints":{"allow":["GET"]}}],"collection":[{"href":"https:\/\/elektrons.lv\/lv\/wp-json\/wp\/v2\/product"}],"about":[{"href":"https:\/\/elektrons.lv\/lv\/wp-json\/wp\/v2\/types\/product"}],"replies":[{"embeddable":true,"href":"https:\/\/elektrons.lv\/lv\/wp-json\/wp\/v2\/comments?post=79901"}],"wp:featuredmedia":[{"embeddable":true,"href":"https:\/\/elektrons.lv\/lv\/wp-json\/wp\/v2\/media\/99949"}],"wp:attachment":[{"href":"https:\/\/elektrons.lv\/lv\/wp-json\/wp\/v2\/media?parent=79901"}],"wp:term":[{"taxonomy":"location","embeddable":true,"href":"https:\/\/elektrons.lv\/lv\/wp-json\/wp\/v2\/location?post=79901"},{"taxonomy":"product_brand","embeddable":true,"href":"https:\/\/elektrons.lv\/lv\/wp-json\/wp\/v2\/product_brand?post=79901"},{"taxonomy":"product_cat","embeddable":true,"href":"https:\/\/elektrons.lv\/lv\/wp-json\/wp\/v2\/product_cat?post=79901"},{"taxonomy":"product_tag","embeddable":true,"href":"https:\/\/elektrons.lv\/lv\/wp-json\/wp\/v2\/product_tag?post=79901"}],"curies":[{"name":"wp","href":"https:\/\/api.w.org\/{rel}","templated":true}]}}