{"id":79918,"date":"2026-05-14T09:38:07","date_gmt":"2026-05-14T09:38:07","guid":{"rendered":"https:\/\/elektrons.lv\/Prece\/laserpecker-2-suit-version\/"},"modified":"2026-05-15T07:49:01","modified_gmt":"2026-05-15T07:49:01","slug":"laserpecker-2-suit-version","status":"publish","type":"product","link":"https:\/\/elektrons.lv\/lv\/Prece\/laserpecker-2-suit-version\/","title":{"rendered":"LaserPecker 2 Suit Version"},"content":{"rendered":"<h3>LaserPecker 2 Suit Version<\/h3>\n<p>\u00a0<\/p>\n<p>LaserPecker 2 is a laser that combines performance, versatility and mobility. With its advanced technology and intuitive operation, the device opens up new possibilities in the field of object personalization. It is ideal for professionals and amateurs wishing to explore the world of laser engraving.<\/p>\n<p>\u00a0<\/p>\n<p><img decoding=\"async\" src=\"https:\/\/assets.innpro.pl\/2701\/2880\/1.jpg\" border=\"0\" \/><\/p>\n<h3>Engraving photos and a variety of materials<\/h3>\n<p>\u00a0<\/p>\n<p>The LaserPecker 2 stands out for its ability to engrave photos from an album or camera, allowing users to create unique, personalized works. The device has the ability to work on a variety of materials, such as wood, metal, leather and plastic, making it an extremely versatile tool, ideal for a variety of projects.<\/p>\n<p>\u00a0<\/p>\n<p><img decoding=\"async\" src=\"https:\/\/assets.innpro.pl\/2701\/2880\/4.jpg\" border=\"0\" \/><\/p>\n<h3>Mobility and performance<\/h3>\n<p>\u00a0<\/p>\n<p>Despite its small size, the LaserPecker 2 is an extremely powerful device. Its compact design makes it easy to carry and allows engraving in places that are difficult to reach with other devices. This makes it ideal for those who change their workspace frequently or work with objects of unusual form.<\/p>\n<p>\u00a0<\/p>\n<p><img decoding=\"async\" src=\"https:\/\/assets.innpro.pl\/2701\/2880\/8.jpg\" border=\"0\" \/><\/p>\n<h3>Electric stand with adjustable focal length<\/h3>\n<p>\u00a0<\/p>\n<p>The electric stand is another asset of this device. It allows you to precisely adjust the focal length using the side buttons, which increases the accuracy and quality of engraving. In addition, the ability to hold the laser at the desired angle allows for optimal adjustment to the engraved surface.<\/p>\n<p>\u00a0<\/p>\n<p><img decoding=\"async\" src=\"https:\/\/assets.innpro.pl\/2701\/2880\/11.jpg\" border=\"0\" \/><\/p>\n<h3>Compatibility and supported formats<\/h3>\n<p>\u00a0<\/p>\n<p>The LaserPecker 2 also stands out for its excellent compatibility with various operating systems, such as iOS, Android, macOS and Windows. Support for a wide range of file formats, including jpg, svg, png, bmp and many others, makes this device extremely versatile.<\/p>\n<p>\u00a0<\/p>\n<p><img decoding=\"async\" src=\"https:\/\/assets.innpro.pl\/2701\/2880\/2.jpg\" border=\"0\" \/><\/p>\n<h3>Advanced laser technology<\/h3>\n<p>\u00a0<\/p>\n<p>The LaserPecker 2 is a device equipped with a 5000mW NICHIA laser diode with a wavelength of 450nm, which provides outstanding precision and engraving performance. Its ability to work at 1K, 1.3K and 2K resolutions enables clear and detailed effects on a wide range of materials. The device has an impressive precision of up to 0.025mm, which guarantees exceptional quality of final products. This makes the LaserPecker 2 suitable for intricate and precise projects, both at home and in professional applications.<\/p>\n<p>\u00a0<\/p>\n<p><img decoding=\"async\" src=\"https:\/\/assets.innpro.pl\/2701\/2880\/5.jpg\" border=\"0\" \/><\/p>\n<h3>Iek\u013cauts<\/h3>\n<ul class=\"list-disc pl-5\">\n<li>Laser<\/li>\n<li>Power cable with power adapter<\/li>\n<li>Electric stand<\/li>\n<li>LaserPecker Versatile Electric Roller<\/li>\n<li>Laser cover<\/li>\n<li>USB cable x 2<\/li>\n<li>Protective goggles<\/li>\n<li>Ruler<\/li>\n<li>Wrenches and screws<\/li>\n<\/ul>\n<div class=\"table-wrapper\">\n<p>\u00a0<\/p>\n<h3>\u00a0<\/h3>\n<table>\n<tbody>\n<tr>\n<th>Z\u012bmols<\/th>\n<td>LaserPecker<\/td>\n<\/tr>\n<tr>\n<th>Modelis<\/th>\n<td>L2<\/td>\n<\/tr>\n<tr>\n<th>Version number<\/th>\n<td>2021-7A<\/td>\n<\/tr>\n<tr>\n<th>Laser type<\/th>\n<td>450nm NICHIA Diode Laser<\/td>\n<\/tr>\n<tr>\n<th>Output power of the laser source<\/th>\n<td>5000mW<\/td>\n<\/tr>\n<tr>\n<th>Data transmission<\/th>\n<td>Bluetooth 5.0<\/td>\n<\/tr>\n<tr>\n<th>Atbalst\u012btie form\u0101ti<\/th>\n<td>jpg, svg, png, bmp, G code, CAD, AI, CDR, dwr and more<\/td>\n<\/tr>\n<tr>\n<th>Sader\u012bba<\/th>\n<td>iOS 9.0 and above, Android 6.0 and above, macOS 10 and above, Windows 10 and above<\/td>\n<\/tr>\n<tr>\n<th>Baro\u0161anas ieeja<\/th>\n<td>DC (12V, 5A), AC (100-240V, 50-60Hz)<\/td>\n<\/tr>\n<tr>\n<th>Jauda<\/th>\n<td>5W<\/td>\n<\/tr>\n<tr>\n<th>Darb\u012bbas temperat\u016bras diapazons<\/th>\n<td>0\u00b0C-65\u00b0C<\/td>\n<\/tr>\n<tr>\n<th>Operating humidity range<\/th>\n<td>5%~80%<\/td>\n<\/tr>\n<tr>\n<th>Safety certification<\/th>\n<td>EC 60825-1, CE, ROHS, FCC, FDA, CDRH registration IEC 60825-1, NCC, KC, UKCA, TECLEC<\/td>\n<\/tr>\n<tr>\n<th>Grav\u0113\u0161anas \u0101trums<\/th>\n<td>800mm\/s<\/td>\n<\/tr>\n<tr>\n<th>Precision<\/th>\n<td>0.025mm<\/td>\n<\/tr>\n<tr>\n<th>Engraving area<\/th>\n<td>2000mm<\/td>\n<\/tr>\n<tr>\n<th>Resolution<\/th>\n<td>1K\/1.3K\/2K<\/td>\n<\/tr>\n<tr>\n<th>Distance<\/th>\n<td>110nm<\/td>\n<\/tr>\n<tr>\n<th>Viewing speed<\/th>\n<td>3750mm\/s<\/td>\n<\/tr>\n<tr>\n<th>Svars<\/th>\n<td>2.2kg<\/td>\n<\/tr>\n<tr>\n<th>Izm\u0113ri<\/th>\n<td>Laser unit: 162.5 x 60 x 122mm, electric stand: 194 x 153.5 x 236mm<\/td>\n<\/tr>\n<tr>\n<th>Continuous operation time<\/th>\n<td>168h<\/td>\n<\/tr>\n<tr>\n<th>M\u016b\u017ea<\/th>\n<td>10000h<\/td>\n<\/tr>\n<tr>\n<th>\u00a0<\/th>\n<td>\u00a0<\/td>\n<\/tr>\n<\/tbody>\n<\/table>\n<\/div>","protected":false},"excerpt":{"rendered":"<p>LaserPecker 2 Suit Version \u00a0 LaserPecker 2 is a laser that combines performance, versatility and mobility. With its advanced technology and intuitive operation, the device opens up new possibilities in the field of object personalization. It is ideal for professionals and amateurs wishing to explore the world of laser engraving. \u00a0 Engraving photos and a [&#8230;]\n","protected":false},"featured_media":99891,"comment_status":"open","ping_status":"closed","template":"","meta":[],"location":[19557,19558],"product_brand":[],"product_cat":[14193],"product_tag":[],"class_list":{"0":"post-79918","1":"product","2":"type-product","3":"status-publish","4":"has-post-thumbnail","6":"location-innpro_stock_location","7":"location-local_stock_location","8":"product_cat-devices","10":"first","11":"instock","12":"sale","13":"taxable","14":"shipping-taxable","15":"purchasable","16":"product-type-simple"},"aioseo_notices":[],"locations":[{"id":19557,"name":"Pieg\u0101d\u0101ja noliktav\u0101 (5-7dd.d)","slug":"innpro_stock_location","quantity":"25"},{"id":19558,"name":"R\u012bgas veikals (0-2dd.d)","slug":"local_stock_location","quantity":"0"}],"_links":{"self":[{"href":"https:\/\/elektrons.lv\/lv\/wp-json\/wp\/v2\/product\/79918","targetHints":{"allow":["GET"]}}],"collection":[{"href":"https:\/\/elektrons.lv\/lv\/wp-json\/wp\/v2\/product"}],"about":[{"href":"https:\/\/elektrons.lv\/lv\/wp-json\/wp\/v2\/types\/product"}],"replies":[{"embeddable":true,"href":"https:\/\/elektrons.lv\/lv\/wp-json\/wp\/v2\/comments?post=79918"}],"wp:featuredmedia":[{"embeddable":true,"href":"https:\/\/elektrons.lv\/lv\/wp-json\/wp\/v2\/media\/99891"}],"wp:attachment":[{"href":"https:\/\/elektrons.lv\/lv\/wp-json\/wp\/v2\/media?parent=79918"}],"wp:term":[{"taxonomy":"location","embeddable":true,"href":"https:\/\/elektrons.lv\/lv\/wp-json\/wp\/v2\/location?post=79918"},{"taxonomy":"product_brand","embeddable":true,"href":"https:\/\/elektrons.lv\/lv\/wp-json\/wp\/v2\/product_brand?post=79918"},{"taxonomy":"product_cat","embeddable":true,"href":"https:\/\/elektrons.lv\/lv\/wp-json\/wp\/v2\/product_cat?post=79918"},{"taxonomy":"product_tag","embeddable":true,"href":"https:\/\/elektrons.lv\/lv\/wp-json\/wp\/v2\/product_tag?post=79918"}],"curies":[{"name":"wp","href":"https:\/\/api.w.org\/{rel}","templated":true}]}}