{"id":79926,"date":"2026-05-14T09:38:08","date_gmt":"2026-05-14T09:38:08","guid":{"rendered":"https:\/\/elektrons.lv\/Prece\/lokithor-j401x-jump-starter-booster-2500a-powerbank-20000mah-flashlight-4-in-1-device-working-in-40c\/"},"modified":"2026-05-15T07:49:02","modified_gmt":"2026-05-15T07:49:02","slug":"lokithor-j401x-jump-starter-booster-2500a-powerbank-20000mah-flashlight-4-in-1-device-working-in-40c","status":"publish","type":"product","link":"https:\/\/elektrons.lv\/lv\/Prece\/lokithor-j401x-jump-starter-booster-2500a-powerbank-20000mah-flashlight-4-in-1-device-working-in-40c\/","title":{"rendered":"Lokithor J401X Jump Starter \/ Booster 2500A + Powerbank 20000mAh + Flashlight 4-in-1 Device working in -40\u00b0C"},"content":{"rendered":"<h3>Powerbank \/ Jump starter Lokithor J401X &#8211; 2500A 12V 74Wh<\/h3>\n<p>The Lokithor J401X is a multifunctional device that, using 2500A, can quickly jump-start a petrol engine up to 8.5 litres and a diesel 6.5 litres. It is compatible with 12-volt vehicles and will be perfect for travelling. What&#8217;s more, it acts as a torch and powerbank.<\/p>\n<p><img decoding=\"async\" src=\"https:\/\/b2b.innpro.pl\/data\/include\/cms\/Lokithor\/J401X\/6.jpg\" border=\"0\" alt=\"Lokithor\/J401X\/6\" \/><\/p>\n<h3>Reliable and practical<\/h3>\n<p>Be prepared for a variety of circumstances on the move. The starter allows you to quickly start your vehicle, including cars and vans, motorbikes, boats, campervans, quads, SUVs, tractors and lawnmowers. What&#8217;s more, it supports 100 W charging, so you can quickly renew the energy of various devices. The Jump starter also functions as a torch &#8211; there are 3 modes at your disposal: SOS, strobe and constant light.<\/p>\n<p><img decoding=\"async\" src=\"https:\/\/b2b.innpro.pl\/data\/include\/cms\/Lokithor\/J401X\/7.jpg\" border=\"0\" alt=\"Lokithor\/J401X\/7\" \/><\/p>\n<h3>Iek\u013cauts<\/h3>\n<ul>\n<li>jump starter<\/li>\n<li>clamps<\/li>\n<li>12-volt adapter<\/li>\n<li>USB-C to USB-C cable<\/li>\n<li>lietot\u0101ja rokasgr\u0101mata<\/li>\n<\/ul>\n<div class=\"table-wrapper\">\n<table>\n<tbody>\n<tr>\n<th>Ra\u017eot\u0101js<\/th>\n<td>Lokithor<\/td>\n<\/tr>\n<tr>\n<th>Modelis<\/th>\n<td>J401X<\/td>\n<\/tr>\n<tr>\n<th>Spriegums<\/th>\n<td>12 V<\/td>\n<\/tr>\n<tr>\n<th>Akumulators<\/th>\n<td>Lithium-polymer<\/td>\n<\/tr>\n<tr>\n<th>Kapacit\u0101te<\/th>\n<td>74 Wh<\/td>\n<\/tr>\n<tr>\n<th>Current<\/th>\n<td>2500 A<\/td>\n<\/tr>\n<tr>\n<th>Gaismas avots<\/th>\n<td>LED<\/td>\n<\/tr>\n<tr>\n<th>Darba temperat\u016bra<\/th>\n<td>from<span>\u00a0-40<\/span><span>\u00b0C to 50<\/span><span>\u00b0C\u00a0<\/span><\/td>\n<\/tr>\n<tr>\n<th>Interfeiss<\/th>\n<td>USB-C: 100 W, DC: 60 W, USB-A: 18 W<\/td>\n<\/tr>\n<\/tbody>\n<\/table>\n<\/div>","protected":false},"excerpt":{"rendered":"<p>Powerbank \/ Jump starter Lokithor J401X &#8211; 2500A 12V 74Wh The Lokithor J401X is a multifunctional device that, using 2500A, can quickly jump-start a petrol engine up to 8.5 litres and a diesel 6.5 litres. It is compatible with 12-volt vehicles and will be perfect for travelling. What&#8217;s more, it acts as a torch and [&#8230;]\n","protected":false},"featured_media":99880,"comment_status":"open","ping_status":"closed","template":"","meta":[],"location":[19557,19558],"product_brand":[],"product_cat":[13363],"product_tag":[],"class_list":{"0":"post-79926","1":"product","2":"type-product","3":"status-publish","4":"has-post-thumbnail","6":"location-innpro_stock_location","7":"location-local_stock_location","8":"product_cat-jump-starters","10":"first","11":"instock","12":"sale","13":"taxable","14":"shipping-taxable","15":"purchasable","16":"product-type-simple"},"aioseo_notices":[],"locations":[{"id":19557,"name":"Pieg\u0101d\u0101ja noliktav\u0101 (5-7dd.d)","slug":"innpro_stock_location","quantity":"46"},{"id":19558,"name":"R\u012bgas veikals (0-2dd.d)","slug":"local_stock_location","quantity":"0"}],"_links":{"self":[{"href":"https:\/\/elektrons.lv\/lv\/wp-json\/wp\/v2\/product\/79926","targetHints":{"allow":["GET"]}}],"collection":[{"href":"https:\/\/elektrons.lv\/lv\/wp-json\/wp\/v2\/product"}],"about":[{"href":"https:\/\/elektrons.lv\/lv\/wp-json\/wp\/v2\/types\/product"}],"replies":[{"embeddable":true,"href":"https:\/\/elektrons.lv\/lv\/wp-json\/wp\/v2\/comments?post=79926"}],"wp:featuredmedia":[{"embeddable":true,"href":"https:\/\/elektrons.lv\/lv\/wp-json\/wp\/v2\/media\/99880"}],"wp:attachment":[{"href":"https:\/\/elektrons.lv\/lv\/wp-json\/wp\/v2\/media?parent=79926"}],"wp:term":[{"taxonomy":"location","embeddable":true,"href":"https:\/\/elektrons.lv\/lv\/wp-json\/wp\/v2\/location?post=79926"},{"taxonomy":"product_brand","embeddable":true,"href":"https:\/\/elektrons.lv\/lv\/wp-json\/wp\/v2\/product_brand?post=79926"},{"taxonomy":"product_cat","embeddable":true,"href":"https:\/\/elektrons.lv\/lv\/wp-json\/wp\/v2\/product_cat?post=79926"},{"taxonomy":"product_tag","embeddable":true,"href":"https:\/\/elektrons.lv\/lv\/wp-json\/wp\/v2\/product_tag?post=79926"}],"curies":[{"name":"wp","href":"https:\/\/api.w.org\/{rel}","templated":true}]}}