{"id":79931,"date":"2026-05-14T09:38:08","date_gmt":"2026-05-14T09:38:08","guid":{"rendered":"https:\/\/elektrons.lv\/Prece\/cellphone-mount-sunnylife-for-osmo-pocket-3\/"},"modified":"2026-05-15T07:49:02","modified_gmt":"2026-05-15T07:49:02","slug":"cellphone-mount-sunnylife-for-osmo-pocket-3","status":"publish","type":"product","link":"https:\/\/elektrons.lv\/lv\/Prece\/cellphone-mount-sunnylife-for-osmo-pocket-3\/","title":{"rendered":"Cellphone Mount Sunnylife for Osmo Pocket 3"},"content":{"rendered":"<h3>Cellphone Mount Sunnylife for Osmo Pocket 3<\/h3>\n<p>If you&#8217;re an Osmo Pocket 3 owner and want to enjoy an even larger screen during your filming adventures, the Sunnylife phone holder is the solution you&#8217;re looking for. It allows you to mount your phone in front of the device, opening up completely new possibilities for you.<\/p>\n<p><img decoding=\"async\" src=\"https:\/\/assets.innpro.pl\/2857\/3070\/5.jpg\" border=\"0\" alt=\"\"><\/p>\n<h3>Perfect Fit<\/h3>\n<p>No need to worry whether the holder will fit your Osmo Pocket 3 &#8211; it is specifically designed with this camera in mind. This ensures that your devices work perfectly together. Moreover, the Osmo Pocket 3 with the mounted holder can stably stand on various surfaces, making video recording even more versatile. Whether you&#8217;re working at a desk or out in the field, the holder will be a reliable companion!<\/p>\n<p><img decoding=\"async\" src=\"https:\/\/assets.innpro.pl\/2857\/3070\/4.jpg\" border=\"0\" alt=\"\"><\/p>\n<h3>Convenient and Practical<\/h3>\n<p>The holder is carefully designed not to interfere with one-handed operation. This gives you full control over your camera and allows you to freely capture every moment. Want to use your Osmo Pocket 3 with a tripod? No problem &#8211; the holder is equipped with a standard 1\/4 inch screw hole, meaning you can easily mount it on a tripod or other similar accessory.<\/p>\n<p><img decoding=\"async\" src=\"https:\/\/assets.innpro.pl\/2857\/3070\/1.jpg\" border=\"0\" alt=\"\"><\/p>\n<h3>Ready for Action<\/h3>\n<p>Know that your phone is safe. The Sunnylife phone holder has a soft finish that protects against scratches and damages that might occur during use. Moreover, its installation is hassle-free! Start recording amazing videos using the Sunnylife phone holder.<\/p>\n<p><img decoding=\"async\" src=\"https:\/\/assets.innpro.pl\/2857\/3070\/7.jpg\" border=\"0\" alt=\"\"><\/p>\n<div class=\"table-wrapper\">\n<h3><\/h3>\n<table>\n<tbody>\n<tr>\n<th>Ra\u017eot\u0101js<\/th>\n<td>Sunnylife<\/td>\n<\/tr>\n<tr>\n<th>Modelis<\/th>\n<td>OP3-ZJ747<\/td>\n<\/tr>\n<tr>\n<th>Sader\u012bba<\/th>\n<td>Osmo Pocket 3<\/td>\n<\/tr>\n<\/tbody>\n<\/table>\n<\/div>","protected":false},"excerpt":{"rendered":"<p>Cellphone Mount Sunnylife for Osmo Pocket 3 If you&#8217;re an Osmo Pocket 3 owner and want to enjoy an even larger screen during your filming adventures, the Sunnylife phone holder is the solution you&#8217;re looking for. It allows you to mount your phone in front of the device, opening up completely new possibilities for you. [&#8230;]\n","protected":false},"featured_media":99868,"comment_status":"open","ping_status":"closed","template":"","meta":[],"location":[19557,19558],"product_brand":[],"product_cat":[12111],"product_tag":[],"class_list":{"0":"post-79931","1":"product","2":"type-product","3":"status-publish","4":"has-post-thumbnail","6":"location-innpro_stock_location","7":"location-local_stock_location","8":"product_cat-straps-mounts-and-holders","10":"first","11":"instock","12":"sale","13":"taxable","14":"shipping-taxable","15":"purchasable","16":"product-type-simple"},"aioseo_notices":[],"locations":[{"id":19557,"name":"Pieg\u0101d\u0101ja noliktav\u0101 (5-7dd.d)","slug":"innpro_stock_location","quantity":"71"},{"id":19558,"name":"R\u012bgas veikals (0-2dd.d)","slug":"local_stock_location","quantity":"0"}],"_links":{"self":[{"href":"https:\/\/elektrons.lv\/lv\/wp-json\/wp\/v2\/product\/79931","targetHints":{"allow":["GET"]}}],"collection":[{"href":"https:\/\/elektrons.lv\/lv\/wp-json\/wp\/v2\/product"}],"about":[{"href":"https:\/\/elektrons.lv\/lv\/wp-json\/wp\/v2\/types\/product"}],"replies":[{"embeddable":true,"href":"https:\/\/elektrons.lv\/lv\/wp-json\/wp\/v2\/comments?post=79931"}],"wp:featuredmedia":[{"embeddable":true,"href":"https:\/\/elektrons.lv\/lv\/wp-json\/wp\/v2\/media\/99868"}],"wp:attachment":[{"href":"https:\/\/elektrons.lv\/lv\/wp-json\/wp\/v2\/media?parent=79931"}],"wp:term":[{"taxonomy":"location","embeddable":true,"href":"https:\/\/elektrons.lv\/lv\/wp-json\/wp\/v2\/location?post=79931"},{"taxonomy":"product_brand","embeddable":true,"href":"https:\/\/elektrons.lv\/lv\/wp-json\/wp\/v2\/product_brand?post=79931"},{"taxonomy":"product_cat","embeddable":true,"href":"https:\/\/elektrons.lv\/lv\/wp-json\/wp\/v2\/product_cat?post=79931"},{"taxonomy":"product_tag","embeddable":true,"href":"https:\/\/elektrons.lv\/lv\/wp-json\/wp\/v2\/product_tag?post=79931"}],"curies":[{"name":"wp","href":"https:\/\/api.w.org\/{rel}","templated":true}]}}