{"id":79986,"date":"2026-05-14T09:38:16","date_gmt":"2026-05-14T09:38:16","guid":{"rendered":"https:\/\/elektrons.lv\/Prece\/catlink-baymax-lite-intelligent-self-cleaning-cat-litter-box\/"},"modified":"2026-05-14T11:46:11","modified_gmt":"2026-05-14T11:46:11","slug":"catlink-baymax-lite-intelligent-self-cleaning-cat-litter-box","status":"publish","type":"product","link":"https:\/\/elektrons.lv\/lv\/Prece\/catlink-baymax-lite-intelligent-self-cleaning-cat-litter-box\/","title":{"rendered":"Catlink BayMax Lite intelligent self-cleaning cat litter box"},"content":{"rendered":"<h3>Catlink BayMax Lite intelligent self-cleaning cat litter box<\/h3>\n<p>The Catlink BayMax Lite intelligent litter box is designed for cats weighing 1.5 &#8211; 10 kg. It stands out with a capacity of 65 liters and is fully safe for your pet. What&#8217;s more, the litter box is compatible with different types of litter, and the app allows you to monitor your pet&#8217;s health. Note: the kit does not include deodorizing hydrogel and must be purchased separately.<\/p>\n<p>\n<img decoding=\"async\" border=\"0\" src=\"https:\/\/assets.innpro.pl\/5849\/6872\/3.jpg\"\/>\n<\/p>\n<h3>One-button cleaning<\/h3>\n<p>Forget about manually cleaning the litter box. The Catlink BayMax Lite has a built-in system that empties the litter box &#8211; just hold down the dedicated button for 3 seconds. To remove the waste bag, remove the top cover of the unit. In addition, a dedicated mode (available on the app) makes the litter completely clump the feces and then dumps it into the waste bag.<\/p>\n<p>\n<img decoding=\"async\" border=\"0\" src=\"https:\/\/assets.innpro.pl\/5849\/6872\/5.jpg\"\/>\n<\/p>\n<h3>Control from the app<\/h3>\n<p>Install the Catlink app and monitor your pet&#8217;s health. The app records every visit to the BayMax Lite and how much time it spends in it. It also provides information about your cat&#8217;s weight. Note: the feature to recognize more than one cat is an additional fee ($30 one time). It can be activated in the app.<\/p>\n<p>\n<img decoding=\"async\" border=\"0\" src=\"https:\/\/assets.innpro.pl\/5849\/6872\/4.jpg\"\/>\n<\/p>\n<h3>Thoughtful solutions<\/h3>\n<p>Catlink BayMax Lite is compatible with different types of litter: bentonite, mixed and tofu. It is recommended to change it every 5-7 days if you have one cat, or every 2-5 days if you own several cats. What&#8217;s more, the mat placed inside the litter box is antibacterial and resistant to leaks and pet claws. In addition, the built-in dual wheels make it easy to transport the unit. In addition, it will take up only 0.3 m\u00b3.<\/p>\n<p>\n<img decoding=\"async\" border=\"0\" src=\"https:\/\/assets.innpro.pl\/5849\/6872\/2.jpg\"\/>\n<\/p>\n<h3>Security system<\/h3>\n<p>The litter box is designed so that your pet can use it safely. It has an infrared sensor, motor protection and paw-snap protection. On the other hand, 4 gravity sensors make sure you don&#8217;t have to worry about the litter box tipping over.<\/p>\n<p>\n<img decoding=\"async\" border=\"0\" src=\"https:\/\/assets.innpro.pl\/5849\/6872\/9.jpg\"\/>\n<\/p>\n<h3>Iek\u013cauts:<\/h3>\n<ul class=\"list-disc pl-5\">\n<li>litter box<\/li>\n<li>baro\u0161anas avots<\/li>\n<li>dirt bag<\/li>\n<li>lieto\u0161anas pam\u0101c\u012bba<\/li>\n<\/ul>\n<div class=\"table-wrapper\">\n<p>\u00a0<\/p>\n<h3><\/h3>\n<table>\n<tbody>\n<tr>\n<th>Ra\u017eot\u0101js<\/th>\n<td>Catlink<\/td>\n<\/tr>\n<tr>\n<th>Modelis<\/th>\n<td>CL-CA-03<\/td>\n<\/tr>\n<tr>\n<th>Kr\u0101sa<\/th>\n<td>white<\/td>\n<\/tr>\n<tr>\n<th>Materi\u0101ls<\/th>\n<td>PP<\/td>\n<\/tr>\n<tr>\n<th>Nomin\u0101lais spriegums<\/th>\n<td>12V\/2A<\/td>\n<\/tr>\n<tr>\n<th>Intended use cats weighing<\/th>\n<td>1.5 &#8211; 10 kg<\/td>\n<\/tr>\n<tr>\n<th>Izm\u0113ri<\/th>\n<td>599 \u00d7 533 \u00d7 545 mm<\/td>\n<\/tr>\n<tr>\n<th>Svars<\/th>\n<td>11 kg<\/td>\n<\/tr>\n<\/tbody>\n<\/table>\n<\/div>","protected":false},"excerpt":{"rendered":"<p>Catlink BayMax Lite intelligent self-cleaning cat litter box The Catlink BayMax Lite intelligent litter box is designed for cats weighing 1.5 &#8211; 10 kg. It stands out with a capacity of 65 liters and is fully safe for your pet. What&#8217;s more, the litter box is compatible with different types of litter, and the app [&#8230;]\n","protected":false},"featured_media":99699,"comment_status":"open","ping_status":"closed","template":"","meta":[],"location":[19557,19558],"product_brand":[],"product_cat":[12913],"product_tag":[],"class_list":{"0":"post-79986","1":"product","2":"type-product","3":"status-publish","4":"has-post-thumbnail","6":"location-innpro_stock_location","7":"location-local_stock_location","8":"product_cat-smart-litter-boxes","10":"first","11":"outofstock","12":"taxable","13":"shipping-taxable","14":"purchasable","15":"product-type-simple"},"aioseo_notices":[],"locations":[{"id":19557,"name":"Pieg\u0101d\u0101ja noliktav\u0101 (5-7dd.d)","slug":"innpro_stock_location","quantity":"0"},{"id":19558,"name":"R\u012bgas veikals (0-2dd.d)","slug":"local_stock_location","quantity":"0"}],"_links":{"self":[{"href":"https:\/\/elektrons.lv\/lv\/wp-json\/wp\/v2\/product\/79986","targetHints":{"allow":["GET"]}}],"collection":[{"href":"https:\/\/elektrons.lv\/lv\/wp-json\/wp\/v2\/product"}],"about":[{"href":"https:\/\/elektrons.lv\/lv\/wp-json\/wp\/v2\/types\/product"}],"replies":[{"embeddable":true,"href":"https:\/\/elektrons.lv\/lv\/wp-json\/wp\/v2\/comments?post=79986"}],"wp:featuredmedia":[{"embeddable":true,"href":"https:\/\/elektrons.lv\/lv\/wp-json\/wp\/v2\/media\/99699"}],"wp:attachment":[{"href":"https:\/\/elektrons.lv\/lv\/wp-json\/wp\/v2\/media?parent=79986"}],"wp:term":[{"taxonomy":"location","embeddable":true,"href":"https:\/\/elektrons.lv\/lv\/wp-json\/wp\/v2\/location?post=79986"},{"taxonomy":"product_brand","embeddable":true,"href":"https:\/\/elektrons.lv\/lv\/wp-json\/wp\/v2\/product_brand?post=79986"},{"taxonomy":"product_cat","embeddable":true,"href":"https:\/\/elektrons.lv\/lv\/wp-json\/wp\/v2\/product_cat?post=79986"},{"taxonomy":"product_tag","embeddable":true,"href":"https:\/\/elektrons.lv\/lv\/wp-json\/wp\/v2\/product_tag?post=79986"}],"curies":[{"name":"wp","href":"https:\/\/api.w.org\/{rel}","templated":true}]}}