{"id":79991,"date":"2026-05-14T09:38:16","date_gmt":"2026-05-14T09:38:16","guid":{"rendered":"https:\/\/elektrons.lv\/Prece\/niimbot-thermal-labels-12x30-mm-stickers-195-pcs-white\/"},"modified":"2026-05-15T07:49:05","modified_gmt":"2026-05-15T07:49:05","slug":"niimbot-thermal-labels-12x30-mm-stickers-195-pcs-white","status":"publish","type":"product","link":"https:\/\/elektrons.lv\/lv\/Prece\/niimbot-thermal-labels-12x30-mm-stickers-195-pcs-white\/","title":{"rendered":"Niimbot Thermal Labels, 12&#215;30 mm stickers, 195 pcs (White)"},"content":{"rendered":"<h3>Niimbot Thermal Labels, 12&#215;30 mm, 195 pcs (White)<\/h3>\n<p>The set includes a roll that allows you to print 195 white labels measuring 12&#215;30 mm. It is designed for Niimbot thermal printers from the D and H1S series. It can be used to print prices, expiration dates, emoticons, serial numbers, etc.<\/p>\n<p>\n<img decoding=\"async\" alt=\"\" border=\"0\" src=\"https:\/\/assets.innpro.pl\/12232\/14524\/1.jpg\"\/>\n<\/p>\n<div class=\"table-wrapper\">\n<p>\u00a0<\/p>\n<h3><\/h3>\n<table>\n<tbody>\n<tr>\n<th>Ra\u017eot\u0101js<\/th>\n<td>Niimbot<\/td>\n<\/tr>\n<tr>\n<th>Modelis<\/th>\n<td>T12*30-195<\/td>\n<\/tr>\n<tr>\n<th>Kr\u0101sa<\/th>\n<td>Balts<\/td>\n<\/tr>\n<tr>\n<th>Sticker size<\/th>\n<td>12 x 30 mm<\/td>\n<\/tr>\n<tr>\n<th>Number of printed labels<\/th>\n<td>195<\/td>\n<\/tr>\n<tr>\n<th>Compatible with<\/th>\n<td>Niimbot D and H1S series<\/td>\n<\/tr>\n<\/tbody>\n<\/table>\n<\/div>","protected":false},"excerpt":{"rendered":"<p>Niimbot Thermal Labels, 12&#215;30 mm, 195 pcs (White) The set includes a roll that allows you to print 195 white labels measuring 12&#215;30 mm. It is designed for Niimbot thermal printers from the D and H1S series. It can be used to print prices, expiration dates, emoticons, serial numbers, etc. \u00a0 Manufacturer Niimbot Model T12*30-195 [&#8230;]\n","protected":false},"featured_media":99717,"comment_status":"open","ping_status":"closed","template":"","meta":[],"location":[19557,19558],"product_brand":[],"product_cat":[13815],"product_tag":[],"class_list":{"0":"post-79991","1":"product","2":"type-product","3":"status-publish","4":"has-post-thumbnail","6":"location-innpro_stock_location","7":"location-local_stock_location","8":"product_cat-labels","10":"first","11":"instock","12":"sale","13":"taxable","14":"shipping-taxable","15":"purchasable","16":"product-type-simple"},"aioseo_notices":[],"locations":[{"id":19557,"name":"Pieg\u0101d\u0101ja noliktav\u0101 (5-7dd.d)","slug":"innpro_stock_location","quantity":"296"},{"id":19558,"name":"R\u012bgas veikals (0-2dd.d)","slug":"local_stock_location","quantity":"0"}],"_links":{"self":[{"href":"https:\/\/elektrons.lv\/lv\/wp-json\/wp\/v2\/product\/79991","targetHints":{"allow":["GET"]}}],"collection":[{"href":"https:\/\/elektrons.lv\/lv\/wp-json\/wp\/v2\/product"}],"about":[{"href":"https:\/\/elektrons.lv\/lv\/wp-json\/wp\/v2\/types\/product"}],"replies":[{"embeddable":true,"href":"https:\/\/elektrons.lv\/lv\/wp-json\/wp\/v2\/comments?post=79991"}],"wp:featuredmedia":[{"embeddable":true,"href":"https:\/\/elektrons.lv\/lv\/wp-json\/wp\/v2\/media\/99717"}],"wp:attachment":[{"href":"https:\/\/elektrons.lv\/lv\/wp-json\/wp\/v2\/media?parent=79991"}],"wp:term":[{"taxonomy":"location","embeddable":true,"href":"https:\/\/elektrons.lv\/lv\/wp-json\/wp\/v2\/location?post=79991"},{"taxonomy":"product_brand","embeddable":true,"href":"https:\/\/elektrons.lv\/lv\/wp-json\/wp\/v2\/product_brand?post=79991"},{"taxonomy":"product_cat","embeddable":true,"href":"https:\/\/elektrons.lv\/lv\/wp-json\/wp\/v2\/product_cat?post=79991"},{"taxonomy":"product_tag","embeddable":true,"href":"https:\/\/elektrons.lv\/lv\/wp-json\/wp\/v2\/product_tag?post=79991"}],"curies":[{"name":"wp","href":"https:\/\/api.w.org\/{rel}","templated":true}]}}